{"id":1017,"date":"2023-06-05T17:12:40","date_gmt":"2023-06-05T15:12:40","guid":{"rendered":"https:\/\/transit.alice.ch\/?page_id=1017"},"modified":"2025-02-04T16:07:04","modified_gmt":"2025-02-04T15:07:04","slug":"themen","status":"publish","type":"page","link":"https:\/\/thinktank-transit.ch\/de\/themen\/","title":{"rendered":"Themen"},"content":{"rendered":"\n<h1 class=\"wp-block-heading\">Unsere Themen<\/h1>\n\n\n\n<div class=\"wp-block-group is-style-reduced-width is-layout-constrained wp-block-group-is-layout-constrained\">\n<p>Der Think-Tank TRANSIT widmet sich etwa jedes Jahr einem neuen Schwerpunktthema. Das Thema sollte f\u00fcr die Zukunft der Erwachsenenbildung von Bedeutung sein. Es gibt den Rahmen f\u00fcr die Fragen und Diskussionen vor, die TRANSIT verfolgt. Am Ende eines jeden Schwerpunktthemas fasst ein Trendbericht die Inhalte zusammen und skizziert Zukunftsperspektiven f\u00fcr die Erwachsenenbildung.<\/p>\n\n\n\n<p>In einer Umfrage hat die Community die M\u00f6glichkeit, dem TRANSIT-Team neue Themen vorzuschlagen, \u00fcber Themenvorschl\u00e4ge abzustimmen und auf besonders wichtige Aspekte hinzuweisen. Auf der Grundlage der Umfrage w\u00e4hlt das TRANSIT-Team dann das neue Thema aus.<\/p>\n\n\n\n<div class=\"wp-block-media-text alignwide is-stacked-on-mobile is-style-icon-text\"><figure class=\"wp-block-media-text__media\"><a href=\"https:\/\/thinktank-transit.ch\/de\/themen\/fokusthemen\/\"><img decoding=\"async\" src=\"https:\/\/alice.ch\/app\/uploads\/2022\/10\/icon-stellenmarkt-1.png\" alt=\"\" class=\"wp-image-6061 size-full\"\/><\/a><\/figure><div class=\"wp-block-media-text__content\">\n<h2 class=\"wp-block-heading\"><a href=\"https:\/\/thinktank-transit.ch\/de\/themen\/fokusthemen\/\">Fokusthemen<\/a><\/h2>\n\n\n\n<p>Unter dem Fokusthema diskutieren wir in aller K\u00fcrze, wie das Lernen und die Weiterbildung der Zukunft durch Entwicklungen in Gesellschaft und Arbeitswelt beeinflusst werden k\u00f6nnten. Wir formulieren Perspektiven und stellen Fragen, die verschiedene Akteure der Weiterbildung zum Nachdenken \u00fcber die eigene Rolle im Transformationsprozess auffordern. Die Beitr\u00e4ge nehmen Bezug zum aktuellen Schwerpunktthema des Think-Tank TRANSIT.<\/p>\n<\/div><\/div>\n\n\n\n<hr class=\"wp-block-separator has-alpha-channel-opacity is-style-wide\"\/>\n\n\n\n<div class=\"wp-block-media-text alignwide is-stacked-on-mobile is-style-icon-text\"><figure class=\"wp-block-media-text__media\"><a href=\"https:\/\/thinktank-transit.ch\/en\/topics\/dialogues\/\"><img decoding=\"async\" src=\"https:\/\/alice.ch\/app\/uploads\/2022\/10\/icon-stellenmarkt-1.png\" alt=\"\" class=\"wp-image-6061 size-full\"\/><\/a><\/figure><div class=\"wp-block-media-text__content\">\n<h2 class=\"wp-block-heading\"><a href=\"https:\/\/thinktank-transit.ch\/de\/topics\/dialogues\/\">Dialoge<\/a><\/h2>\n\n\n\n<p>In den Dialogen zur Zukunft der Weiterbildung sprechen wir mit Expertinnen und Expterten aus unterschiedlichen wissenschaftlichen Disziplinen.&nbsp; Ihr Wissen soll dazu beitragen, die Entwicklungen auf dem Feld der Weiterbildung in einem breiteren Kontext zu verstehen. Zu Wort kommen indes auch Wissenschafterlinnen und Wissenschaftler aus der Erwachsenenbildung. Sie tragen dazu bei, die Praxis zu reflektieren.<\/p>\n<\/div><\/div>\n\n\n\n<hr class=\"wp-block-separator has-alpha-channel-opacity is-style-wide\"\/>\n\n\n\n<div class=\"wp-block-media-text alignwide is-stacked-on-mobile is-style-icon-text\"><figure class=\"wp-block-media-text__media\"><a href=\"https:\/\/thinktank-transit.ch\/en\/topics\/short-posts\/\"><img decoding=\"async\" src=\"https:\/\/alice.ch\/app\/uploads\/2022\/10\/icon-stellenmarkt-1.png\" alt=\"\" class=\"wp-image-6061 size-full\"\/><\/a><\/figure><div class=\"wp-block-media-text__content\">\n<h2 class=\"wp-block-heading\"><a href=\"https:\/\/thinktank-transit.ch\/de\/topics\/short-posts\/\">Short Posts<\/a><\/h2>\n\n\n\n<p>In den Short Posts stellt Ihnen das TRANSIT-Team in kurzen Beitr\u00e4gen subjektive Eindr\u00fccke, interessante Entwicklungen oder vision\u00e4re Ideen vor. Auch Gastbeitr\u00e4ge aus der TRANSIT-Community sind m\u00f6glich. Die Beitr\u00e4ge sollen zum Weiterlesen und -denken anregen. Sie haben nicht den Anspruch, umfassend oder wissenschaftlich fundiert zu sein. Viel Spass bei der Lekt\u00fcre.<\/p>\n<\/div><\/div>\n\n\n\n<hr class=\"wp-block-separator has-alpha-channel-opacity is-style-wide\"\/>\n\n\n\n<h2 class=\"wp-block-heading\">Kontakt<\/h2>\n\n\n\n<div class=\"wp-block-columns is-layout-flex wp-container-core-columns-is-layout-28f84493 wp-block-columns-is-layout-flex\">\n<div class=\"wp-block-column is-layout-flow wp-block-column-is-layout-flow\" style=\"flex-basis:50%\"><div class=\"contact-persons\">\n\n\t\t\t\t\t<div class=\"contact-person\">\n\t\t\t\t\tDr. Helen Buchs<br \/>\t\t\t\t\tDirector TRANSIT<br \/>\t\t\t\t\t<br \/>\n\t\t\t\t\t\t\t\t\t\t\t\t\t\t\t<a href=\"mailto:helen.buchs@thinktank-transit.ch\">helen.buchs@thinktank-transit.ch<\/a><br \/>\t\t\t\t\t<\/div>\n\t\t\t\t\t<\/div>\n<\/div>\n\n\n\n<div class=\"wp-block-column is-layout-flow wp-block-column-is-layout-flow\" style=\"flex-basis:50%\"><\/div>\n<\/div>\n<\/div>\n","protected":false},"excerpt":{"rendered":"<p>Unsere Themen Der Think-Tank TRANSIT widmet sich etwa jedes Jahr einem neuen Schwerpunktthema. Das Thema sollte f\u00fcr die Zukunft der [&hellip;]<\/p>\n","protected":false},"author":1,"featured_media":0,"parent":0,"menu_order":7,"comment_status":"closed","ping_status":"closed","template":"","meta":{"_acf_changed":false,"inline_featured_image":false,"footnotes":""},"class_list":["post-1017","page","type-page","status-publish","hentry"],"acf":[],"yoast_head":"<!-- This site is optimized with the Yoast SEO plugin v27.3 - https:\/\/yoast.com\/product\/yoast-seo-wordpress\/ -->\n<title>Themen - TRANSIT<\/title>\n<meta name=\"description\" content=\"Der Think-Tank TRANSIT widmet sich etwa jedes Jahr einem neuen Schwerpunktthema.\" \/>\n<meta name=\"robots\" content=\"index, follow, max-snippet:-1, max-image-preview:large, max-video-preview:-1\" \/>\n<link rel=\"canonical\" href=\"https:\/\/thinktank-transit.ch\/de\/themen\/\" \/>\n<meta property=\"og:locale\" content=\"de_DE\" \/>\n<meta property=\"og:type\" content=\"article\" \/>\n<meta property=\"og:title\" content=\"Themen - TRANSIT\" \/>\n<meta property=\"og:description\" content=\"Der Think-Tank TRANSIT widmet sich etwa jedes Jahr einem neuen Schwerpunktthema.\" \/>\n<meta property=\"og:url\" content=\"https:\/\/thinktank-transit.ch\/de\/themen\/\" \/>\n<meta property=\"og:site_name\" content=\"TRANSIT\" \/>\n<meta property=\"article:modified_time\" content=\"2025-02-04T15:07:04+00:00\" \/>\n<meta name=\"twitter:card\" content=\"summary_large_image\" \/>\n<meta name=\"twitter:label1\" content=\"Gesch\u00e4tzte Lesezeit\" \/>\n\t<meta name=\"twitter:data1\" content=\"1\u00a0Minute\" \/>\n<script type=\"application\/ld+json\" class=\"yoast-schema-graph\">{\"@context\":\"https:\\\/\\\/schema.org\",\"@graph\":[{\"@type\":\"WebPage\",\"@id\":\"https:\\\/\\\/thinktank-transit.ch\\\/de\\\/themen\\\/\",\"url\":\"https:\\\/\\\/thinktank-transit.ch\\\/de\\\/themen\\\/\",\"name\":\"Themen - TRANSIT\",\"isPartOf\":{\"@id\":\"https:\\\/\\\/thinktank-transit.ch\\\/de\\\/#website\"},\"primaryImageOfPage\":{\"@id\":\"https:\\\/\\\/thinktank-transit.ch\\\/de\\\/themen\\\/#primaryimage\"},\"image\":{\"@id\":\"https:\\\/\\\/thinktank-transit.ch\\\/de\\\/themen\\\/#primaryimage\"},\"thumbnailUrl\":\"https:\\\/\\\/alice.ch\\\/app\\\/uploads\\\/2022\\\/10\\\/icon-stellenmarkt-1.png\",\"datePublished\":\"2023-06-05T15:12:40+00:00\",\"dateModified\":\"2025-02-04T15:07:04+00:00\",\"description\":\"Der Think-Tank TRANSIT widmet sich etwa jedes Jahr einem neuen Schwerpunktthema.\",\"breadcrumb\":{\"@id\":\"https:\\\/\\\/thinktank-transit.ch\\\/de\\\/themen\\\/#breadcrumb\"},\"inLanguage\":\"de\",\"potentialAction\":[{\"@type\":\"ReadAction\",\"target\":[\"https:\\\/\\\/thinktank-transit.ch\\\/de\\\/themen\\\/\"]}]},{\"@type\":\"ImageObject\",\"inLanguage\":\"de\",\"@id\":\"https:\\\/\\\/thinktank-transit.ch\\\/de\\\/themen\\\/#primaryimage\",\"url\":\"https:\\\/\\\/alice.ch\\\/app\\\/uploads\\\/2022\\\/10\\\/icon-stellenmarkt-1.png\",\"contentUrl\":\"https:\\\/\\\/alice.ch\\\/app\\\/uploads\\\/2022\\\/10\\\/icon-stellenmarkt-1.png\"},{\"@type\":\"BreadcrumbList\",\"@id\":\"https:\\\/\\\/thinktank-transit.ch\\\/de\\\/themen\\\/#breadcrumb\",\"itemListElement\":[{\"@type\":\"ListItem\",\"position\":1,\"name\":\"Home\",\"item\":\"https:\\\/\\\/thinktank-transit.ch\\\/de\\\/\"},{\"@type\":\"ListItem\",\"position\":2,\"name\":\"Themen\"}]},{\"@type\":\"WebSite\",\"@id\":\"https:\\\/\\\/thinktank-transit.ch\\\/de\\\/#website\",\"url\":\"https:\\\/\\\/thinktank-transit.ch\\\/de\\\/\",\"name\":\"TRANSIT\",\"description\":\"\",\"publisher\":{\"@id\":\"https:\\\/\\\/thinktank-transit.ch\\\/de\\\/#organization\"},\"alternateName\":\"Thinktank TRANSIT\",\"potentialAction\":[{\"@type\":\"SearchAction\",\"target\":{\"@type\":\"EntryPoint\",\"urlTemplate\":\"https:\\\/\\\/thinktank-transit.ch\\\/de\\\/?s={search_term_string}\"},\"query-input\":{\"@type\":\"PropertyValueSpecification\",\"valueRequired\":true,\"valueName\":\"search_term_string\"}}],\"inLanguage\":\"de\"},{\"@type\":\"Organization\",\"@id\":\"https:\\\/\\\/thinktank-transit.ch\\\/de\\\/#organization\",\"name\":\"Think Tank TRANSIT\",\"alternateName\":\"TRANSIT\",\"url\":\"https:\\\/\\\/thinktank-transit.ch\\\/de\\\/\",\"logo\":{\"@type\":\"ImageObject\",\"inLanguage\":\"de\",\"@id\":\"https:\\\/\\\/thinktank-transit.ch\\\/de\\\/#\\\/schema\\\/logo\\\/image\\\/\",\"url\":\"https:\\\/\\\/thinktank-transit.ch\\\/app\\\/uploads\\\/sites\\\/3\\\/2023\\\/06\\\/transit.svg\",\"contentUrl\":\"https:\\\/\\\/thinktank-transit.ch\\\/app\\\/uploads\\\/sites\\\/3\\\/2023\\\/06\\\/transit.svg\",\"width\":284,\"height\":48,\"caption\":\"Think Tank TRANSIT\"},\"image\":{\"@id\":\"https:\\\/\\\/thinktank-transit.ch\\\/de\\\/#\\\/schema\\\/logo\\\/image\\\/\"}}]}<\/script>\n<!-- \/ Yoast SEO plugin. -->","yoast_head_json":{"title":"Themen - TRANSIT","description":"Der Think-Tank TRANSIT widmet sich etwa jedes Jahr einem neuen Schwerpunktthema.","robots":{"index":"index","follow":"follow","max-snippet":"max-snippet:-1","max-image-preview":"max-image-preview:large","max-video-preview":"max-video-preview:-1"},"canonical":"https:\/\/thinktank-transit.ch\/de\/themen\/","og_locale":"de_DE","og_type":"article","og_title":"Themen - TRANSIT","og_description":"Der Think-Tank TRANSIT widmet sich etwa jedes Jahr einem neuen Schwerpunktthema.","og_url":"https:\/\/thinktank-transit.ch\/de\/themen\/","og_site_name":"TRANSIT","article_modified_time":"2025-02-04T15:07:04+00:00","twitter_card":"summary_large_image","twitter_misc":{"Gesch\u00e4tzte Lesezeit":"1\u00a0Minute"},"schema":{"@context":"https:\/\/schema.org","@graph":[{"@type":"WebPage","@id":"https:\/\/thinktank-transit.ch\/de\/themen\/","url":"https:\/\/thinktank-transit.ch\/de\/themen\/","name":"Themen - TRANSIT","isPartOf":{"@id":"https:\/\/thinktank-transit.ch\/de\/#website"},"primaryImageOfPage":{"@id":"https:\/\/thinktank-transit.ch\/de\/themen\/#primaryimage"},"image":{"@id":"https:\/\/thinktank-transit.ch\/de\/themen\/#primaryimage"},"thumbnailUrl":"https:\/\/alice.ch\/app\/uploads\/2022\/10\/icon-stellenmarkt-1.png","datePublished":"2023-06-05T15:12:40+00:00","dateModified":"2025-02-04T15:07:04+00:00","description":"Der Think-Tank TRANSIT widmet sich etwa jedes Jahr einem neuen Schwerpunktthema.","breadcrumb":{"@id":"https:\/\/thinktank-transit.ch\/de\/themen\/#breadcrumb"},"inLanguage":"de","potentialAction":[{"@type":"ReadAction","target":["https:\/\/thinktank-transit.ch\/de\/themen\/"]}]},{"@type":"ImageObject","inLanguage":"de","@id":"https:\/\/thinktank-transit.ch\/de\/themen\/#primaryimage","url":"https:\/\/alice.ch\/app\/uploads\/2022\/10\/icon-stellenmarkt-1.png","contentUrl":"https:\/\/alice.ch\/app\/uploads\/2022\/10\/icon-stellenmarkt-1.png"},{"@type":"BreadcrumbList","@id":"https:\/\/thinktank-transit.ch\/de\/themen\/#breadcrumb","itemListElement":[{"@type":"ListItem","position":1,"name":"Home","item":"https:\/\/thinktank-transit.ch\/de\/"},{"@type":"ListItem","position":2,"name":"Themen"}]},{"@type":"WebSite","@id":"https:\/\/thinktank-transit.ch\/de\/#website","url":"https:\/\/thinktank-transit.ch\/de\/","name":"TRANSIT","description":"","publisher":{"@id":"https:\/\/thinktank-transit.ch\/de\/#organization"},"alternateName":"Thinktank TRANSIT","potentialAction":[{"@type":"SearchAction","target":{"@type":"EntryPoint","urlTemplate":"https:\/\/thinktank-transit.ch\/de\/?s={search_term_string}"},"query-input":{"@type":"PropertyValueSpecification","valueRequired":true,"valueName":"search_term_string"}}],"inLanguage":"de"},{"@type":"Organization","@id":"https:\/\/thinktank-transit.ch\/de\/#organization","name":"Think Tank TRANSIT","alternateName":"TRANSIT","url":"https:\/\/thinktank-transit.ch\/de\/","logo":{"@type":"ImageObject","inLanguage":"de","@id":"https:\/\/thinktank-transit.ch\/de\/#\/schema\/logo\/image\/","url":"https:\/\/thinktank-transit.ch\/app\/uploads\/sites\/3\/2023\/06\/transit.svg","contentUrl":"https:\/\/thinktank-transit.ch\/app\/uploads\/sites\/3\/2023\/06\/transit.svg","width":284,"height":48,"caption":"Think Tank TRANSIT"},"image":{"@id":"https:\/\/thinktank-transit.ch\/de\/#\/schema\/logo\/image\/"}}]}},"_links":{"self":[{"href":"https:\/\/thinktank-transit.ch\/de\/wp-json\/wp\/v2\/pages\/1017","targetHints":{"allow":["GET"]}}],"collection":[{"href":"https:\/\/thinktank-transit.ch\/de\/wp-json\/wp\/v2\/pages"}],"about":[{"href":"https:\/\/thinktank-transit.ch\/de\/wp-json\/wp\/v2\/types\/page"}],"author":[{"embeddable":true,"href":"https:\/\/thinktank-transit.ch\/de\/wp-json\/wp\/v2\/users\/1"}],"replies":[{"embeddable":true,"href":"https:\/\/thinktank-transit.ch\/de\/wp-json\/wp\/v2\/comments?post=1017"}],"version-history":[{"count":5,"href":"https:\/\/thinktank-transit.ch\/de\/wp-json\/wp\/v2\/pages\/1017\/revisions"}],"predecessor-version":[{"id":3614,"href":"https:\/\/thinktank-transit.ch\/de\/wp-json\/wp\/v2\/pages\/1017\/revisions\/3614"}],"wp:attachment":[{"href":"https:\/\/thinktank-transit.ch\/de\/wp-json\/wp\/v2\/media?parent=1017"}],"curies":[{"name":"wp","href":"https:\/\/api.w.org\/{rel}","templated":true}]}}