{"id":1022,"date":"2023-06-05T17:13:16","date_gmt":"2023-06-05T15:13:16","guid":{"rendered":"https:\/\/transit.alice.ch\/topics-2\/focus-topics\/"},"modified":"2023-07-14T16:54:21","modified_gmt":"2023-07-14T14:54:21","slug":"fokusthemen","status":"publish","type":"page","link":"https:\/\/thinktank-transit.ch\/de\/themen\/fokusthemen\/","title":{"rendered":"Fokusthemen"},"content":{"rendered":"\n<div class=\"wp-block-group is-style-reduced-width is-layout-constrained wp-block-group-is-layout-constrained\">\n<h1 class=\"wp-block-heading\">TRANSIT-Fokusthemen<\/h1>\n\n\n\n<p class=\"is-style-lead\">Unter dem Fokusthema diskutieren wir in aller K\u00fcrze, wie das Lernen und die Weiterbildung der Zukunft durch Entwicklungen in Gesellschaft und Arbeitswelt beeinflusst werden k\u00f6nnten. Wir formulieren Perspektiven und stellen Fragen, die verschiedene Akteure der Weiterbildung zum Nachdenken \u00fcber die eigene Rolle im Transformationsprozess auffordern. Die Beitr\u00e4ge nehmen Bezug zum aktuellen Schwerpunktthema des Think-Tank TRANSIT.<\/p>\n\n\n\n<h2 class=\"wp-block-heading\">Aktuelles Fokusthema <\/h2>\n\n\n\n<p>Future Skills sind Kompetenzen, die in der Zukunft in verschiedenen Bereichen des Lebens besonders wichtig werden d\u00fcrften. Sie sollen Individuen erlauben, mit den Anforderungen einer sich ver\u00e4ndernden Welt umzugehen und die Zukunft aktiv zu gestalten. Future Skills d\u00fcrften zur L\u00f6sung gesellschaftlicher Probleme beitragen, indem sie helfen, auf Entwicklungen zu reagieren, neue Lebensformen zu finden und neue Arbeitsaufgaben effektiv zu erf\u00fcllen. Der Think-Tank TRANSIT wird sich nun w\u00e4hrend gut einem Jahr diesem Thema widmen.<\/p>\n<\/div>\n\n\n\n<div class=\"wp-block-query is-style-mobile-slider is-layout-flow wp-block-query-is-layout-flow\"><ul class=\"is-flex-container columns-3 wp-block-post-template is-layout-flow wp-block-post-template-is-layout-flow\"><li class=\"wp-block-post post-3858 focustopic type-focustopic status-publish has-post-thumbnail hentry focustopic-category-aktuell focustopic-topic-future-skills\">\n<figure class=\"wp-block-post-featured-image\"><a href=\"https:\/\/thinktank-transit.ch\/de\/focustopic\/future-skills-und-die-zukunft-der-weiterbildung-vierter-trendbericht\/\" target=\"_self\"  ><img decoding=\"async\" width=\"2500\" height=\"1306\" src=\"https:\/\/thinktank-transit.ch\/app\/uploads\/sites\/3\/2025\/07\/transit-trendbericht-future-skills.png\" class=\"attachment-post-thumbnail size-post-thumbnail wp-post-image\" alt=\"Future Skills und die Zukunft der Weiterbildung: Vierter Trendbericht\" style=\"object-fit:cover;\" srcset=\"https:\/\/thinktank-transit.ch\/app\/uploads\/sites\/3\/2025\/07\/transit-trendbericht-future-skills.png 2500w, https:\/\/thinktank-transit.ch\/app\/uploads\/sites\/3\/2025\/07\/transit-trendbericht-future-skills-300x157.png 300w, https:\/\/thinktank-transit.ch\/app\/uploads\/sites\/3\/2025\/07\/transit-trendbericht-future-skills-1024x535.png 1024w, https:\/\/thinktank-transit.ch\/app\/uploads\/sites\/3\/2025\/07\/transit-trendbericht-future-skills-768x401.png 768w, https:\/\/thinktank-transit.ch\/app\/uploads\/sites\/3\/2025\/07\/transit-trendbericht-future-skills-1536x802.png 1536w, https:\/\/thinktank-transit.ch\/app\/uploads\/sites\/3\/2025\/07\/transit-trendbericht-future-skills-2048x1070.png 2048w\" sizes=\"(max-width: 2500px) 100vw, 2500px\" \/><\/a><\/figure>\n\n<div class=\"taxonomy-focustopic-topic wp-block-post-terms\"><a href=\"https:\/\/thinktank-transit.ch\/de\/focustopic-topic\/future-skills\/\" rel=\"tag\">Future Skills<\/a><\/div>\n\n<div class=\"wp-block-post-date\"><time datetime=\"2025-07-11T09:24:47+02:00\">11. Juli 2025<\/time><\/div>\n\n<h3 class=\"wp-block-post-title\"><a href=\"https:\/\/thinktank-transit.ch\/de\/focustopic\/future-skills-und-die-zukunft-der-weiterbildung-vierter-trendbericht\/\" target=\"_self\" >Future Skills und die Zukunft der Weiterbildung: Vierter Trendbericht<\/a><\/h3>\n\n<div class=\"wp-block-post-excerpt\"><p class=\"wp-block-post-excerpt__excerpt\">Der vierte Trendbericht des Think Tanks TRANSIT widmet sich der Bedeutung von Future Skills f\u00fcr die zuk\u00fcnftige Ausrichtung der Erwachsenenbildung. [&hellip;] <\/p><\/div>\n\n<a class=\"wp-block-query-loop-link is-style-minimal\" href=\"https:\/\/thinktank-transit.ch\/de\/focustopic\/future-skills-und-die-zukunft-der-weiterbildung-vierter-trendbericht\/\">Artikel lesen<\/a>\n\n<\/li><li class=\"wp-block-post post-2717 focustopic type-focustopic status-publish has-post-thumbnail hentry focustopic-category-aktuell focustopic-topic-future-skills\">\n<figure class=\"wp-block-post-featured-image\"><a href=\"https:\/\/thinktank-transit.ch\/de\/focustopic\/future-skills-konzepte-perspektiven-zukunft-der-weiterbildung\/\" target=\"_self\"  ><img decoding=\"async\" width=\"2560\" height=\"1707\" src=\"https:\/\/thinktank-transit.ch\/app\/uploads\/sites\/3\/2024\/02\/Future-Skills-6262451-scaled.jpg\" class=\"attachment-post-thumbnail size-post-thumbnail wp-post-image\" alt=\"Future Skills-Konzepte \u2013 Grundlage von Perspektiven f\u00fcr die Zukunft der Weiterbildung?\" style=\"object-fit:cover;\" srcset=\"https:\/\/thinktank-transit.ch\/app\/uploads\/sites\/3\/2024\/02\/Future-Skills-6262451-scaled.jpg 2560w, https:\/\/thinktank-transit.ch\/app\/uploads\/sites\/3\/2024\/02\/Future-Skills-6262451-300x200.jpg 300w, https:\/\/thinktank-transit.ch\/app\/uploads\/sites\/3\/2024\/02\/Future-Skills-6262451-1024x683.jpg 1024w, https:\/\/thinktank-transit.ch\/app\/uploads\/sites\/3\/2024\/02\/Future-Skills-6262451-768x512.jpg 768w, https:\/\/thinktank-transit.ch\/app\/uploads\/sites\/3\/2024\/02\/Future-Skills-6262451-1536x1024.jpg 1536w, https:\/\/thinktank-transit.ch\/app\/uploads\/sites\/3\/2024\/02\/Future-Skills-6262451-2048x1365.jpg 2048w\" sizes=\"(max-width: 2560px) 100vw, 2560px\" \/><\/a><\/figure>\n\n<div class=\"taxonomy-focustopic-topic wp-block-post-terms\"><a href=\"https:\/\/thinktank-transit.ch\/de\/focustopic-topic\/future-skills\/\" rel=\"tag\">Future Skills<\/a><\/div>\n\n<div class=\"wp-block-post-date\"><time datetime=\"2024-02-26T14:06:33+01:00\">26. Februar 2024<\/time><\/div>\n\n<h3 class=\"wp-block-post-title\"><a href=\"https:\/\/thinktank-transit.ch\/de\/focustopic\/future-skills-konzepte-perspektiven-zukunft-der-weiterbildung\/\" target=\"_self\" >Future Skills-Konzepte \u2013 Grundlage von Perspektiven f\u00fcr die Zukunft der Weiterbildung?<\/a><\/h3>\n\n<div class=\"wp-block-post-excerpt\"><p class=\"wp-block-post-excerpt__excerpt\">Unter dem Begriff Future Skills behandelt der Think-Tank TRANSIT die Frage, welches Lernen von Erwachsenen es braucht, um die Herausforderungen der Zukunft angehen zu k\u00f6nnen. <\/p><\/div>\n\n<a class=\"wp-block-query-loop-link is-style-minimal\" href=\"https:\/\/thinktank-transit.ch\/de\/focustopic\/future-skills-konzepte-perspektiven-zukunft-der-weiterbildung\/\">Artikel lesen<\/a>\n\n<\/li><\/ul>\n\n<\/div>\n\n\n\n<div class=\"wp-block-group is-style-reduced-width is-layout-constrained wp-block-group-is-layout-constrained\">\n<h2 class=\"wp-block-heading\">Vergangene Fokusthemen<\/h2>\n\n\n\n<p>Flexibilisierung ist eine Entwicklung hin zu mehr Offenheit und Mobilit\u00e4t. Sie ist verbunden mit einer Aufl\u00f6sung traditioneller r\u00e4umlicher, zeitlicher oder organisatorischer Grenzen. Dar\u00fcber hinaus ist Flexibilisierung mit einer zunehmenden Individualisierung verbunden, die als \u00dcbergang des Individuums von der Fremd- zur Selbstbestimmung verstanden werden kann. Individuell erlebte Sinnhaftigkeit und der Zwang, z.B. den pers\u00f6nlichen Lebensverlauf zu gestalten, kennzeichnen flexibilisierte Gesellschaften.<\/p>\n\n\n\n<div class=\"wp-block-group has-cyan-bluish-gray-background-color has-background is-layout-constrained wp-block-group-is-layout-constrained\">\n<p class=\"is-style-default\">Alle Inhalte auf der TRANSIT-Website sind in Englisch und zus\u00e4tzlich jeweils auf Deutsch und\/oder Franz\u00f6sisch verf\u00fcgbar. Inhalte, die in Deutsch nicht verf\u00fcgbar sind, werden auf Englisch angezeigt und k\u00f6nnen auch auf der franz\u00f6sischsprachigen Unterseite abgerufen werden.<\/p>\n<\/div>\n<\/div>\n\n\n\n<div class=\"wp-block-query is-style-mobile-slider is-layout-flow wp-block-query-is-layout-flow\"><ul class=\"is-flex-container columns-3 wp-block-post-template is-layout-flow wp-block-post-template-is-layout-flow\"><li class=\"wp-block-post post-1359 focustopic type-focustopic status-publish has-post-thumbnail hentry focustopic-category-vergangen focustopic-topic-flexibilisierung\">\n<figure class=\"wp-block-post-featured-image\"><a href=\"https:\/\/thinktank-transit.ch\/de\/focustopic\/individualised-life-courses-as-an-opportunity-and-challenge-for-adult-education\/\" target=\"_self\"  ><img decoding=\"async\" width=\"1340\" height=\"564\" src=\"https:\/\/thinktank-transit.ch\/app\/uploads\/sites\/3\/2023\/06\/blog-headerbild.jpg\" class=\"attachment-post-thumbnail size-post-thumbnail wp-post-image\" alt=\"Individualisierte Lebensentw\u00fcrfe als Chance und Herausforderung f\u00fcr die Weiterbildung\" style=\"object-fit:cover;\" srcset=\"https:\/\/thinktank-transit.ch\/app\/uploads\/sites\/3\/2023\/06\/blog-headerbild.jpg 1340w, https:\/\/thinktank-transit.ch\/app\/uploads\/sites\/3\/2023\/06\/blog-headerbild-300x126.jpg 300w, https:\/\/thinktank-transit.ch\/app\/uploads\/sites\/3\/2023\/06\/blog-headerbild-1024x431.jpg 1024w, https:\/\/thinktank-transit.ch\/app\/uploads\/sites\/3\/2023\/06\/blog-headerbild-768x323.jpg 768w\" sizes=\"(max-width: 1340px) 100vw, 1340px\" \/><\/a><\/figure>\n\n<div class=\"taxonomy-focustopic-topic wp-block-post-terms\"><a href=\"https:\/\/thinktank-transit.ch\/de\/focustopic-topic\/flexibilisierung\/\" rel=\"tag\">Flexibilisierung<\/a><\/div>\n\n<div class=\"wp-block-post-date\"><time datetime=\"2023-06-08T10:57:00+02:00\">8. Juni 2023<\/time><\/div>\n\n<h3 class=\"wp-block-post-title\"><a href=\"https:\/\/thinktank-transit.ch\/de\/focustopic\/individualised-life-courses-as-an-opportunity-and-challenge-for-adult-education\/\" target=\"_self\" >Individualisierte Lebensentw\u00fcrfe als Chance und Herausforderung f\u00fcr die Weiterbildung<\/a><\/h3>\n\n<div class=\"wp-block-post-excerpt\"><p class=\"wp-block-post-excerpt__excerpt\">Der Trend hin zu individualisierten Lebensentw\u00fcrfen stellt die Weiterbildung vor eine Reihe von Chancen und Herausforderungen. <\/p><\/div>\n\n<a class=\"wp-block-query-loop-link is-style-minimal\" href=\"https:\/\/thinktank-transit.ch\/de\/focustopic\/individualised-life-courses-as-an-opportunity-and-challenge-for-adult-education\/\">Artikel lesen<\/a>\n\n<\/li><li class=\"wp-block-post post-1362 focustopic type-focustopic status-publish has-post-thumbnail hentry focustopic-category-vergangen focustopic-topic-flexibilisierung\">\n<figure class=\"wp-block-post-featured-image\"><a href=\"https:\/\/thinktank-transit.ch\/de\/focustopic\/ever-more-knowledge-and-sources-available-how-does-adult-education-deal-with-this-de\/\" target=\"_self\"  ><img decoding=\"async\" width=\"1200\" height=\"627\" src=\"https:\/\/thinktank-transit.ch\/app\/uploads\/sites\/3\/2023\/08\/aufgeschlagenes-buch.jpg\" class=\"attachment-post-thumbnail size-post-thumbnail wp-post-image\" alt=\"Immer mehr Wissen und Wissensquellen: Wie geht die Weiterbildung damit um?\u00a0\" style=\"object-fit:cover;\" srcset=\"https:\/\/thinktank-transit.ch\/app\/uploads\/sites\/3\/2023\/08\/aufgeschlagenes-buch.jpg 1200w, https:\/\/thinktank-transit.ch\/app\/uploads\/sites\/3\/2023\/08\/aufgeschlagenes-buch-300x157.jpg 300w, https:\/\/thinktank-transit.ch\/app\/uploads\/sites\/3\/2023\/08\/aufgeschlagenes-buch-1024x535.jpg 1024w, https:\/\/thinktank-transit.ch\/app\/uploads\/sites\/3\/2023\/08\/aufgeschlagenes-buch-768x401.jpg 768w\" sizes=\"(max-width: 1200px) 100vw, 1200px\" \/><\/a><\/figure>\n\n<div class=\"taxonomy-focustopic-topic wp-block-post-terms\"><a href=\"https:\/\/thinktank-transit.ch\/de\/focustopic-topic\/flexibilisierung\/\" rel=\"tag\">Flexibilisierung<\/a><\/div>\n\n<div class=\"wp-block-post-date\"><time datetime=\"2023-04-24T16:16:00+02:00\">24. April 2023<\/time><\/div>\n\n<h3 class=\"wp-block-post-title\"><a href=\"https:\/\/thinktank-transit.ch\/de\/focustopic\/ever-more-knowledge-and-sources-available-how-does-adult-education-deal-with-this-de\/\" target=\"_self\" >Immer mehr Wissen und Wissensquellen: Wie geht die Weiterbildung damit um?\u00a0<\/a><\/h3>\n\n<div class=\"wp-block-post-excerpt\"><p class=\"wp-block-post-excerpt__excerpt\">In modernen Gesellschaften gibt es immer mehr Wissen aus einer wachsenden Zahl von Wissensquellen. Dieser Beitrag geht der Frage nach, [&hellip;] <\/p><\/div>\n\n<a class=\"wp-block-query-loop-link is-style-minimal\" href=\"https:\/\/thinktank-transit.ch\/de\/focustopic\/ever-more-knowledge-and-sources-available-how-does-adult-education-deal-with-this-de\/\">Artikel lesen<\/a>\n\n<\/li><li class=\"wp-block-post post-1366 focustopic type-focustopic status-publish has-post-thumbnail hentry focustopic-category-vergangen focustopic-topic-flexibilisierung\">\n<figure class=\"wp-block-post-featured-image\"><a href=\"https:\/\/thinktank-transit.ch\/de\/focustopic\/new-values-in-work-and-adult-education-and-training-new-work-new-learning\/\" target=\"_self\"  ><img decoding=\"async\" width=\"1200\" height=\"627\" src=\"https:\/\/thinktank-transit.ch\/app\/uploads\/sites\/3\/2023\/08\/individual-learning-at-kitchen-table.png\" class=\"attachment-post-thumbnail size-post-thumbnail wp-post-image\" alt=\"New values in work and adult education and training: New Work = new learning?\" style=\"object-fit:cover;\" srcset=\"https:\/\/thinktank-transit.ch\/app\/uploads\/sites\/3\/2023\/08\/individual-learning-at-kitchen-table.png 1200w, https:\/\/thinktank-transit.ch\/app\/uploads\/sites\/3\/2023\/08\/individual-learning-at-kitchen-table-300x157.png 300w, https:\/\/thinktank-transit.ch\/app\/uploads\/sites\/3\/2023\/08\/individual-learning-at-kitchen-table-1024x535.png 1024w, https:\/\/thinktank-transit.ch\/app\/uploads\/sites\/3\/2023\/08\/individual-learning-at-kitchen-table-768x401.png 768w\" sizes=\"(max-width: 1200px) 100vw, 1200px\" \/><\/a><\/figure>\n\n<div class=\"taxonomy-focustopic-topic wp-block-post-terms\"><a href=\"https:\/\/thinktank-transit.ch\/de\/focustopic-topic\/flexibilisierung\/\" rel=\"tag\">Flexibilisierung<\/a><\/div>\n\n<div class=\"wp-block-post-date\"><time datetime=\"2023-03-14T16:12:00+01:00\">14. M\u00e4rz 2023<\/time><\/div>\n\n<h3 class=\"wp-block-post-title\"><a href=\"https:\/\/thinktank-transit.ch\/de\/focustopic\/new-values-in-work-and-adult-education-and-training-new-work-new-learning\/\" target=\"_self\" >New values in work and adult education and training: New Work = new learning?<\/a><\/h3>\n\n<div class=\"wp-block-post-excerpt\"><p class=\"wp-block-post-excerpt__excerpt\">Arbeit soll immer mehr zur Selbstverwirklichung beitragen und Sinn stiften. Beeinflusst dieser Trend auch die Weiterbildung? Dieser Fokusbeitrag diskutiert wie [&hellip;] <\/p><\/div>\n\n<a class=\"wp-block-query-loop-link is-style-minimal\" href=\"https:\/\/thinktank-transit.ch\/de\/focustopic\/new-values-in-work-and-adult-education-and-training-new-work-new-learning\/\">Artikel lesen<\/a>\n\n<\/li><\/ul>\n\n<\/div>\n\n\n\n<div class=\"wp-block-group is-style-reduced-width is-layout-constrained wp-block-group-is-layout-constrained\">\n<h2 class=\"wp-block-heading\">Seien Sie Teil der Diskussion<\/h2>\n\n\n\n<p>Sind Sie an unseren Themen interessiert und haben Vorschl\u00e4ge, welchen Aspekte und Fragestellungen TRANSIT nachgehen soll? Wir freuen uns auf ihre Inputs und Ideen.<\/p>\n<\/div>\n\n\n\n<h2 class=\"wp-block-heading\">Kontakt<\/h2>\n\n\n\n<div class=\"wp-block-columns is-layout-flex wp-container-core-columns-is-layout-28f84493 wp-block-columns-is-layout-flex\">\n<div class=\"wp-block-column is-layout-flow wp-block-column-is-layout-flow\" style=\"flex-basis:50%\"><div class=\"contact-persons\">\n\n\t\t\t\t\t<div class=\"contact-person\">\n\t\t\t\t\tDr. Helen Buchs<br \/>\t\t\t\t\tDirector TRANSIT<br \/>\t\t\t\t\t<br \/>\n\t\t\t\t\t\t\t\t\t\t\t\t\t\t\t<a href=\"mailto:helen.buchs@thinktank-transit.ch\">helen.buchs@thinktank-transit.ch<\/a><br \/>\t\t\t\t\t<\/div>\n\t\t\t\t\t<\/div>\n<\/div>\n\n\n\n<div class=\"wp-block-column is-layout-flow wp-block-column-is-layout-flow\" style=\"flex-basis:50%\"><\/div>\n<\/div>\n","protected":false},"excerpt":{"rendered":"<p>TRANSIT-Fokusthemen Unter dem Fokusthema diskutieren wir in aller K\u00fcrze, wie das Lernen und die Weiterbildung der Zukunft durch Entwicklungen in [&hellip;]<\/p>\n","protected":false},"author":1,"featured_media":0,"parent":1017,"menu_order":10,"comment_status":"closed","ping_status":"closed","template":"","meta":{"_acf_changed":false,"inline_featured_image":false,"footnotes":""},"class_list":["post-1022","page","type-page","status-publish","hentry"],"acf":[],"yoast_head":"<!-- This site is optimized with the Yoast SEO plugin v27.3 - https:\/\/yoast.com\/product\/yoast-seo-wordpress\/ -->\n<title>Fokusthemen - TRANSIT<\/title>\n<meta name=\"description\" content=\"Unter dem Fokusthema diskutieren wir, wie die Weiterbildung der Zukunft durch Entwicklungen in der Gesellschaft beeinflusst werden k\u00f6nnte.\" \/>\n<meta name=\"robots\" content=\"index, follow, max-snippet:-1, max-image-preview:large, max-video-preview:-1\" \/>\n<link rel=\"canonical\" href=\"https:\/\/thinktank-transit.ch\/de\/themen\/fokusthemen\/\" \/>\n<meta property=\"og:locale\" content=\"de_DE\" \/>\n<meta property=\"og:type\" content=\"article\" \/>\n<meta property=\"og:title\" content=\"Fokusthemen - TRANSIT\" \/>\n<meta property=\"og:description\" content=\"Unter dem Fokusthema diskutieren wir, wie die Weiterbildung der Zukunft durch Entwicklungen in der Gesellschaft beeinflusst werden k\u00f6nnte.\" \/>\n<meta property=\"og:url\" content=\"https:\/\/thinktank-transit.ch\/de\/themen\/fokusthemen\/\" \/>\n<meta property=\"og:site_name\" content=\"TRANSIT\" \/>\n<meta property=\"article:modified_time\" content=\"2023-07-14T14:54:21+00:00\" \/>\n<meta name=\"twitter:card\" content=\"summary_large_image\" \/>\n<meta name=\"twitter:label1\" content=\"Gesch\u00e4tzte Lesezeit\" \/>\n\t<meta name=\"twitter:data1\" content=\"1\u00a0Minute\" \/>\n<script type=\"application\/ld+json\" class=\"yoast-schema-graph\">{\"@context\":\"https:\\\/\\\/schema.org\",\"@graph\":[{\"@type\":\"WebPage\",\"@id\":\"https:\\\/\\\/thinktank-transit.ch\\\/de\\\/themen\\\/fokusthemen\\\/\",\"url\":\"https:\\\/\\\/thinktank-transit.ch\\\/de\\\/themen\\\/fokusthemen\\\/\",\"name\":\"Fokusthemen - TRANSIT\",\"isPartOf\":{\"@id\":\"https:\\\/\\\/thinktank-transit.ch\\\/de\\\/#website\"},\"datePublished\":\"2023-06-05T15:13:16+00:00\",\"dateModified\":\"2023-07-14T14:54:21+00:00\",\"description\":\"Unter dem Fokusthema diskutieren wir, wie die Weiterbildung der Zukunft durch Entwicklungen in der Gesellschaft beeinflusst werden k\u00f6nnte.\",\"breadcrumb\":{\"@id\":\"https:\\\/\\\/thinktank-transit.ch\\\/de\\\/themen\\\/fokusthemen\\\/#breadcrumb\"},\"inLanguage\":\"de\",\"potentialAction\":[{\"@type\":\"ReadAction\",\"target\":[\"https:\\\/\\\/thinktank-transit.ch\\\/de\\\/themen\\\/fokusthemen\\\/\"]}]},{\"@type\":\"BreadcrumbList\",\"@id\":\"https:\\\/\\\/thinktank-transit.ch\\\/de\\\/themen\\\/fokusthemen\\\/#breadcrumb\",\"itemListElement\":[{\"@type\":\"ListItem\",\"position\":1,\"name\":\"Home\",\"item\":\"https:\\\/\\\/thinktank-transit.ch\\\/de\\\/\"},{\"@type\":\"ListItem\",\"position\":2,\"name\":\"Themen\",\"item\":\"https:\\\/\\\/thinktank-transit.ch\\\/de\\\/themen\\\/\"},{\"@type\":\"ListItem\",\"position\":3,\"name\":\"Fokusthemen\"}]},{\"@type\":\"WebSite\",\"@id\":\"https:\\\/\\\/thinktank-transit.ch\\\/de\\\/#website\",\"url\":\"https:\\\/\\\/thinktank-transit.ch\\\/de\\\/\",\"name\":\"TRANSIT\",\"description\":\"\",\"publisher\":{\"@id\":\"https:\\\/\\\/thinktank-transit.ch\\\/de\\\/#organization\"},\"alternateName\":\"Thinktank TRANSIT\",\"potentialAction\":[{\"@type\":\"SearchAction\",\"target\":{\"@type\":\"EntryPoint\",\"urlTemplate\":\"https:\\\/\\\/thinktank-transit.ch\\\/de\\\/?s={search_term_string}\"},\"query-input\":{\"@type\":\"PropertyValueSpecification\",\"valueRequired\":true,\"valueName\":\"search_term_string\"}}],\"inLanguage\":\"de\"},{\"@type\":\"Organization\",\"@id\":\"https:\\\/\\\/thinktank-transit.ch\\\/de\\\/#organization\",\"name\":\"Think Tank TRANSIT\",\"alternateName\":\"TRANSIT\",\"url\":\"https:\\\/\\\/thinktank-transit.ch\\\/de\\\/\",\"logo\":{\"@type\":\"ImageObject\",\"inLanguage\":\"de\",\"@id\":\"https:\\\/\\\/thinktank-transit.ch\\\/de\\\/#\\\/schema\\\/logo\\\/image\\\/\",\"url\":\"https:\\\/\\\/thinktank-transit.ch\\\/app\\\/uploads\\\/sites\\\/3\\\/2023\\\/06\\\/transit.svg\",\"contentUrl\":\"https:\\\/\\\/thinktank-transit.ch\\\/app\\\/uploads\\\/sites\\\/3\\\/2023\\\/06\\\/transit.svg\",\"width\":284,\"height\":48,\"caption\":\"Think Tank TRANSIT\"},\"image\":{\"@id\":\"https:\\\/\\\/thinktank-transit.ch\\\/de\\\/#\\\/schema\\\/logo\\\/image\\\/\"}}]}<\/script>\n<!-- \/ Yoast SEO plugin. -->","yoast_head_json":{"title":"Fokusthemen - TRANSIT","description":"Unter dem Fokusthema diskutieren wir, wie die Weiterbildung der Zukunft durch Entwicklungen in der Gesellschaft beeinflusst werden k\u00f6nnte.","robots":{"index":"index","follow":"follow","max-snippet":"max-snippet:-1","max-image-preview":"max-image-preview:large","max-video-preview":"max-video-preview:-1"},"canonical":"https:\/\/thinktank-transit.ch\/de\/themen\/fokusthemen\/","og_locale":"de_DE","og_type":"article","og_title":"Fokusthemen - TRANSIT","og_description":"Unter dem Fokusthema diskutieren wir, wie die Weiterbildung der Zukunft durch Entwicklungen in der Gesellschaft beeinflusst werden k\u00f6nnte.","og_url":"https:\/\/thinktank-transit.ch\/de\/themen\/fokusthemen\/","og_site_name":"TRANSIT","article_modified_time":"2023-07-14T14:54:21+00:00","twitter_card":"summary_large_image","twitter_misc":{"Gesch\u00e4tzte Lesezeit":"1\u00a0Minute"},"schema":{"@context":"https:\/\/schema.org","@graph":[{"@type":"WebPage","@id":"https:\/\/thinktank-transit.ch\/de\/themen\/fokusthemen\/","url":"https:\/\/thinktank-transit.ch\/de\/themen\/fokusthemen\/","name":"Fokusthemen - TRANSIT","isPartOf":{"@id":"https:\/\/thinktank-transit.ch\/de\/#website"},"datePublished":"2023-06-05T15:13:16+00:00","dateModified":"2023-07-14T14:54:21+00:00","description":"Unter dem Fokusthema diskutieren wir, wie die Weiterbildung der Zukunft durch Entwicklungen in der Gesellschaft beeinflusst werden k\u00f6nnte.","breadcrumb":{"@id":"https:\/\/thinktank-transit.ch\/de\/themen\/fokusthemen\/#breadcrumb"},"inLanguage":"de","potentialAction":[{"@type":"ReadAction","target":["https:\/\/thinktank-transit.ch\/de\/themen\/fokusthemen\/"]}]},{"@type":"BreadcrumbList","@id":"https:\/\/thinktank-transit.ch\/de\/themen\/fokusthemen\/#breadcrumb","itemListElement":[{"@type":"ListItem","position":1,"name":"Home","item":"https:\/\/thinktank-transit.ch\/de\/"},{"@type":"ListItem","position":2,"name":"Themen","item":"https:\/\/thinktank-transit.ch\/de\/themen\/"},{"@type":"ListItem","position":3,"name":"Fokusthemen"}]},{"@type":"WebSite","@id":"https:\/\/thinktank-transit.ch\/de\/#website","url":"https:\/\/thinktank-transit.ch\/de\/","name":"TRANSIT","description":"","publisher":{"@id":"https:\/\/thinktank-transit.ch\/de\/#organization"},"alternateName":"Thinktank TRANSIT","potentialAction":[{"@type":"SearchAction","target":{"@type":"EntryPoint","urlTemplate":"https:\/\/thinktank-transit.ch\/de\/?s={search_term_string}"},"query-input":{"@type":"PropertyValueSpecification","valueRequired":true,"valueName":"search_term_string"}}],"inLanguage":"de"},{"@type":"Organization","@id":"https:\/\/thinktank-transit.ch\/de\/#organization","name":"Think Tank TRANSIT","alternateName":"TRANSIT","url":"https:\/\/thinktank-transit.ch\/de\/","logo":{"@type":"ImageObject","inLanguage":"de","@id":"https:\/\/thinktank-transit.ch\/de\/#\/schema\/logo\/image\/","url":"https:\/\/thinktank-transit.ch\/app\/uploads\/sites\/3\/2023\/06\/transit.svg","contentUrl":"https:\/\/thinktank-transit.ch\/app\/uploads\/sites\/3\/2023\/06\/transit.svg","width":284,"height":48,"caption":"Think Tank TRANSIT"},"image":{"@id":"https:\/\/thinktank-transit.ch\/de\/#\/schema\/logo\/image\/"}}]}},"_links":{"self":[{"href":"https:\/\/thinktank-transit.ch\/de\/wp-json\/wp\/v2\/pages\/1022","targetHints":{"allow":["GET"]}}],"collection":[{"href":"https:\/\/thinktank-transit.ch\/de\/wp-json\/wp\/v2\/pages"}],"about":[{"href":"https:\/\/thinktank-transit.ch\/de\/wp-json\/wp\/v2\/types\/page"}],"author":[{"embeddable":true,"href":"https:\/\/thinktank-transit.ch\/de\/wp-json\/wp\/v2\/users\/1"}],"replies":[{"embeddable":true,"href":"https:\/\/thinktank-transit.ch\/de\/wp-json\/wp\/v2\/comments?post=1022"}],"version-history":[{"count":9,"href":"https:\/\/thinktank-transit.ch\/de\/wp-json\/wp\/v2\/pages\/1022\/revisions"}],"predecessor-version":[{"id":2080,"href":"https:\/\/thinktank-transit.ch\/de\/wp-json\/wp\/v2\/pages\/1022\/revisions\/2080"}],"up":[{"embeddable":true,"href":"https:\/\/thinktank-transit.ch\/de\/wp-json\/wp\/v2\/pages\/1017"}],"wp:attachment":[{"href":"https:\/\/thinktank-transit.ch\/de\/wp-json\/wp\/v2\/media?parent=1022"}],"curies":[{"name":"wp","href":"https:\/\/api.w.org\/{rel}","templated":true}]}}