{"id":1033,"date":"2023-06-05T17:12:26","date_gmt":"2023-06-05T15:12:26","guid":{"rendered":"https:\/\/transit.alice.ch\/publications\/"},"modified":"2024-12-20T16:25:56","modified_gmt":"2024-12-20T15:25:56","slug":"publikationen","status":"publish","type":"page","link":"https:\/\/thinktank-transit.ch\/de\/publikationen\/","title":{"rendered":"Publikationen"},"content":{"rendered":"\n<h1 class=\"wp-block-heading\">Publikationen<\/h1>\n\n\n\n<div class=\"wp-block-group is-style-reduced-width is-layout-constrained wp-block-group-is-layout-constrained\">\n<p class=\"is-style-lead\">TRANSIT ver\u00f6ffentlicht B\u00fccher und Trendberichte \u00fcber die Zukunft der Weiterbildung. Die Publikationen sind in verschiedenen Sprachen erh\u00e4ltlich. Die Trendberichte sind als Download frei verf\u00fcgbar.<\/p>\n\n\n\n<div class=\"wp-block-media-text alignwide is-stacked-on-mobile is-vertically-aligned-top is-style-icon-text\"><figure class=\"wp-block-media-text__media\"><a href=\"https:\/\/thinktank-transit.ch\/en\/publications\/trend-reports\/\"><img decoding=\"async\" width=\"456\" height=\"348\" src=\"https:\/\/thinktank-transit.ch\/app\/uploads\/sites\/3\/2024\/12\/icon-ep.png\" alt=\"\" class=\"wp-image-3567 size-full\" srcset=\"https:\/\/thinktank-transit.ch\/app\/uploads\/sites\/3\/2024\/12\/icon-ep.png 456w, https:\/\/thinktank-transit.ch\/app\/uploads\/sites\/3\/2024\/12\/icon-ep-300x229.png 300w\" sizes=\"(max-width: 456px) 100vw, 456px\" \/><\/a><\/figure><div class=\"wp-block-media-text__content\">\n<h2 class=\"wp-block-heading\"><a href=\"https:\/\/thinktank-transit.ch\/de\/publications\/trend-reports\/\">Trendberichte<\/a><\/h2>\n\n\n\n<p>F\u00fcr die Zukunft der Weiterbildung ist es wichtig, die Potentiale gesellschaftlicher Entwicklungen zu nutzen. Da die Zukunft mit vielen Unsicherheiten verbunden ist, braucht es daf\u00fcr gut fundierte Analysen, aus welchen m\u00f6gliche Perspektiven f\u00fcr die Weiterbildung abgeleitet werden k\u00f6nnen.<\/p>\n\n\n\n<p>Die TRANSIT-Trendberichte nehmen dieses Anliegen auf. Sie diskutieren gesellschaftliche Entwicklungen und ihre Implikationen f\u00fcr die Zukunft der Weiterbildung. Die Analysen und Diskussionen haben zum Ziel, ein weites Blickfeld zu \u00f6ffnen. Auf dieser Grundlage entwerfen die Trendberichte Perspektiven, die als Orientierungspunkte f\u00fcr die zuk\u00fcnftige Gestaltung der Weiterbildung dienen sollen. Idealerweise inspirieren die Perspektiven dazu, aus dem Potential gesellschaftlicher Ver\u00e4nderungen zu sch\u00f6pfen, vertieft \u00fcber verschiedenste Fragen der Weiterbildung nachzudenken und anstehende Probleme zu l\u00f6sen.<\/p>\n\n\n\n<p>Die Trendberichte bilden den Abschluss eine Fokusthemas. Darin fliessen die Diskussionen und erarbeiteten Analysen ein, die zum Fokusthema stattgefunden haben.<\/p>\n<\/div><\/div>\n\n\n\n<hr class=\"wp-block-separator has-alpha-channel-opacity is-style-wide\"\/>\n\n\n\n<div class=\"wp-block-media-text alignwide is-stacked-on-mobile is-style-icon-text\"><figure class=\"wp-block-media-text__media\"><a href=\"https:\/\/thinktank-transit.ch\/en\/publications\/more-publications\/\"><img decoding=\"async\" width=\"242\" height=\"257\" src=\"https:\/\/thinktank-transit.ch\/app\/uploads\/sites\/3\/2024\/12\/icon-daten.png\" alt=\"\" class=\"wp-image-3571 size-full\"\/><\/a><\/figure><div class=\"wp-block-media-text__content\">\n<h2 class=\"wp-block-heading\"><a href=\"https:\/\/thinktank-transit.ch\/de\/publications\/more-publications\/\">Weitere Publikationen<\/a><\/h2>\n\n\n\n<p>Zus\u00e4tzlich zu den Trendberichten ver\u00f6ffentlicht TRANSIT diverse interessante Publikationen, welche die Zukunft der Weiterbildung thematisieren. Diese reichen von kurzen Beitr\u00e4gen hin bis zu B\u00fcchern.<\/p>\n<\/div><\/div>\n\n\n\n<hr class=\"wp-block-separator has-alpha-channel-opacity is-style-wide\"\/>\n\n\n\n<h2 class=\"wp-block-heading\">Kontakt<\/h2>\n\n\n\n<div class=\"wp-block-columns is-layout-flex wp-container-core-columns-is-layout-28f84493 wp-block-columns-is-layout-flex\">\n<div class=\"wp-block-column is-layout-flow wp-block-column-is-layout-flow\" style=\"flex-basis:50%\"><div class=\"contact-persons\">\n\n\t\t\t\t\t<div class=\"contact-person\">\n\t\t\t\t\tDr. Helen Buchs<br \/>\t\t\t\t\tDirector TRANSIT<br \/>\t\t\t\t\t<br \/>\n\t\t\t\t\t\t\t\t\t\t\t\t\t\t\t<a href=\"mailto:helen.buchs@thinktank-transit.ch\">helen.buchs@thinktank-transit.ch<\/a><br \/>\t\t\t\t\t<\/div>\n\t\t\t\t\t<\/div>\n<\/div>\n\n\n\n<div class=\"wp-block-column is-layout-flow wp-block-column-is-layout-flow\" style=\"flex-basis:50%\"><\/div>\n<\/div>\n<\/div>\n","protected":false},"excerpt":{"rendered":"<p>Publikationen TRANSIT ver\u00f6ffentlicht B\u00fccher und Trendberichte \u00fcber die Zukunft der Weiterbildung. Die Publikationen sind in verschiedenen Sprachen erh\u00e4ltlich. Die Trendberichte [&hellip;]<\/p>\n","protected":false},"author":1,"featured_media":0,"parent":0,"menu_order":19,"comment_status":"closed","ping_status":"closed","template":"","meta":{"_acf_changed":false,"inline_featured_image":false,"footnotes":""},"class_list":["post-1033","page","type-page","status-publish","hentry"],"acf":[],"yoast_head":"<!-- This site is optimized with the Yoast SEO plugin v27.3 - https:\/\/yoast.com\/product\/yoast-seo-wordpress\/ -->\n<title>Publikationen - TRANSIT<\/title>\n<meta name=\"description\" content=\"TRANSIT ver\u00f6ffentlicht Trendberichte und weitere Publikationen \u00fcber die Zukunft der Weiterbildung. Sie sind als Download frei verf\u00fcgbar.\" \/>\n<meta name=\"robots\" content=\"index, follow, max-snippet:-1, max-image-preview:large, max-video-preview:-1\" \/>\n<link rel=\"canonical\" href=\"https:\/\/thinktank-transit.ch\/de\/publikationen\/\" \/>\n<meta property=\"og:locale\" content=\"de_DE\" \/>\n<meta property=\"og:type\" content=\"article\" \/>\n<meta property=\"og:title\" content=\"Publikationen - TRANSIT\" \/>\n<meta property=\"og:description\" content=\"TRANSIT ver\u00f6ffentlicht Trendberichte und weitere Publikationen \u00fcber die Zukunft der Weiterbildung. Sie sind als Download frei verf\u00fcgbar.\" \/>\n<meta property=\"og:url\" content=\"https:\/\/thinktank-transit.ch\/de\/publikationen\/\" \/>\n<meta property=\"og:site_name\" content=\"TRANSIT\" \/>\n<meta property=\"article:modified_time\" content=\"2024-12-20T15:25:56+00:00\" \/>\n<meta property=\"og:image\" content=\"https:\/\/thinktank-transit.ch\/app\/uploads\/sites\/3\/2024\/12\/icon-ep.png\" \/>\n\t<meta property=\"og:image:width\" content=\"456\" \/>\n\t<meta property=\"og:image:height\" content=\"348\" \/>\n\t<meta property=\"og:image:type\" content=\"image\/png\" \/>\n<meta name=\"twitter:card\" content=\"summary_large_image\" \/>\n<meta name=\"twitter:label1\" content=\"Gesch\u00e4tzte Lesezeit\" \/>\n\t<meta name=\"twitter:data1\" content=\"1\u00a0Minute\" \/>\n<script type=\"application\/ld+json\" class=\"yoast-schema-graph\">{\"@context\":\"https:\\\/\\\/schema.org\",\"@graph\":[{\"@type\":\"WebPage\",\"@id\":\"https:\\\/\\\/thinktank-transit.ch\\\/de\\\/publikationen\\\/\",\"url\":\"https:\\\/\\\/thinktank-transit.ch\\\/de\\\/publikationen\\\/\",\"name\":\"Publikationen - TRANSIT\",\"isPartOf\":{\"@id\":\"https:\\\/\\\/thinktank-transit.ch\\\/de\\\/#website\"},\"primaryImageOfPage\":{\"@id\":\"https:\\\/\\\/thinktank-transit.ch\\\/de\\\/publikationen\\\/#primaryimage\"},\"image\":{\"@id\":\"https:\\\/\\\/thinktank-transit.ch\\\/de\\\/publikationen\\\/#primaryimage\"},\"thumbnailUrl\":\"https:\\\/\\\/thinktank-transit.ch\\\/app\\\/uploads\\\/sites\\\/3\\\/2024\\\/12\\\/icon-ep.png\",\"datePublished\":\"2023-06-05T15:12:26+00:00\",\"dateModified\":\"2024-12-20T15:25:56+00:00\",\"description\":\"TRANSIT ver\u00f6ffentlicht Trendberichte und weitere Publikationen \u00fcber die Zukunft der Weiterbildung. Sie sind als Download frei verf\u00fcgbar.\",\"breadcrumb\":{\"@id\":\"https:\\\/\\\/thinktank-transit.ch\\\/de\\\/publikationen\\\/#breadcrumb\"},\"inLanguage\":\"de\",\"potentialAction\":[{\"@type\":\"ReadAction\",\"target\":[\"https:\\\/\\\/thinktank-transit.ch\\\/de\\\/publikationen\\\/\"]}]},{\"@type\":\"ImageObject\",\"inLanguage\":\"de\",\"@id\":\"https:\\\/\\\/thinktank-transit.ch\\\/de\\\/publikationen\\\/#primaryimage\",\"url\":\"https:\\\/\\\/thinktank-transit.ch\\\/app\\\/uploads\\\/sites\\\/3\\\/2024\\\/12\\\/icon-ep.png\",\"contentUrl\":\"https:\\\/\\\/thinktank-transit.ch\\\/app\\\/uploads\\\/sites\\\/3\\\/2024\\\/12\\\/icon-ep.png\"},{\"@type\":\"BreadcrumbList\",\"@id\":\"https:\\\/\\\/thinktank-transit.ch\\\/de\\\/publikationen\\\/#breadcrumb\",\"itemListElement\":[{\"@type\":\"ListItem\",\"position\":1,\"name\":\"Home\",\"item\":\"https:\\\/\\\/thinktank-transit.ch\\\/de\\\/\"},{\"@type\":\"ListItem\",\"position\":2,\"name\":\"Publikationen\"}]},{\"@type\":\"WebSite\",\"@id\":\"https:\\\/\\\/thinktank-transit.ch\\\/de\\\/#website\",\"url\":\"https:\\\/\\\/thinktank-transit.ch\\\/de\\\/\",\"name\":\"TRANSIT\",\"description\":\"\",\"publisher\":{\"@id\":\"https:\\\/\\\/thinktank-transit.ch\\\/de\\\/#organization\"},\"alternateName\":\"Thinktank TRANSIT\",\"potentialAction\":[{\"@type\":\"SearchAction\",\"target\":{\"@type\":\"EntryPoint\",\"urlTemplate\":\"https:\\\/\\\/thinktank-transit.ch\\\/de\\\/?s={search_term_string}\"},\"query-input\":{\"@type\":\"PropertyValueSpecification\",\"valueRequired\":true,\"valueName\":\"search_term_string\"}}],\"inLanguage\":\"de\"},{\"@type\":\"Organization\",\"@id\":\"https:\\\/\\\/thinktank-transit.ch\\\/de\\\/#organization\",\"name\":\"Think Tank TRANSIT\",\"alternateName\":\"TRANSIT\",\"url\":\"https:\\\/\\\/thinktank-transit.ch\\\/de\\\/\",\"logo\":{\"@type\":\"ImageObject\",\"inLanguage\":\"de\",\"@id\":\"https:\\\/\\\/thinktank-transit.ch\\\/de\\\/#\\\/schema\\\/logo\\\/image\\\/\",\"url\":\"https:\\\/\\\/thinktank-transit.ch\\\/app\\\/uploads\\\/sites\\\/3\\\/2023\\\/06\\\/transit.svg\",\"contentUrl\":\"https:\\\/\\\/thinktank-transit.ch\\\/app\\\/uploads\\\/sites\\\/3\\\/2023\\\/06\\\/transit.svg\",\"width\":284,\"height\":48,\"caption\":\"Think Tank TRANSIT\"},\"image\":{\"@id\":\"https:\\\/\\\/thinktank-transit.ch\\\/de\\\/#\\\/schema\\\/logo\\\/image\\\/\"}}]}<\/script>\n<!-- \/ Yoast SEO plugin. -->","yoast_head_json":{"title":"Publikationen - TRANSIT","description":"TRANSIT ver\u00f6ffentlicht Trendberichte und weitere Publikationen \u00fcber die Zukunft der Weiterbildung. Sie sind als Download frei verf\u00fcgbar.","robots":{"index":"index","follow":"follow","max-snippet":"max-snippet:-1","max-image-preview":"max-image-preview:large","max-video-preview":"max-video-preview:-1"},"canonical":"https:\/\/thinktank-transit.ch\/de\/publikationen\/","og_locale":"de_DE","og_type":"article","og_title":"Publikationen - TRANSIT","og_description":"TRANSIT ver\u00f6ffentlicht Trendberichte und weitere Publikationen \u00fcber die Zukunft der Weiterbildung. Sie sind als Download frei verf\u00fcgbar.","og_url":"https:\/\/thinktank-transit.ch\/de\/publikationen\/","og_site_name":"TRANSIT","article_modified_time":"2024-12-20T15:25:56+00:00","og_image":[{"width":456,"height":348,"url":"https:\/\/thinktank-transit.ch\/app\/uploads\/sites\/3\/2024\/12\/icon-ep.png","type":"image\/png"}],"twitter_card":"summary_large_image","twitter_misc":{"Gesch\u00e4tzte Lesezeit":"1\u00a0Minute"},"schema":{"@context":"https:\/\/schema.org","@graph":[{"@type":"WebPage","@id":"https:\/\/thinktank-transit.ch\/de\/publikationen\/","url":"https:\/\/thinktank-transit.ch\/de\/publikationen\/","name":"Publikationen - TRANSIT","isPartOf":{"@id":"https:\/\/thinktank-transit.ch\/de\/#website"},"primaryImageOfPage":{"@id":"https:\/\/thinktank-transit.ch\/de\/publikationen\/#primaryimage"},"image":{"@id":"https:\/\/thinktank-transit.ch\/de\/publikationen\/#primaryimage"},"thumbnailUrl":"https:\/\/thinktank-transit.ch\/app\/uploads\/sites\/3\/2024\/12\/icon-ep.png","datePublished":"2023-06-05T15:12:26+00:00","dateModified":"2024-12-20T15:25:56+00:00","description":"TRANSIT ver\u00f6ffentlicht Trendberichte und weitere Publikationen \u00fcber die Zukunft der Weiterbildung. Sie sind als Download frei verf\u00fcgbar.","breadcrumb":{"@id":"https:\/\/thinktank-transit.ch\/de\/publikationen\/#breadcrumb"},"inLanguage":"de","potentialAction":[{"@type":"ReadAction","target":["https:\/\/thinktank-transit.ch\/de\/publikationen\/"]}]},{"@type":"ImageObject","inLanguage":"de","@id":"https:\/\/thinktank-transit.ch\/de\/publikationen\/#primaryimage","url":"https:\/\/thinktank-transit.ch\/app\/uploads\/sites\/3\/2024\/12\/icon-ep.png","contentUrl":"https:\/\/thinktank-transit.ch\/app\/uploads\/sites\/3\/2024\/12\/icon-ep.png"},{"@type":"BreadcrumbList","@id":"https:\/\/thinktank-transit.ch\/de\/publikationen\/#breadcrumb","itemListElement":[{"@type":"ListItem","position":1,"name":"Home","item":"https:\/\/thinktank-transit.ch\/de\/"},{"@type":"ListItem","position":2,"name":"Publikationen"}]},{"@type":"WebSite","@id":"https:\/\/thinktank-transit.ch\/de\/#website","url":"https:\/\/thinktank-transit.ch\/de\/","name":"TRANSIT","description":"","publisher":{"@id":"https:\/\/thinktank-transit.ch\/de\/#organization"},"alternateName":"Thinktank TRANSIT","potentialAction":[{"@type":"SearchAction","target":{"@type":"EntryPoint","urlTemplate":"https:\/\/thinktank-transit.ch\/de\/?s={search_term_string}"},"query-input":{"@type":"PropertyValueSpecification","valueRequired":true,"valueName":"search_term_string"}}],"inLanguage":"de"},{"@type":"Organization","@id":"https:\/\/thinktank-transit.ch\/de\/#organization","name":"Think Tank TRANSIT","alternateName":"TRANSIT","url":"https:\/\/thinktank-transit.ch\/de\/","logo":{"@type":"ImageObject","inLanguage":"de","@id":"https:\/\/thinktank-transit.ch\/de\/#\/schema\/logo\/image\/","url":"https:\/\/thinktank-transit.ch\/app\/uploads\/sites\/3\/2023\/06\/transit.svg","contentUrl":"https:\/\/thinktank-transit.ch\/app\/uploads\/sites\/3\/2023\/06\/transit.svg","width":284,"height":48,"caption":"Think Tank TRANSIT"},"image":{"@id":"https:\/\/thinktank-transit.ch\/de\/#\/schema\/logo\/image\/"}}]}},"_links":{"self":[{"href":"https:\/\/thinktank-transit.ch\/de\/wp-json\/wp\/v2\/pages\/1033","targetHints":{"allow":["GET"]}}],"collection":[{"href":"https:\/\/thinktank-transit.ch\/de\/wp-json\/wp\/v2\/pages"}],"about":[{"href":"https:\/\/thinktank-transit.ch\/de\/wp-json\/wp\/v2\/types\/page"}],"author":[{"embeddable":true,"href":"https:\/\/thinktank-transit.ch\/de\/wp-json\/wp\/v2\/users\/1"}],"replies":[{"embeddable":true,"href":"https:\/\/thinktank-transit.ch\/de\/wp-json\/wp\/v2\/comments?post=1033"}],"version-history":[{"count":7,"href":"https:\/\/thinktank-transit.ch\/de\/wp-json\/wp\/v2\/pages\/1033\/revisions"}],"predecessor-version":[{"id":3578,"href":"https:\/\/thinktank-transit.ch\/de\/wp-json\/wp\/v2\/pages\/1033\/revisions\/3578"}],"wp:attachment":[{"href":"https:\/\/thinktank-transit.ch\/de\/wp-json\/wp\/v2\/media?parent=1033"}],"curies":[{"name":"wp","href":"https:\/\/api.w.org\/{rel}","templated":true}]}}