{"id":1037,"date":"2023-06-05T17:15:24","date_gmt":"2023-06-05T15:15:24","guid":{"rendered":"https:\/\/transit.alice.ch\/publikationen\/more-publications\/"},"modified":"2024-12-20T15:16:00","modified_gmt":"2024-12-20T14:16:00","slug":"weitere-publikationen","status":"publish","type":"page","link":"https:\/\/thinktank-transit.ch\/de\/publikationen\/weitere-publikationen\/","title":{"rendered":"Weitere Publikationen"},"content":{"rendered":"\n<div class=\"wp-block-group is-style-reduced-width is-layout-constrained wp-block-group-is-layout-constrained\">\n<h1 class=\"wp-block-heading\">Weitere Publikationen<\/h1>\n\n\n\n<p class=\"is-style-lead\">Zus\u00e4tzlich zu den Trendberichten ver\u00f6ffentlicht TRANSIT diverse interessante Publikationen, welche die Zukunft der Weiterbildung thematisieren. Diese reichen von kurzen Beitr\u00e4gen&nbsp;hin bis zu B\u00fcchern.<\/p>\n\n\n\n<h2 class=\"wp-block-heading\">Buch \u00abZusammenh\u00e4nge. Zehn Gespr\u00e4che \u00fcber das Lernen von Erwachsenen heute und morgen\u00bb<\/h2>\n\n\n\n<div class=\"wp-block-columns is-layout-flex wp-container-core-columns-is-layout-28f84493 wp-block-columns-is-layout-flex\">\n<div class=\"wp-block-column is-layout-flow wp-block-column-is-layout-flow\" style=\"flex-basis:33.33%\">\n<figure class=\"wp-block-image size-full\"><img decoding=\"async\" width=\"419\" height=\"566\" src=\"https:\/\/thinktank-transit.ch\/app\/uploads\/sites\/3\/2023\/06\/TRANSIT_Zusammenhaenge_Cover.jpg\" alt=\"\" class=\"wp-image-830\" srcset=\"https:\/\/thinktank-transit.ch\/app\/uploads\/sites\/3\/2023\/06\/TRANSIT_Zusammenhaenge_Cover.jpg 419w, https:\/\/thinktank-transit.ch\/app\/uploads\/sites\/3\/2023\/06\/TRANSIT_Zusammenhaenge_Cover-222x300.jpg 222w\" sizes=\"(max-width: 419px) 100vw, 419px\" \/><\/figure>\n<\/div>\n\n\n\n<div class=\"wp-block-column is-layout-flow wp-block-column-is-layout-flow\" style=\"flex-basis:66.66%\">\n<p>Zehn Dialoge zur Zukunft der Weiterbildung sind in einem handlichen Buch ver\u00f6ffentlicht worden. Es tr\u00e4gt den Titel \u00abZusammenh\u00e4nge\u00bb und ist <a href=\"https:\/\/alice.ch\/de\/publication\/zusammenhaenge-zehn-gespraeche-ueber-das-lernen-von-erwachsenen-heute-und-morgen\/\" target=\"_blank\" rel=\"noreferrer noopener\">beim SVEB<\/a> erh\u00e4ltlich.<\/p>\n\n\n\n<p>Die zehn Gespr\u00e4che mit Expertinnen und Experten aus den unterschiedlichsten Disziplinen wurden zwischen 2018 und 2021 gef\u00fchrt. Sie laden uns ein, das Lernen der Zukunft aus unterschiedlichen Perspektiven zu betrachten. Und uns zu fragen, unter welchen gesellschaftlichen und technologischen Bedingungen wir heute &#8211; und in Zukunft \u2013 lernen, welche Kompetenzen uns weiterbringen k\u00f6nnen und in welcher Tiefe wir eigentlich lernen sollten, um die Herausforderungen zu meistern, die auf uns zukommen werden.<\/p>\n\n\n\n<ul class=\"wp-block-list\">\n<li><strong>Preis:<\/strong> 18.00 CHF (Preis f\u00fcr Mitglieder: 14.40 CHF)<\/li>\n\n\n\n<li><strong>Herausgeber:<\/strong> TRANSIT\/SVEB<\/li>\n\n\n\n<li><strong>Autor:<\/strong> Irena Sgier &amp; Ronald Schenkel<\/li>\n\n\n\n<li><strong>Vertrieb:<\/strong> SVEB, 124 Seiten<\/li>\n\n\n\n<li><strong>ISBN Print:<\/strong> 978-3-033-08997-6<\/li>\n<\/ul>\n\n\n\n<div class=\"wp-block-buttons is-layout-flex wp-block-buttons-is-layout-flex\">\n<div class=\"wp-block-button is-style-outline is-style-outline--1\"><a class=\"wp-block-button__link wp-element-button\" href=\"https:\/\/alice.ch\/de\/order-de\/?pub-id=36078\" target=\"_blank\" rel=\"noreferrer noopener\">Buch bestellen<\/a><\/div>\n<\/div>\n<\/div>\n<\/div>\n\n\n\n<hr class=\"wp-block-separator has-alpha-channel-opacity is-style-wide\"\/>\n\n\n\n<h2 class=\"wp-block-heading\">TRANSIT Kartenset \u00abZukunftsfragen\u00bb<\/h2>\n\n\n\n<div class=\"wp-block-columns is-layout-flex wp-container-core-columns-is-layout-28f84493 wp-block-columns-is-layout-flex\">\n<div class=\"wp-block-column is-layout-flow wp-block-column-is-layout-flow\" style=\"flex-basis:33.33%\">\n<figure class=\"wp-block-image size-full\"><img decoding=\"async\" width=\"1664\" height=\"2560\" src=\"https:\/\/thinktank-transit.ch\/app\/uploads\/sites\/3\/2024\/08\/kartenset-de-scaled-1.jpeg\" alt=\"\" class=\"wp-image-3052\" srcset=\"https:\/\/thinktank-transit.ch\/app\/uploads\/sites\/3\/2024\/08\/kartenset-de-scaled-1.jpeg 1664w, https:\/\/thinktank-transit.ch\/app\/uploads\/sites\/3\/2024\/08\/kartenset-de-scaled-1-195x300.jpeg 195w, https:\/\/thinktank-transit.ch\/app\/uploads\/sites\/3\/2024\/08\/kartenset-de-scaled-1-666x1024.jpeg 666w, https:\/\/thinktank-transit.ch\/app\/uploads\/sites\/3\/2024\/08\/kartenset-de-scaled-1-768x1182.jpeg 768w, https:\/\/thinktank-transit.ch\/app\/uploads\/sites\/3\/2024\/08\/kartenset-de-scaled-1-998x1536.jpeg 998w, https:\/\/thinktank-transit.ch\/app\/uploads\/sites\/3\/2024\/08\/kartenset-de-scaled-1-1331x2048.jpeg 1331w\" sizes=\"(max-width: 1664px) 100vw, 1664px\" \/><\/figure>\n<\/div>\n\n\n\n<div class=\"wp-block-column is-layout-flow wp-block-column-is-layout-flow\" style=\"flex-basis:66.66%\">\n<p>Kartenset mit Fragen zur Zukunft als Anregungen f\u00fcr die k\u00fcnftige Gestaltung der Weiterbildung<\/p>\n\n\n\n<p>Die TRANSIT-Zukunftsfragen laden dazu ein, allein oder in Gruppen Zukunftsvisionen zu entwickeln. Die 76 Fragen umfassen Themen aus den Bereichen Gesellschaft und Kultur, Arbeit, Wissen und Bildung sowie pers\u00f6nliche Lebensentw\u00fcrfe.<\/p>\n\n\n\n<p><strong>Preis:<\/strong>\u00a012.00 CHF (Preis f\u00fcr SVEB-Mitglieder: 9.60 CHF)<\/p>\n\n\n\n<p><strong>Herausgeber:<\/strong>\u00a0TRANSIT\/SVEB<\/p>\n\n\n\n<div class=\"wp-block-buttons is-layout-flex wp-block-buttons-is-layout-flex\">\n<div class=\"wp-block-button is-style-outline is-style-outline--2\"><a class=\"wp-block-button__link wp-element-button\" href=\"https:\/\/alice.ch\/de\/order-de\/?pub-id=36271\" target=\"_blank\" rel=\"noreferrer noopener\">Kartenset bestellen<\/a><\/div>\n<\/div>\n<\/div>\n<\/div>\n\n\n\n<hr class=\"wp-block-separator has-alpha-channel-opacity is-style-wide\"\/>\n\n\n\n<h2 class=\"wp-block-heading\" id=\"2019-education-permanente\">Sonderausgabe: Education Permanente 2019-2 \u00abZukunft der Weiterbildung\u00bb<\/h2>\n\n\n\n<div class=\"wp-block-columns is-layout-flex wp-container-core-columns-is-layout-28f84493 wp-block-columns-is-layout-flex\">\n<div class=\"wp-block-column is-layout-flow wp-block-column-is-layout-flow\" style=\"flex-basis:33.33%\">\n<figure class=\"wp-block-image size-full\"><img decoding=\"async\" width=\"787\" height=\"1095\" src=\"https:\/\/thinktank-transit.ch\/app\/uploads\/sites\/3\/2023\/07\/ep-2019-cover.png\" alt=\"\" class=\"wp-image-2294\" srcset=\"https:\/\/thinktank-transit.ch\/app\/uploads\/sites\/3\/2023\/07\/ep-2019-cover.png 787w, https:\/\/thinktank-transit.ch\/app\/uploads\/sites\/3\/2023\/07\/ep-2019-cover-216x300.png 216w, https:\/\/thinktank-transit.ch\/app\/uploads\/sites\/3\/2023\/07\/ep-2019-cover-736x1024.png 736w, https:\/\/thinktank-transit.ch\/app\/uploads\/sites\/3\/2023\/07\/ep-2019-cover-768x1069.png 768w\" sizes=\"(max-width: 787px) 100vw, 787px\" \/><\/figure>\n<\/div>\n\n\n\n<div class=\"wp-block-column is-layout-flow wp-block-column-is-layout-flow\" style=\"flex-basis:66.66%\">\n<p>Sonderausgabe der Zeitschrift <a href=\"https:\/\/alice.ch\/de\/aktuell\/zeitschrift-education-permante\/\" target=\"_blank\" rel=\"noreferrer noopener\">\u00abEducation Permanente\u00bb<\/a> \u00fcber die Zukunft der Erwachsenenbildung. Verf\u00fcgbar in Deutsch und Franz\u00f6sisch.<\/p>\n\n\n\n<p>Sie ist ein echter Hingucker, dank der besonderen Leistung des Grafikteams. Aber auch inhaltlich hat sie eine Menge zu bieten.<\/p>\n\n\n\n<p>Die Sonderausgabe setzt die Arbeit von TRANSIT fort. Neben zahlreichen Interviews mit Expertinnen und Experten aus der ganzen Schweiz enth\u00e4lt es auch einen Beitrag \u00fcber die Rolle der Wissenschaft bei der Entwicklung einer Zukunftsstrategie f\u00fcr die Erwachsenenbildung, eine Analyse \u00fcber die Bedeutung des lebenslangen Lernens als soziale Innovation und eine Untersuchung dar\u00fcber, wie sich die Institutionen der Erwachsenenbildung auf die Zukunft vorbereiten.<\/p>\n\n\n\n<p>Besonders lesenswert ist der Bericht \u00fcber ein konkretes Projekt: Openki. Es zielt darauf ab, selbstorganisierte Lerneinheiten zu erleichtern. Die Macher von Openki betrachten ihr Projekt als ein Labor f\u00fcr eine neue Art des Lernens ohne feste Rollen von Lehrern und Lernenden.<\/p>\n\n\n\n<div class=\"wp-block-file\"><a id=\"wp-block-file--media-57008449-2700-4d08-bf8c-4a6f639d8b2f\" href=\"https:\/\/thinktank-transit.ch\/app\/uploads\/sites\/3\/2023\/07\/EP2019-2.pdf\">Download-PDF: Sonderausgabe der Education Permanente 2019<br \/>PDF &#8211; 4 MB<\/a><a href=\"https:\/\/thinktank-transit.ch\/app\/uploads\/sites\/3\/2023\/07\/EP2019-2.pdf\" class=\"wp-block-file__button wp-element-button\" download aria-describedby=\"wp-block-file--media-57008449-2700-4d08-bf8c-4a6f639d8b2f\">Herunterladen<br \/>PDF &#8211; 4 MB<\/a><\/div>\n<\/div>\n<\/div>\n\n\n\n<hr class=\"wp-block-separator has-alpha-channel-opacity is-style-wide\"\/>\n\n\n\n<h2 class=\"wp-block-heading\">Kontakt<\/h2>\n\n\n\n<div class=\"wp-block-columns is-layout-flex wp-container-core-columns-is-layout-28f84493 wp-block-columns-is-layout-flex\">\n<div class=\"wp-block-column is-layout-flow wp-block-column-is-layout-flow\" style=\"flex-basis:50%\"><div class=\"contact-persons\">\n\n\t\t\t\t\t<div class=\"contact-person\">\n\t\t\t\t\tDr. Helen Buchs<br \/>\t\t\t\t\tDirector TRANSIT<br \/>\t\t\t\t\t<br \/>\n\t\t\t\t\t\t\t\t\t\t\t\t\t\t\t<a href=\"mailto:helen.buchs@thinktank-transit.ch\">helen.buchs@thinktank-transit.ch<\/a><br \/>\t\t\t\t\t<\/div>\n\t\t\t\t\t<\/div>\n<\/div>\n\n\n\n<div class=\"wp-block-column is-layout-flow wp-block-column-is-layout-flow\" style=\"flex-basis:50%\"><\/div>\n<\/div>\n<\/div>\n","protected":false},"excerpt":{"rendered":"<p>Weitere Publikationen Zus\u00e4tzlich zu den Trendberichten ver\u00f6ffentlicht TRANSIT diverse interessante Publikationen, welche die Zukunft der Weiterbildung thematisieren. Diese reichen von [&hellip;]<\/p>\n","protected":false},"author":1,"featured_media":0,"parent":1033,"menu_order":29,"comment_status":"closed","ping_status":"closed","template":"","meta":{"_acf_changed":false,"inline_featured_image":false,"footnotes":""},"class_list":["post-1037","page","type-page","status-publish","hentry"],"acf":[],"yoast_head":"<!-- This site is optimized with the Yoast SEO plugin v27.3 - https:\/\/yoast.com\/product\/yoast-seo-wordpress\/ -->\n<title>Weitere Publikationen - TRANSIT<\/title>\n<meta name=\"description\" content=\"Zus\u00e4tzlich zu den Trendberichten ver\u00f6ffentlicht TRANSIT diverse interessante Publikationen zur Zukunft der Weiterbildung.\" \/>\n<meta name=\"robots\" content=\"index, follow, max-snippet:-1, max-image-preview:large, max-video-preview:-1\" \/>\n<link rel=\"canonical\" href=\"https:\/\/thinktank-transit.ch\/de\/publikationen\/weitere-publikationen\/\" \/>\n<meta property=\"og:locale\" content=\"de_DE\" \/>\n<meta property=\"og:type\" content=\"article\" \/>\n<meta property=\"og:title\" content=\"Weitere Publikationen - TRANSIT\" \/>\n<meta property=\"og:description\" content=\"Zus\u00e4tzlich zu den Trendberichten ver\u00f6ffentlicht TRANSIT diverse interessante Publikationen zur Zukunft der Weiterbildung.\" \/>\n<meta property=\"og:url\" content=\"https:\/\/thinktank-transit.ch\/de\/publikationen\/weitere-publikationen\/\" \/>\n<meta property=\"og:site_name\" content=\"TRANSIT\" \/>\n<meta property=\"article:modified_time\" content=\"2024-12-20T14:16:00+00:00\" \/>\n<meta property=\"og:image\" content=\"https:\/\/thinktank-transit.ch\/app\/uploads\/sites\/3\/2023\/06\/TRANSIT_Zusammenhaenge_Cover.jpg\" \/>\n\t<meta property=\"og:image:width\" content=\"419\" \/>\n\t<meta property=\"og:image:height\" content=\"566\" \/>\n\t<meta property=\"og:image:type\" content=\"image\/jpeg\" \/>\n<meta name=\"twitter:card\" content=\"summary_large_image\" \/>\n<meta name=\"twitter:label1\" content=\"Gesch\u00e4tzte Lesezeit\" \/>\n\t<meta name=\"twitter:data1\" content=\"2\u00a0Minuten\" \/>\n<script type=\"application\/ld+json\" class=\"yoast-schema-graph\">{\"@context\":\"https:\\\/\\\/schema.org\",\"@graph\":[{\"@type\":\"WebPage\",\"@id\":\"https:\\\/\\\/thinktank-transit.ch\\\/de\\\/publikationen\\\/weitere-publikationen\\\/\",\"url\":\"https:\\\/\\\/thinktank-transit.ch\\\/de\\\/publikationen\\\/weitere-publikationen\\\/\",\"name\":\"Weitere Publikationen - TRANSIT\",\"isPartOf\":{\"@id\":\"https:\\\/\\\/thinktank-transit.ch\\\/de\\\/#website\"},\"primaryImageOfPage\":{\"@id\":\"https:\\\/\\\/thinktank-transit.ch\\\/de\\\/publikationen\\\/weitere-publikationen\\\/#primaryimage\"},\"image\":{\"@id\":\"https:\\\/\\\/thinktank-transit.ch\\\/de\\\/publikationen\\\/weitere-publikationen\\\/#primaryimage\"},\"thumbnailUrl\":\"https:\\\/\\\/thinktank-transit.ch\\\/app\\\/uploads\\\/sites\\\/3\\\/2023\\\/06\\\/TRANSIT_Zusammenhaenge_Cover.jpg\",\"datePublished\":\"2023-06-05T15:15:24+00:00\",\"dateModified\":\"2024-12-20T14:16:00+00:00\",\"description\":\"Zus\u00e4tzlich zu den Trendberichten ver\u00f6ffentlicht TRANSIT diverse interessante Publikationen zur Zukunft der Weiterbildung.\",\"breadcrumb\":{\"@id\":\"https:\\\/\\\/thinktank-transit.ch\\\/de\\\/publikationen\\\/weitere-publikationen\\\/#breadcrumb\"},\"inLanguage\":\"de\",\"potentialAction\":[{\"@type\":\"ReadAction\",\"target\":[\"https:\\\/\\\/thinktank-transit.ch\\\/de\\\/publikationen\\\/weitere-publikationen\\\/\"]}]},{\"@type\":\"ImageObject\",\"inLanguage\":\"de\",\"@id\":\"https:\\\/\\\/thinktank-transit.ch\\\/de\\\/publikationen\\\/weitere-publikationen\\\/#primaryimage\",\"url\":\"https:\\\/\\\/thinktank-transit.ch\\\/app\\\/uploads\\\/sites\\\/3\\\/2023\\\/06\\\/TRANSIT_Zusammenhaenge_Cover.jpg\",\"contentUrl\":\"https:\\\/\\\/thinktank-transit.ch\\\/app\\\/uploads\\\/sites\\\/3\\\/2023\\\/06\\\/TRANSIT_Zusammenhaenge_Cover.jpg\"},{\"@type\":\"BreadcrumbList\",\"@id\":\"https:\\\/\\\/thinktank-transit.ch\\\/de\\\/publikationen\\\/weitere-publikationen\\\/#breadcrumb\",\"itemListElement\":[{\"@type\":\"ListItem\",\"position\":1,\"name\":\"Home\",\"item\":\"https:\\\/\\\/thinktank-transit.ch\\\/de\\\/\"},{\"@type\":\"ListItem\",\"position\":2,\"name\":\"Publikationen\",\"item\":\"https:\\\/\\\/thinktank-transit.ch\\\/de\\\/publikationen\\\/\"},{\"@type\":\"ListItem\",\"position\":3,\"name\":\"Weitere Publikationen\"}]},{\"@type\":\"WebSite\",\"@id\":\"https:\\\/\\\/thinktank-transit.ch\\\/de\\\/#website\",\"url\":\"https:\\\/\\\/thinktank-transit.ch\\\/de\\\/\",\"name\":\"TRANSIT\",\"description\":\"\",\"publisher\":{\"@id\":\"https:\\\/\\\/thinktank-transit.ch\\\/de\\\/#organization\"},\"alternateName\":\"Thinktank TRANSIT\",\"potentialAction\":[{\"@type\":\"SearchAction\",\"target\":{\"@type\":\"EntryPoint\",\"urlTemplate\":\"https:\\\/\\\/thinktank-transit.ch\\\/de\\\/?s={search_term_string}\"},\"query-input\":{\"@type\":\"PropertyValueSpecification\",\"valueRequired\":true,\"valueName\":\"search_term_string\"}}],\"inLanguage\":\"de\"},{\"@type\":\"Organization\",\"@id\":\"https:\\\/\\\/thinktank-transit.ch\\\/de\\\/#organization\",\"name\":\"Think Tank TRANSIT\",\"alternateName\":\"TRANSIT\",\"url\":\"https:\\\/\\\/thinktank-transit.ch\\\/de\\\/\",\"logo\":{\"@type\":\"ImageObject\",\"inLanguage\":\"de\",\"@id\":\"https:\\\/\\\/thinktank-transit.ch\\\/de\\\/#\\\/schema\\\/logo\\\/image\\\/\",\"url\":\"https:\\\/\\\/thinktank-transit.ch\\\/app\\\/uploads\\\/sites\\\/3\\\/2023\\\/06\\\/transit.svg\",\"contentUrl\":\"https:\\\/\\\/thinktank-transit.ch\\\/app\\\/uploads\\\/sites\\\/3\\\/2023\\\/06\\\/transit.svg\",\"width\":284,\"height\":48,\"caption\":\"Think Tank TRANSIT\"},\"image\":{\"@id\":\"https:\\\/\\\/thinktank-transit.ch\\\/de\\\/#\\\/schema\\\/logo\\\/image\\\/\"}}]}<\/script>\n<!-- \/ Yoast SEO plugin. -->","yoast_head_json":{"title":"Weitere Publikationen - TRANSIT","description":"Zus\u00e4tzlich zu den Trendberichten ver\u00f6ffentlicht TRANSIT diverse interessante Publikationen zur Zukunft der Weiterbildung.","robots":{"index":"index","follow":"follow","max-snippet":"max-snippet:-1","max-image-preview":"max-image-preview:large","max-video-preview":"max-video-preview:-1"},"canonical":"https:\/\/thinktank-transit.ch\/de\/publikationen\/weitere-publikationen\/","og_locale":"de_DE","og_type":"article","og_title":"Weitere Publikationen - TRANSIT","og_description":"Zus\u00e4tzlich zu den Trendberichten ver\u00f6ffentlicht TRANSIT diverse interessante Publikationen zur Zukunft der Weiterbildung.","og_url":"https:\/\/thinktank-transit.ch\/de\/publikationen\/weitere-publikationen\/","og_site_name":"TRANSIT","article_modified_time":"2024-12-20T14:16:00+00:00","og_image":[{"width":419,"height":566,"url":"https:\/\/thinktank-transit.ch\/app\/uploads\/sites\/3\/2023\/06\/TRANSIT_Zusammenhaenge_Cover.jpg","type":"image\/jpeg"}],"twitter_card":"summary_large_image","twitter_misc":{"Gesch\u00e4tzte Lesezeit":"2\u00a0Minuten"},"schema":{"@context":"https:\/\/schema.org","@graph":[{"@type":"WebPage","@id":"https:\/\/thinktank-transit.ch\/de\/publikationen\/weitere-publikationen\/","url":"https:\/\/thinktank-transit.ch\/de\/publikationen\/weitere-publikationen\/","name":"Weitere Publikationen - TRANSIT","isPartOf":{"@id":"https:\/\/thinktank-transit.ch\/de\/#website"},"primaryImageOfPage":{"@id":"https:\/\/thinktank-transit.ch\/de\/publikationen\/weitere-publikationen\/#primaryimage"},"image":{"@id":"https:\/\/thinktank-transit.ch\/de\/publikationen\/weitere-publikationen\/#primaryimage"},"thumbnailUrl":"https:\/\/thinktank-transit.ch\/app\/uploads\/sites\/3\/2023\/06\/TRANSIT_Zusammenhaenge_Cover.jpg","datePublished":"2023-06-05T15:15:24+00:00","dateModified":"2024-12-20T14:16:00+00:00","description":"Zus\u00e4tzlich zu den Trendberichten ver\u00f6ffentlicht TRANSIT diverse interessante Publikationen zur Zukunft der Weiterbildung.","breadcrumb":{"@id":"https:\/\/thinktank-transit.ch\/de\/publikationen\/weitere-publikationen\/#breadcrumb"},"inLanguage":"de","potentialAction":[{"@type":"ReadAction","target":["https:\/\/thinktank-transit.ch\/de\/publikationen\/weitere-publikationen\/"]}]},{"@type":"ImageObject","inLanguage":"de","@id":"https:\/\/thinktank-transit.ch\/de\/publikationen\/weitere-publikationen\/#primaryimage","url":"https:\/\/thinktank-transit.ch\/app\/uploads\/sites\/3\/2023\/06\/TRANSIT_Zusammenhaenge_Cover.jpg","contentUrl":"https:\/\/thinktank-transit.ch\/app\/uploads\/sites\/3\/2023\/06\/TRANSIT_Zusammenhaenge_Cover.jpg"},{"@type":"BreadcrumbList","@id":"https:\/\/thinktank-transit.ch\/de\/publikationen\/weitere-publikationen\/#breadcrumb","itemListElement":[{"@type":"ListItem","position":1,"name":"Home","item":"https:\/\/thinktank-transit.ch\/de\/"},{"@type":"ListItem","position":2,"name":"Publikationen","item":"https:\/\/thinktank-transit.ch\/de\/publikationen\/"},{"@type":"ListItem","position":3,"name":"Weitere Publikationen"}]},{"@type":"WebSite","@id":"https:\/\/thinktank-transit.ch\/de\/#website","url":"https:\/\/thinktank-transit.ch\/de\/","name":"TRANSIT","description":"","publisher":{"@id":"https:\/\/thinktank-transit.ch\/de\/#organization"},"alternateName":"Thinktank TRANSIT","potentialAction":[{"@type":"SearchAction","target":{"@type":"EntryPoint","urlTemplate":"https:\/\/thinktank-transit.ch\/de\/?s={search_term_string}"},"query-input":{"@type":"PropertyValueSpecification","valueRequired":true,"valueName":"search_term_string"}}],"inLanguage":"de"},{"@type":"Organization","@id":"https:\/\/thinktank-transit.ch\/de\/#organization","name":"Think Tank TRANSIT","alternateName":"TRANSIT","url":"https:\/\/thinktank-transit.ch\/de\/","logo":{"@type":"ImageObject","inLanguage":"de","@id":"https:\/\/thinktank-transit.ch\/de\/#\/schema\/logo\/image\/","url":"https:\/\/thinktank-transit.ch\/app\/uploads\/sites\/3\/2023\/06\/transit.svg","contentUrl":"https:\/\/thinktank-transit.ch\/app\/uploads\/sites\/3\/2023\/06\/transit.svg","width":284,"height":48,"caption":"Think Tank TRANSIT"},"image":{"@id":"https:\/\/thinktank-transit.ch\/de\/#\/schema\/logo\/image\/"}}]}},"_links":{"self":[{"href":"https:\/\/thinktank-transit.ch\/de\/wp-json\/wp\/v2\/pages\/1037","targetHints":{"allow":["GET"]}}],"collection":[{"href":"https:\/\/thinktank-transit.ch\/de\/wp-json\/wp\/v2\/pages"}],"about":[{"href":"https:\/\/thinktank-transit.ch\/de\/wp-json\/wp\/v2\/types\/page"}],"author":[{"embeddable":true,"href":"https:\/\/thinktank-transit.ch\/de\/wp-json\/wp\/v2\/users\/1"}],"replies":[{"embeddable":true,"href":"https:\/\/thinktank-transit.ch\/de\/wp-json\/wp\/v2\/comments?post=1037"}],"version-history":[{"count":21,"href":"https:\/\/thinktank-transit.ch\/de\/wp-json\/wp\/v2\/pages\/1037\/revisions"}],"predecessor-version":[{"id":3557,"href":"https:\/\/thinktank-transit.ch\/de\/wp-json\/wp\/v2\/pages\/1037\/revisions\/3557"}],"up":[{"embeddable":true,"href":"https:\/\/thinktank-transit.ch\/de\/wp-json\/wp\/v2\/pages\/1033"}],"wp:attachment":[{"href":"https:\/\/thinktank-transit.ch\/de\/wp-json\/wp\/v2\/media?parent=1037"}],"curies":[{"name":"wp","href":"https:\/\/api.w.org\/{rel}","templated":true}]}}