{"id":1044,"date":"2023-06-05T17:12:06","date_gmt":"2023-06-05T15:12:06","guid":{"rendered":"https:\/\/transit.alice.ch\/community\/"},"modified":"2024-12-20T11:41:24","modified_gmt":"2024-12-20T10:41:24","slug":"community","status":"publish","type":"page","link":"https:\/\/thinktank-transit.ch\/de\/community\/","title":{"rendered":"Community"},"content":{"rendered":"\n<h1 class=\"wp-block-heading\">Die Community rund um den Think-Tank TRANSIT<\/h1>\n\n\n\n<div class=\"wp-block-group is-style-reduced-width is-layout-constrained wp-block-group-is-layout-constrained\">\n<p class=\"is-style-lead\">Die Community rund um den Think-Tank TRANSIT besteht aus Personen, die sich f\u00fcr Themen der Zukunft interessieren. Was TRANSIT von anderen Think-Tanks unterscheidet, ist sein kollaborativer Ansatz. Zwar st\u00fctzt sich auch TRANSIT auf Expertenwissen und wissenschaftliche Analysen, die Themen, Szenarien und Perspektiven werden aber nicht von ausgew\u00e4hlten Experten, sondern in partizipativen, allen Interessierten offenstehenden Formaten entwickelt. Dadurch fliessen unterschiedlichste Sichtweisen und vielf\u00e4ltiges Praxiswissen in die Trendanalysen ein.<\/p>\n\n\n\n<h2 class=\"wp-block-heading\">Beispiele davon, was TRANSIT und die Community bereits getan haben<\/h2>\n\n\n\n<p>TRANSIT organisiert regelm\u00e4ssig inspirierende Veranstaltungen, die dazu einladen, gemeinsam \u00fcber die Zukunft der Weiterbildung zu reflektieren, sich auszutauschen, die eigene Praxis zu hinterfragen oder sich zu vernetzen. Lesen Sie unsere Veranstaltungsr\u00fcckblicke und schauen Sie sich die Fotos und Fotoprotokolle an. <\/p>\n\n\n\n<p>In einem interdisziplin\u00e4ren und kollaborativen Prozess erarbeitet TRANSIT Trendbericht und weitere Publikationen. Darin finden Sie vision\u00e4re Gedanken zur Zukunft der Weiterbildung und Perspektiven, die als Orientierungspunkte im Umgang mit k\u00fcnftigen Herausforderungen dienen k\u00f6nnen. St\u00f6bern Sie in unseren Publikationen und erhalten Sie Impulse f\u00fcr ihre eigene Arbeit.<\/p>\n\n\n\n<div class=\"wp-block-buttons is-layout-flex wp-block-buttons-is-layout-flex\">\n<div class=\"wp-block-button is-style-outline is-style-outline--1\"><a class=\"wp-block-button__link wp-element-button\" href=\"https:\/\/thinktank-transit.ch\/de\/events\/past-events\/\">Vergangene Events<\/a><\/div>\n\n\n\n<div class=\"wp-block-button is-style-outline is-style-outline--2\"><a class=\"wp-block-button__link wp-element-button\" href=\"https:\/\/thinktank-transit.ch\/de\/publications\/\">Publikationen<\/a><\/div>\n<\/div>\n\n\n\n<h2 class=\"wp-block-heading\">Wie Sie sich einbringen k\u00f6nnen<\/h2>\n\n\n\n<p>Wir sind am Austausch mit Ihnen interessiert. Haben Sie Ideen, Fragen oder Anregungen oder m\u00f6chten Sie mit uns ins Gespr\u00e4ch kommen? Wie arbeiten kollaborativ und nehmen ihre Inputs gerne auf. Gerne k\u00f6nnen Sie schriftlich Fachwissen zu unseren Publikationen beisteuern, auf Anfrage selbst kurze Textbeitr\u00e4ge schreiben, oder TRANSIT auf interessante Entwicklungen aufmerksam machen.<\/p>\n\n\n\n<p>In unseren kreativen Veranstaltungen generieren wir in einem gemeinsamen Prozess Ideen und Entw\u00fcrfe f\u00fcr Perspektiven. Wenn Sie nie mehr einen unserer Events verpassen m\u00f6chten, schreiben Sie sich f\u00fcr den TRANSIT-Newsletter ein.<\/p>\n\n\n\n<div class=\"wp-block-buttons is-layout-flex wp-block-buttons-is-layout-flex\">\n<div class=\"wp-block-button is-style-outline is-style-outline--3\"><a class=\"wp-block-button__link wp-element-button\" href=\"https:\/\/thinktank-transit.ch\/de\/events\/\">Events<\/a><\/div>\n\n\n\n<div class=\"wp-block-button is-style-outline is-style-outline--4\"><a class=\"wp-block-button__link wp-element-button\" href=\"https:\/\/thinktank-transit.ch\/de\/newsletter\/\">Anmeldung f\u00fcr den Newsletter<\/a><\/div>\n\n\n<\/div>\n\n\n\n<div class=\"wp-block-group is-style-reduced-width is-layout-constrained wp-block-group-is-layout-constrained\">\n<h2 class=\"wp-block-heading\">Was Sie erwarten k\u00f6nnen<\/h2>\n<\/div>\n\n\n\n<p>TRANSIT bietet Ihnen Inspiration und interdisziplin\u00e4ren Austausch zu Zukunftsthemen sowie neue Perspektiven f\u00fcr Ihre eigene Arbeit in der Weiterbildung.<\/p>\n\n\n\n<h2 class=\"wp-block-heading\">Kontakt aufnehmen<\/h2>\n\n\n\n<p>Schreiben Sie uns sein E-Mail, verabreden Sie mit uns ein Treffen oder kommen Sie an einen unserer Events. Es gibt viele Wege uns zu kontaktieren.<\/p>\n\n\n\n<div class=\"wp-block-buttons is-layout-flex wp-block-buttons-is-layout-flex\">\n<div class=\"wp-block-button is-style-outline is-style-outline--5\"><a class=\"wp-block-button__link wp-element-button\" href=\"https:\/\/thinktank-transit.ch\/de\/kontakt\/\">Kontakt<\/a><\/div>\n<\/div>\n\n\n\n<h2 class=\"wp-block-heading\">Kontakt<\/h2>\n\n\n\n<div class=\"wp-block-columns is-layout-flex wp-container-core-columns-is-layout-28f84493 wp-block-columns-is-layout-flex\">\n<div class=\"wp-block-column is-layout-flow wp-block-column-is-layout-flow\" style=\"flex-basis:50%\"><div class=\"contact-persons\">\n\n\t\t\t\t\t<div class=\"contact-person\">\n\t\t\t\t\tDr. Helen Buchs<br \/>\t\t\t\t\tDirector TRANSIT<br \/>\t\t\t\t\t<br \/>\n\t\t\t\t\t\t\t\t\t\t\t\t\t\t\t<a href=\"mailto:helen.buchs@thinktank-transit.ch\">helen.buchs@thinktank-transit.ch<\/a><br \/>\t\t\t\t\t<\/div>\n\t\t\t\t\t<\/div>\n<\/div>\n\n\n\n<div class=\"wp-block-column is-layout-flow wp-block-column-is-layout-flow\" style=\"flex-basis:50%\"><\/div>\n<\/div>\n<\/div>\n","protected":false},"excerpt":{"rendered":"<p>Die Community rund um den Think-Tank TRANSIT Die Community rund um den Think-Tank TRANSIT besteht aus Personen, die sich f\u00fcr [&hellip;]<\/p>\n","protected":false},"author":1,"featured_media":0,"parent":0,"menu_order":32,"comment_status":"closed","ping_status":"closed","template":"","meta":{"_acf_changed":false,"inline_featured_image":false,"footnotes":""},"class_list":["post-1044","page","type-page","status-publish","hentry"],"acf":[],"yoast_head":"<!-- This site is optimized with the Yoast SEO plugin v27.3 - https:\/\/yoast.com\/product\/yoast-seo-wordpress\/ -->\n<title>Community - TRANSIT<\/title>\n<meta name=\"description\" content=\"TRANSIT unterscheidet sich von anderen Think-Tanks durch seinen kollaborativen und interdisziplin\u00e4ren Ansatz.\" \/>\n<meta name=\"robots\" content=\"index, follow, max-snippet:-1, max-image-preview:large, max-video-preview:-1\" \/>\n<link rel=\"canonical\" href=\"https:\/\/thinktank-transit.ch\/de\/community\/\" \/>\n<meta property=\"og:locale\" content=\"de_DE\" \/>\n<meta property=\"og:type\" content=\"article\" \/>\n<meta property=\"og:title\" content=\"Community - TRANSIT\" \/>\n<meta property=\"og:description\" content=\"TRANSIT unterscheidet sich von anderen Think-Tanks durch seinen kollaborativen und interdisziplin\u00e4ren Ansatz.\" \/>\n<meta property=\"og:url\" content=\"https:\/\/thinktank-transit.ch\/de\/community\/\" \/>\n<meta property=\"og:site_name\" content=\"TRANSIT\" \/>\n<meta property=\"article:modified_time\" content=\"2024-12-20T10:41:24+00:00\" \/>\n<meta name=\"twitter:card\" content=\"summary_large_image\" \/>\n<meta name=\"twitter:label1\" content=\"Gesch\u00e4tzte Lesezeit\" \/>\n\t<meta name=\"twitter:data1\" content=\"2\u00a0Minuten\" \/>\n<script type=\"application\/ld+json\" class=\"yoast-schema-graph\">{\"@context\":\"https:\\\/\\\/schema.org\",\"@graph\":[{\"@type\":\"WebPage\",\"@id\":\"https:\\\/\\\/thinktank-transit.ch\\\/de\\\/community\\\/\",\"url\":\"https:\\\/\\\/thinktank-transit.ch\\\/de\\\/community\\\/\",\"name\":\"Community - TRANSIT\",\"isPartOf\":{\"@id\":\"https:\\\/\\\/thinktank-transit.ch\\\/de\\\/#website\"},\"datePublished\":\"2023-06-05T15:12:06+00:00\",\"dateModified\":\"2024-12-20T10:41:24+00:00\",\"description\":\"TRANSIT unterscheidet sich von anderen Think-Tanks durch seinen kollaborativen und interdisziplin\u00e4ren Ansatz.\",\"breadcrumb\":{\"@id\":\"https:\\\/\\\/thinktank-transit.ch\\\/de\\\/community\\\/#breadcrumb\"},\"inLanguage\":\"de\",\"potentialAction\":[{\"@type\":\"ReadAction\",\"target\":[\"https:\\\/\\\/thinktank-transit.ch\\\/de\\\/community\\\/\"]}]},{\"@type\":\"BreadcrumbList\",\"@id\":\"https:\\\/\\\/thinktank-transit.ch\\\/de\\\/community\\\/#breadcrumb\",\"itemListElement\":[{\"@type\":\"ListItem\",\"position\":1,\"name\":\"Home\",\"item\":\"https:\\\/\\\/thinktank-transit.ch\\\/de\\\/\"},{\"@type\":\"ListItem\",\"position\":2,\"name\":\"Community\"}]},{\"@type\":\"WebSite\",\"@id\":\"https:\\\/\\\/thinktank-transit.ch\\\/de\\\/#website\",\"url\":\"https:\\\/\\\/thinktank-transit.ch\\\/de\\\/\",\"name\":\"TRANSIT\",\"description\":\"\",\"publisher\":{\"@id\":\"https:\\\/\\\/thinktank-transit.ch\\\/de\\\/#organization\"},\"alternateName\":\"Thinktank TRANSIT\",\"potentialAction\":[{\"@type\":\"SearchAction\",\"target\":{\"@type\":\"EntryPoint\",\"urlTemplate\":\"https:\\\/\\\/thinktank-transit.ch\\\/de\\\/?s={search_term_string}\"},\"query-input\":{\"@type\":\"PropertyValueSpecification\",\"valueRequired\":true,\"valueName\":\"search_term_string\"}}],\"inLanguage\":\"de\"},{\"@type\":\"Organization\",\"@id\":\"https:\\\/\\\/thinktank-transit.ch\\\/de\\\/#organization\",\"name\":\"Think Tank TRANSIT\",\"alternateName\":\"TRANSIT\",\"url\":\"https:\\\/\\\/thinktank-transit.ch\\\/de\\\/\",\"logo\":{\"@type\":\"ImageObject\",\"inLanguage\":\"de\",\"@id\":\"https:\\\/\\\/thinktank-transit.ch\\\/de\\\/#\\\/schema\\\/logo\\\/image\\\/\",\"url\":\"https:\\\/\\\/thinktank-transit.ch\\\/app\\\/uploads\\\/sites\\\/3\\\/2023\\\/06\\\/transit.svg\",\"contentUrl\":\"https:\\\/\\\/thinktank-transit.ch\\\/app\\\/uploads\\\/sites\\\/3\\\/2023\\\/06\\\/transit.svg\",\"width\":284,\"height\":48,\"caption\":\"Think Tank TRANSIT\"},\"image\":{\"@id\":\"https:\\\/\\\/thinktank-transit.ch\\\/de\\\/#\\\/schema\\\/logo\\\/image\\\/\"}}]}<\/script>\n<!-- \/ Yoast SEO plugin. -->","yoast_head_json":{"title":"Community - TRANSIT","description":"TRANSIT unterscheidet sich von anderen Think-Tanks durch seinen kollaborativen und interdisziplin\u00e4ren Ansatz.","robots":{"index":"index","follow":"follow","max-snippet":"max-snippet:-1","max-image-preview":"max-image-preview:large","max-video-preview":"max-video-preview:-1"},"canonical":"https:\/\/thinktank-transit.ch\/de\/community\/","og_locale":"de_DE","og_type":"article","og_title":"Community - TRANSIT","og_description":"TRANSIT unterscheidet sich von anderen Think-Tanks durch seinen kollaborativen und interdisziplin\u00e4ren Ansatz.","og_url":"https:\/\/thinktank-transit.ch\/de\/community\/","og_site_name":"TRANSIT","article_modified_time":"2024-12-20T10:41:24+00:00","twitter_card":"summary_large_image","twitter_misc":{"Gesch\u00e4tzte Lesezeit":"2\u00a0Minuten"},"schema":{"@context":"https:\/\/schema.org","@graph":[{"@type":"WebPage","@id":"https:\/\/thinktank-transit.ch\/de\/community\/","url":"https:\/\/thinktank-transit.ch\/de\/community\/","name":"Community - TRANSIT","isPartOf":{"@id":"https:\/\/thinktank-transit.ch\/de\/#website"},"datePublished":"2023-06-05T15:12:06+00:00","dateModified":"2024-12-20T10:41:24+00:00","description":"TRANSIT unterscheidet sich von anderen Think-Tanks durch seinen kollaborativen und interdisziplin\u00e4ren Ansatz.","breadcrumb":{"@id":"https:\/\/thinktank-transit.ch\/de\/community\/#breadcrumb"},"inLanguage":"de","potentialAction":[{"@type":"ReadAction","target":["https:\/\/thinktank-transit.ch\/de\/community\/"]}]},{"@type":"BreadcrumbList","@id":"https:\/\/thinktank-transit.ch\/de\/community\/#breadcrumb","itemListElement":[{"@type":"ListItem","position":1,"name":"Home","item":"https:\/\/thinktank-transit.ch\/de\/"},{"@type":"ListItem","position":2,"name":"Community"}]},{"@type":"WebSite","@id":"https:\/\/thinktank-transit.ch\/de\/#website","url":"https:\/\/thinktank-transit.ch\/de\/","name":"TRANSIT","description":"","publisher":{"@id":"https:\/\/thinktank-transit.ch\/de\/#organization"},"alternateName":"Thinktank TRANSIT","potentialAction":[{"@type":"SearchAction","target":{"@type":"EntryPoint","urlTemplate":"https:\/\/thinktank-transit.ch\/de\/?s={search_term_string}"},"query-input":{"@type":"PropertyValueSpecification","valueRequired":true,"valueName":"search_term_string"}}],"inLanguage":"de"},{"@type":"Organization","@id":"https:\/\/thinktank-transit.ch\/de\/#organization","name":"Think Tank TRANSIT","alternateName":"TRANSIT","url":"https:\/\/thinktank-transit.ch\/de\/","logo":{"@type":"ImageObject","inLanguage":"de","@id":"https:\/\/thinktank-transit.ch\/de\/#\/schema\/logo\/image\/","url":"https:\/\/thinktank-transit.ch\/app\/uploads\/sites\/3\/2023\/06\/transit.svg","contentUrl":"https:\/\/thinktank-transit.ch\/app\/uploads\/sites\/3\/2023\/06\/transit.svg","width":284,"height":48,"caption":"Think Tank TRANSIT"},"image":{"@id":"https:\/\/thinktank-transit.ch\/de\/#\/schema\/logo\/image\/"}}]}},"_links":{"self":[{"href":"https:\/\/thinktank-transit.ch\/de\/wp-json\/wp\/v2\/pages\/1044","targetHints":{"allow":["GET"]}}],"collection":[{"href":"https:\/\/thinktank-transit.ch\/de\/wp-json\/wp\/v2\/pages"}],"about":[{"href":"https:\/\/thinktank-transit.ch\/de\/wp-json\/wp\/v2\/types\/page"}],"author":[{"embeddable":true,"href":"https:\/\/thinktank-transit.ch\/de\/wp-json\/wp\/v2\/users\/1"}],"replies":[{"embeddable":true,"href":"https:\/\/thinktank-transit.ch\/de\/wp-json\/wp\/v2\/comments?post=1044"}],"version-history":[{"count":8,"href":"https:\/\/thinktank-transit.ch\/de\/wp-json\/wp\/v2\/pages\/1044\/revisions"}],"predecessor-version":[{"id":3480,"href":"https:\/\/thinktank-transit.ch\/de\/wp-json\/wp\/v2\/pages\/1044\/revisions\/3480"}],"wp:attachment":[{"href":"https:\/\/thinktank-transit.ch\/de\/wp-json\/wp\/v2\/media?parent=1044"}],"curies":[{"name":"wp","href":"https:\/\/api.w.org\/{rel}","templated":true}]}}