{"id":1055,"date":"2023-06-05T17:08:56","date_gmt":"2023-06-05T15:08:56","guid":{"rendered":"https:\/\/transit.alice.ch\/about-transit\/"},"modified":"2026-03-11T16:05:00","modified_gmt":"2026-03-11T15:05:00","slug":"ueber-transit","status":"publish","type":"page","link":"https:\/\/thinktank-transit.ch\/de\/ueber-transit\/","title":{"rendered":"Think-Tank TRANSIT"},"content":{"rendered":"\n<h1 class=\"wp-block-heading\">\u00dcber den Think-Tank TRANSIT<\/h1>\n\n\n\n<div class=\"wp-block-group is-style-reduced-width is-layout-constrained wp-block-group-is-layout-constrained\">\n<p class=\"is-style-lead\">Der Think-Tank TRANSIT ist eine interdisziplin\u00e4re Plattform. Er entwickelt Analysen, Theorien und Szenarien im Zusammenhang mit der Rolle der Erwachsenenbildung in der Gesellschaft.<\/p>\n\n\n\n<h2 class=\"wp-block-heading\">\u00dcber die Themen, Ziele und den Ansatz des Think-Tanks<\/h2>\n\n\n\n<p>Thematisch liegt der Schwerpunkt auf l\u00e4ngerfristigen gesellschaftlichen Entwicklungen, die f\u00fcr das lebenslange Lernen relevant sind oder werden k\u00f6nnten. Die Ergebnisse des Think-Tanks sollen Organisationen und Experten im Bereich der Erwachsenenbildung Ideen und Anregungen f\u00fcr ihre eigene Weiterentwicklung liefern.<\/p>\n\n\n\n<p>Was TRANSIT von anderen Think Tanks unterscheidet, ist sein kollaborativer Ansatz. TRANSIT st\u00fctzt sich &#8211; wie andere Think-Tanks auch &#8211; auf Fachwissen und wissenschaftliche Analysen. Die behandelten Themen, Szenarien und Perspektiven werden jedoch nicht von einem geschlossenen Kreis von Experten entwickelt, sondern in partizipativen Foren, die allen Interessierten offenstehen. So flie\u00dfen eine Vielzahl von Perspektiven und viele Aspekte des Praxiswissens in die Trendanalysen ein.<\/p>\n\n\n\n<p>Dieser Prozess erfordert viel Zeit und die Bereitschaft, Prozesse und Inhalte kontinuierlich zu reflektieren und gegebenenfalls anzupassen. Und es braucht offene Plattformen, auf denen Themen und Erfahrungen diskutiert und Konzepte f\u00fcr die Zukunft der Bildung erprobt werden k\u00f6nnen.<\/p>\n\n\n\n<p>Der Think-Tank wurde auf Initiative des Schweizerischen Verbands f\u00fcr Weiterbildung 2017 ins Leben gerufen und ist 2018 gestartet. Finanziell unterst\u00fctzt wird er vom Staatssekretariat f\u00fcr Bildung, Forschung und Innovation (SBFI). Der Name TRANSIT symbolisiert die Idee, die hinter dem Think-Tank steht: Einerseits befindet sich die Erwachsenenbildung im Umbruch, andererseits erleben wir generelle Grenzverschiebungen, sei es in Bezug auf die Grenzen zwischen Privat- und Berufsleben oder auf die Grenzen zwischen Arbeit, Lernen und Freizeit, um nur zwei Beispiele zu nennen<\/p>\n<\/div>\n\n\n\n<div class=\"wp-block-group is-style-reduced-width is-layout-constrained wp-block-group-is-layout-constrained\">\n<div class=\"wp-block-columns is-layout-flex wp-container-core-columns-is-layout-28f84493 wp-block-columns-is-layout-flex\">\n<div class=\"wp-block-column is-layout-flow wp-block-column-is-layout-flow\">\n<div class=\"wp-block-buttons is-layout-flex wp-block-buttons-is-layout-flex\">\n<div class=\"wp-block-button has-custom-width wp-block-button__width-100 is-style-outline is-style-outline--1\"><a class=\"wp-block-button__link wp-element-button\" href=\"https:\/\/thinktank-transit.ch\/de\/ueber-transit\/transit-team\/\">Unser Team<\/a><\/div>\n\n\n\n<div class=\"wp-block-button has-custom-width wp-block-button__width-100 is-style-outline is-style-outline--2\"><a class=\"wp-block-button__link wp-element-button\" href=\"https:\/\/thinktank-transit.ch\/de\/ueber-transit\/transit-zukunftslab\/\">TRANSIT-Zukunftslab<\/a><\/div>\n\n\n\n<div class=\"wp-block-button has-custom-width wp-block-button__width-100 is-style-outline is-style-outline--3\"><a class=\"wp-block-button__link wp-element-button\" href=\"https:\/\/thinktank-transit.ch\/de\/ueber-transit\/transit-partner\/\">TRANSIT-Partner<\/a><\/div>\n<\/div>\n<\/div>\n\n\n\n<div class=\"wp-block-column is-layout-flow wp-block-column-is-layout-flow\"><\/div>\n<\/div>\n\n\n\n<h2 class=\"wp-block-heading\">\u00dcber den <a href=\"https:\/\/alice.ch\/de\/\" target=\"_blank\" rel=\"noreferrer noopener\">SVEB (Schweizerischer Verband f\u00fcr Weiterbildung)<\/a><\/h2>\n\n\n\n<figure class=\"wp-block-image size-full is-style-no-border\"><img decoding=\"async\" width=\"188\" height=\"81\" src=\"https:\/\/thinktank-transit.ch\/app\/uploads\/sites\/3\/2023\/06\/sveb-small.png\" alt=\"\" class=\"wp-image-591\"\/><\/figure>\n\n\n\n<p><\/p>\n\n\n\n<p>Als nationaler Dachverband setzt sich der SVEB seit 1951 f\u00fcr die Interessen der Weiterbildung in der Schweiz ein. Der SVEB vertritt die Anliegen seiner Mitglieder auf politischer, gesellschaftlicher und beruflicher Ebene in allen drei Sprachregionen. Er unterst\u00fctzt die Weiterbildungsbranche in der aktuellen Phase des Wandels und tr\u00e4gt mit innovativen Projekten zur Entwicklung des Weiterbildungssystems bei.<\/p>\n\n\n\n<p><strong>Editorial office<\/strong><br>Think Tank TRANSIT<br>c\/o SVEB<br>Swiss Federation of Adult Learning<br>Hardstrasse 235<br>8005 Zurich<br>T: <a href=\"tel:+41443197159\">+41 (0)44 319 71 59<\/a><br>M: <a href=\"mailto:info@thinktank-transit.ch\" target=\"_blank\" rel=\"noreferrer noopener\">info@thinktank-transit.ch<\/a><\/p>\n<\/div>\n","protected":false},"excerpt":{"rendered":"<p>\u00dcber den Think-Tank TRANSIT Der Think-Tank TRANSIT ist eine interdisziplin\u00e4re Plattform. Er entwickelt Analysen, Theorien und Szenarien im Zusammenhang mit [&hellip;]<\/p>\n","protected":false},"author":1,"featured_media":0,"parent":0,"menu_order":49,"comment_status":"closed","ping_status":"closed","template":"","meta":{"_acf_changed":false,"inline_featured_image":false,"footnotes":""},"class_list":["post-1055","page","type-page","status-publish","hentry"],"acf":[],"yoast_head":"<!-- This site is optimized with the Yoast SEO plugin v27.3 - https:\/\/yoast.com\/product\/yoast-seo-wordpress\/ -->\n<title>Think-Tank TRANSIT - TRANSIT<\/title>\n<meta name=\"robots\" content=\"index, follow, max-snippet:-1, max-image-preview:large, max-video-preview:-1\" \/>\n<link rel=\"canonical\" href=\"https:\/\/thinktank-transit.ch\/de\/ueber-transit\/\" \/>\n<meta property=\"og:locale\" content=\"de_DE\" \/>\n<meta property=\"og:type\" content=\"article\" \/>\n<meta property=\"og:title\" content=\"Think-Tank TRANSIT - TRANSIT\" \/>\n<meta property=\"og:description\" content=\"\u00dcber den Think-Tank TRANSIT Der Think-Tank TRANSIT ist eine interdisziplin\u00e4re Plattform. Er entwickelt Analysen, Theorien und Szenarien im Zusammenhang mit [&hellip;]\" \/>\n<meta property=\"og:url\" content=\"https:\/\/thinktank-transit.ch\/de\/ueber-transit\/\" \/>\n<meta property=\"og:site_name\" content=\"TRANSIT\" \/>\n<meta property=\"article:modified_time\" content=\"2026-03-11T15:05:00+00:00\" \/>\n<meta property=\"og:image\" content=\"https:\/\/thinktank-transit.ch\/app\/uploads\/sites\/3\/2023\/06\/sveb-small.png\" \/>\n\t<meta property=\"og:image:width\" content=\"188\" \/>\n\t<meta property=\"og:image:height\" content=\"81\" \/>\n\t<meta property=\"og:image:type\" content=\"image\/png\" \/>\n<meta name=\"twitter:card\" content=\"summary_large_image\" \/>\n<meta name=\"twitter:label1\" content=\"Gesch\u00e4tzte Lesezeit\" \/>\n\t<meta name=\"twitter:data1\" content=\"2\u00a0Minuten\" \/>\n<script type=\"application\/ld+json\" class=\"yoast-schema-graph\">{\"@context\":\"https:\\\/\\\/schema.org\",\"@graph\":[{\"@type\":\"WebPage\",\"@id\":\"https:\\\/\\\/thinktank-transit.ch\\\/de\\\/ueber-transit\\\/\",\"url\":\"https:\\\/\\\/thinktank-transit.ch\\\/de\\\/ueber-transit\\\/\",\"name\":\"Think-Tank TRANSIT - TRANSIT\",\"isPartOf\":{\"@id\":\"https:\\\/\\\/thinktank-transit.ch\\\/de\\\/#website\"},\"primaryImageOfPage\":{\"@id\":\"https:\\\/\\\/thinktank-transit.ch\\\/de\\\/ueber-transit\\\/#primaryimage\"},\"image\":{\"@id\":\"https:\\\/\\\/thinktank-transit.ch\\\/de\\\/ueber-transit\\\/#primaryimage\"},\"thumbnailUrl\":\"https:\\\/\\\/thinktank-transit.ch\\\/app\\\/uploads\\\/sites\\\/3\\\/2023\\\/06\\\/sveb-small.png\",\"datePublished\":\"2023-06-05T15:08:56+00:00\",\"dateModified\":\"2026-03-11T15:05:00+00:00\",\"breadcrumb\":{\"@id\":\"https:\\\/\\\/thinktank-transit.ch\\\/de\\\/ueber-transit\\\/#breadcrumb\"},\"inLanguage\":\"de\",\"potentialAction\":[{\"@type\":\"ReadAction\",\"target\":[\"https:\\\/\\\/thinktank-transit.ch\\\/de\\\/ueber-transit\\\/\"]}]},{\"@type\":\"ImageObject\",\"inLanguage\":\"de\",\"@id\":\"https:\\\/\\\/thinktank-transit.ch\\\/de\\\/ueber-transit\\\/#primaryimage\",\"url\":\"https:\\\/\\\/thinktank-transit.ch\\\/app\\\/uploads\\\/sites\\\/3\\\/2023\\\/06\\\/sveb-small.png\",\"contentUrl\":\"https:\\\/\\\/thinktank-transit.ch\\\/app\\\/uploads\\\/sites\\\/3\\\/2023\\\/06\\\/sveb-small.png\"},{\"@type\":\"BreadcrumbList\",\"@id\":\"https:\\\/\\\/thinktank-transit.ch\\\/de\\\/ueber-transit\\\/#breadcrumb\",\"itemListElement\":[{\"@type\":\"ListItem\",\"position\":1,\"name\":\"Home\",\"item\":\"https:\\\/\\\/thinktank-transit.ch\\\/de\\\/\"},{\"@type\":\"ListItem\",\"position\":2,\"name\":\"Think-Tank TRANSIT\"}]},{\"@type\":\"WebSite\",\"@id\":\"https:\\\/\\\/thinktank-transit.ch\\\/de\\\/#website\",\"url\":\"https:\\\/\\\/thinktank-transit.ch\\\/de\\\/\",\"name\":\"TRANSIT\",\"description\":\"\",\"publisher\":{\"@id\":\"https:\\\/\\\/thinktank-transit.ch\\\/de\\\/#organization\"},\"alternateName\":\"Thinktank TRANSIT\",\"potentialAction\":[{\"@type\":\"SearchAction\",\"target\":{\"@type\":\"EntryPoint\",\"urlTemplate\":\"https:\\\/\\\/thinktank-transit.ch\\\/de\\\/?s={search_term_string}\"},\"query-input\":{\"@type\":\"PropertyValueSpecification\",\"valueRequired\":true,\"valueName\":\"search_term_string\"}}],\"inLanguage\":\"de\"},{\"@type\":\"Organization\",\"@id\":\"https:\\\/\\\/thinktank-transit.ch\\\/de\\\/#organization\",\"name\":\"Think Tank TRANSIT\",\"alternateName\":\"TRANSIT\",\"url\":\"https:\\\/\\\/thinktank-transit.ch\\\/de\\\/\",\"logo\":{\"@type\":\"ImageObject\",\"inLanguage\":\"de\",\"@id\":\"https:\\\/\\\/thinktank-transit.ch\\\/de\\\/#\\\/schema\\\/logo\\\/image\\\/\",\"url\":\"https:\\\/\\\/thinktank-transit.ch\\\/app\\\/uploads\\\/sites\\\/3\\\/2023\\\/06\\\/transit.svg\",\"contentUrl\":\"https:\\\/\\\/thinktank-transit.ch\\\/app\\\/uploads\\\/sites\\\/3\\\/2023\\\/06\\\/transit.svg\",\"width\":284,\"height\":48,\"caption\":\"Think Tank TRANSIT\"},\"image\":{\"@id\":\"https:\\\/\\\/thinktank-transit.ch\\\/de\\\/#\\\/schema\\\/logo\\\/image\\\/\"}}]}<\/script>\n<!-- \/ Yoast SEO plugin. -->","yoast_head_json":{"title":"Think-Tank TRANSIT - TRANSIT","robots":{"index":"index","follow":"follow","max-snippet":"max-snippet:-1","max-image-preview":"max-image-preview:large","max-video-preview":"max-video-preview:-1"},"canonical":"https:\/\/thinktank-transit.ch\/de\/ueber-transit\/","og_locale":"de_DE","og_type":"article","og_title":"Think-Tank TRANSIT - TRANSIT","og_description":"\u00dcber den Think-Tank TRANSIT Der Think-Tank TRANSIT ist eine interdisziplin\u00e4re Plattform. Er entwickelt Analysen, Theorien und Szenarien im Zusammenhang mit [&hellip;]","og_url":"https:\/\/thinktank-transit.ch\/de\/ueber-transit\/","og_site_name":"TRANSIT","article_modified_time":"2026-03-11T15:05:00+00:00","og_image":[{"width":188,"height":81,"url":"https:\/\/thinktank-transit.ch\/app\/uploads\/sites\/3\/2023\/06\/sveb-small.png","type":"image\/png"}],"twitter_card":"summary_large_image","twitter_misc":{"Gesch\u00e4tzte Lesezeit":"2\u00a0Minuten"},"schema":{"@context":"https:\/\/schema.org","@graph":[{"@type":"WebPage","@id":"https:\/\/thinktank-transit.ch\/de\/ueber-transit\/","url":"https:\/\/thinktank-transit.ch\/de\/ueber-transit\/","name":"Think-Tank TRANSIT - TRANSIT","isPartOf":{"@id":"https:\/\/thinktank-transit.ch\/de\/#website"},"primaryImageOfPage":{"@id":"https:\/\/thinktank-transit.ch\/de\/ueber-transit\/#primaryimage"},"image":{"@id":"https:\/\/thinktank-transit.ch\/de\/ueber-transit\/#primaryimage"},"thumbnailUrl":"https:\/\/thinktank-transit.ch\/app\/uploads\/sites\/3\/2023\/06\/sveb-small.png","datePublished":"2023-06-05T15:08:56+00:00","dateModified":"2026-03-11T15:05:00+00:00","breadcrumb":{"@id":"https:\/\/thinktank-transit.ch\/de\/ueber-transit\/#breadcrumb"},"inLanguage":"de","potentialAction":[{"@type":"ReadAction","target":["https:\/\/thinktank-transit.ch\/de\/ueber-transit\/"]}]},{"@type":"ImageObject","inLanguage":"de","@id":"https:\/\/thinktank-transit.ch\/de\/ueber-transit\/#primaryimage","url":"https:\/\/thinktank-transit.ch\/app\/uploads\/sites\/3\/2023\/06\/sveb-small.png","contentUrl":"https:\/\/thinktank-transit.ch\/app\/uploads\/sites\/3\/2023\/06\/sveb-small.png"},{"@type":"BreadcrumbList","@id":"https:\/\/thinktank-transit.ch\/de\/ueber-transit\/#breadcrumb","itemListElement":[{"@type":"ListItem","position":1,"name":"Home","item":"https:\/\/thinktank-transit.ch\/de\/"},{"@type":"ListItem","position":2,"name":"Think-Tank TRANSIT"}]},{"@type":"WebSite","@id":"https:\/\/thinktank-transit.ch\/de\/#website","url":"https:\/\/thinktank-transit.ch\/de\/","name":"TRANSIT","description":"","publisher":{"@id":"https:\/\/thinktank-transit.ch\/de\/#organization"},"alternateName":"Thinktank TRANSIT","potentialAction":[{"@type":"SearchAction","target":{"@type":"EntryPoint","urlTemplate":"https:\/\/thinktank-transit.ch\/de\/?s={search_term_string}"},"query-input":{"@type":"PropertyValueSpecification","valueRequired":true,"valueName":"search_term_string"}}],"inLanguage":"de"},{"@type":"Organization","@id":"https:\/\/thinktank-transit.ch\/de\/#organization","name":"Think Tank TRANSIT","alternateName":"TRANSIT","url":"https:\/\/thinktank-transit.ch\/de\/","logo":{"@type":"ImageObject","inLanguage":"de","@id":"https:\/\/thinktank-transit.ch\/de\/#\/schema\/logo\/image\/","url":"https:\/\/thinktank-transit.ch\/app\/uploads\/sites\/3\/2023\/06\/transit.svg","contentUrl":"https:\/\/thinktank-transit.ch\/app\/uploads\/sites\/3\/2023\/06\/transit.svg","width":284,"height":48,"caption":"Think Tank TRANSIT"},"image":{"@id":"https:\/\/thinktank-transit.ch\/de\/#\/schema\/logo\/image\/"}}]}},"_links":{"self":[{"href":"https:\/\/thinktank-transit.ch\/de\/wp-json\/wp\/v2\/pages\/1055","targetHints":{"allow":["GET"]}}],"collection":[{"href":"https:\/\/thinktank-transit.ch\/de\/wp-json\/wp\/v2\/pages"}],"about":[{"href":"https:\/\/thinktank-transit.ch\/de\/wp-json\/wp\/v2\/types\/page"}],"author":[{"embeddable":true,"href":"https:\/\/thinktank-transit.ch\/de\/wp-json\/wp\/v2\/users\/1"}],"replies":[{"embeddable":true,"href":"https:\/\/thinktank-transit.ch\/de\/wp-json\/wp\/v2\/comments?post=1055"}],"version-history":[{"count":20,"href":"https:\/\/thinktank-transit.ch\/de\/wp-json\/wp\/v2\/pages\/1055\/revisions"}],"predecessor-version":[{"id":4187,"href":"https:\/\/thinktank-transit.ch\/de\/wp-json\/wp\/v2\/pages\/1055\/revisions\/4187"}],"wp:attachment":[{"href":"https:\/\/thinktank-transit.ch\/de\/wp-json\/wp\/v2\/media?parent=1055"}],"curies":[{"name":"wp","href":"https:\/\/api.w.org\/{rel}","templated":true}]}}