{"id":3666,"date":"2026-03-09T13:32:36","date_gmt":"2026-03-09T12:32:36","guid":{"rendered":"https:\/\/thinktank-transit.ch\/?page_id=3666"},"modified":"2026-04-07T11:12:27","modified_gmt":"2026-04-07T09:12:27","slug":"transit-zukunftslab","status":"publish","type":"page","link":"https:\/\/thinktank-transit.ch\/de\/ueber-transit\/transit-zukunftslab\/","title":{"rendered":"TRANSIT-Zukunftslab"},"content":{"rendered":"\n<h1 class=\"wp-block-heading\">TRANSIT-Zukunftslab<\/h1>\n\n\n\n<div class=\"wp-block-group is-style-reduced-width is-layout-constrained wp-block-group-is-layout-constrained\">\n<p class=\"is-style-lead\">Das TRANSIT-Zukunftslab unterst\u00fctzt Bildungsakteure dabei, Weiterbildung auf die Herausforderungen und Chancen einer sich wandelnden Gesellschaft auszurichten.<\/p>\n\n\n\n<p>Technologische Innovationen, demografischer Wandel und globale Herausforderungen ver\u00e4ndern unsere Lebens- und Arbeitswelt tiefgreifend. Menschen sind heute nicht nur gefordert, sich an Ver\u00e4nderungen anzupassen, sondern auch, den Wandel mitzugestalten. Daf\u00fcr brauchen sie Zukunftskompetenzen. Das TRANSIT-Zukunftslab unterst\u00fctzt Bildungsakteure dabei, Weiterbildung so weiterzuentwickeln, dass sie Menschen bef\u00e4higt, Wandel mitzugestalten. Es st\u00e4rkt damit die Weiterbildung als Schl\u00fcssel f\u00fcr gesellschaftliche Transformation.<\/p>\n\n\n\n<h2 class=\"wp-block-heading\">Ziele<\/h2>\n\n\n\n<p>Das TRANSIT-Zukunftslab schafft Raum, um<\/p>\n\n\n\n<ul class=\"wp-block-list\">\n<li>gesellschaftlichen Wandel und Trends zu verstehen und ihre Bedeutung f\u00fcr die Weiterbildung gemeinsam zu reflektieren.<\/li>\n\n\n\n<li>bestehende Ans\u00e4tze weiterzudenken und neue Perspektiven f\u00fcr die Weiterbildung der Zukunft zu entwickeln.<\/li>\n\n\n\n<li>Visionen, Strategien und Handlungsans\u00e4tze f\u00fcr Organisationen und Lernangebote zu erarbeiten.<\/li>\n\n\n\n<li>Menschen dabei zu unterst\u00fctzen, Wandel mitzugestalten.<\/li>\n<\/ul>\n\n\n\n<h2 class=\"wp-block-heading\">Was bietet das TRANSIT-Zukunftslab?<\/h2>\n\n\n\n<p>Das TRANSIT-Zukunftslab leitet zu kollaborativer Zukunftsarbeit an. Es bietet einen offenen Denkraum sowie einen strukturierten Prozess, der Bildungsakteure von der Auseinandersetzung mit gesellschaftlichem Wandel \u00fcber die Reflexion der eigenen Rolle bis hin zur Entwicklung konkreter Handlungsans\u00e4tze begleitet.<\/p>\n\n\n\n<p>Teilnehmende erhalten:<\/p>\n\n\n\n<ul class=\"wp-block-list\">\n<li>fundierte Grundlagen zum Verst\u00e4ndnis gesellschaftlichen Wandels  und seiner Bedeutung f\u00fcr die Weiterbildung<\/li>\n\n\n\n<li>Raum zur Reflexion der eigenen Rolle als Bildungsakteure<\/li>\n\n\n\n<li>Anleitung zu kollaborativer Zukunftsarbeit<\/li>\n\n\n\n<li>Inspiration und praktische Werkzeuge f\u00fcr zukunftsgerichtete Bildungsangebote<\/li>\n<\/ul>\n\n\n\n<h2 class=\"wp-block-heading\">Zielgruppen<\/h2>\n\n\n\n<p>Alle, die sich mit gesellschaftlichem Wandel und der Zukunft der Weiterbildung besch\u00e4ftigen wollen. Insbesondere Weiterbildungsanbieter, Organisationen der Zivilgesellschaft, Betriebe und \u00f6ffentliche Institutionen.<\/p>\n\n\n\n<div class=\"wp-block-columns is-layout-flex wp-container-core-columns-is-layout-28f84493 wp-block-columns-is-layout-flex\">\n<div class=\"wp-block-column is-layout-flow wp-block-column-is-layout-flow\">\n<div class=\"wp-block-buttons is-layout-flex wp-block-buttons-is-layout-flex\">\n<div class=\"wp-block-button is-style-outline is-style-outline--1\"><a class=\"wp-block-button__link wp-element-button\" href=\"https:\/\/thinktank-transit.ch\/de\/ueber-transit\/transit-partner\/\">TRANSIT-Zukunftslab unterst\u00fctzen<\/a><\/div>\n<\/div>\n<\/div>\n\n\n\n<div class=\"wp-block-column is-layout-flow wp-block-column-is-layout-flow\"><\/div>\n<\/div>\n\n\n\n<h2 class=\"wp-block-heading\">Partner von TRANSIT<\/h2>\n\n\n\n<div class=\"wp-block-media-text is-stacked-on-mobile\" style=\"grid-template-columns:30% auto\"><figure class=\"wp-block-media-text__media\"><a href=\"https:\/\/www.sbfi.admin.ch\/sbfi\/de\/home.html\" target=\"_blank\" rel=\" noreferrer noopener\"><img decoding=\"async\" width=\"600\" height=\"125\" src=\"https:\/\/thinktank-transit.ch\/app\/uploads\/sites\/3\/2025\/04\/sbfi-logo.png\" alt=\"\" class=\"wp-image-3671 size-full\" srcset=\"https:\/\/thinktank-transit.ch\/app\/uploads\/sites\/3\/2025\/04\/sbfi-logo.png 600w, https:\/\/thinktank-transit.ch\/app\/uploads\/sites\/3\/2025\/04\/sbfi-logo-300x63.png 300w\" sizes=\"(max-width: 600px) 100vw, 600px\" \/><\/a><\/figure><div class=\"wp-block-media-text__content\">\n<p><a href=\"https:\/\/www.sbfi.admin.ch\/sbfi\/de\/home.html\" target=\"_blank\" rel=\"noreferrer noopener\">Staatssekretariat f\u00fcr Bildung, Forschung und Innovation (SBFI)<\/a><\/p>\n<\/div><\/div>\n\n\n\n<h2 class=\"wp-block-heading\">Kontakt<\/h2>\n\n\n\n<div class=\"wp-block-columns is-layout-flex wp-container-core-columns-is-layout-28f84493 wp-block-columns-is-layout-flex\">\n<div class=\"wp-block-column is-layout-flow wp-block-column-is-layout-flow\" style=\"flex-basis:50%\"><div class=\"contact-persons\">\n\n\t\t\t\t\t<div class=\"contact-person\">\n\t\t\t\t\tDr. Helen Buchs<br \/>\t\t\t\t\tDirector TRANSIT<br \/>\t\t\t\t\t<br \/>\n\t\t\t\t\t\t\t\t\t\t\t\t\t\t\t<a href=\"mailto:helen.buchs@thinktank-transit.ch\">helen.buchs@thinktank-transit.ch<\/a><br \/>\t\t\t\t\t<\/div>\n\t\t\t\t\t<\/div>\n<\/div>\n\n\n\n<div class=\"wp-block-column is-layout-flow wp-block-column-is-layout-flow\" style=\"flex-basis:50%\"><\/div>\n<\/div>\n<\/div>\n","protected":false},"excerpt":{"rendered":"<p>TRANSIT-Zukunftslab Das TRANSIT-Zukunftslab unterst\u00fctzt Bildungsakteure dabei, Weiterbildung auf die Herausforderungen und Chancen einer sich wandelnden Gesellschaft auszurichten. Technologische Innovationen, demografischer [&hellip;]<\/p>\n","protected":false},"author":5,"featured_media":0,"parent":1055,"menu_order":21,"comment_status":"closed","ping_status":"closed","template":"","meta":{"_acf_changed":false,"inline_featured_image":false,"footnotes":""},"class_list":["post-3666","page","type-page","status-publish","hentry"],"acf":[],"yoast_head":"<!-- This site is optimized with the Yoast SEO plugin v27.3 - https:\/\/yoast.com\/product\/yoast-seo-wordpress\/ -->\n<title>TRANSIT-Zukunftslab - TRANSIT<\/title>\n<meta name=\"description\" content=\"TRANSIT ver\u00f6ffentlicht Trendberichte und weitere Publikationen \u00fcber die Zukunft der Weiterbildung. Sie sind als Download frei verf\u00fcgbar.\" \/>\n<meta name=\"robots\" content=\"index, nofollow, max-snippet:-1, max-image-preview:large, max-video-preview:-1\" \/>\n<link rel=\"canonical\" href=\"https:\/\/thinktank-transit.ch\/de\/ueber-transit\/transit-zukunftslab\/\" \/>\n<meta property=\"og:locale\" content=\"de_DE\" \/>\n<meta property=\"og:type\" content=\"article\" \/>\n<meta property=\"og:title\" content=\"TRANSIT-Zukunftslab - TRANSIT\" \/>\n<meta property=\"og:description\" content=\"TRANSIT ver\u00f6ffentlicht Trendberichte und weitere Publikationen \u00fcber die Zukunft der Weiterbildung. Sie sind als Download frei verf\u00fcgbar.\" \/>\n<meta property=\"og:url\" content=\"https:\/\/thinktank-transit.ch\/de\/ueber-transit\/transit-zukunftslab\/\" \/>\n<meta property=\"og:site_name\" content=\"TRANSIT\" \/>\n<meta property=\"article:modified_time\" content=\"2026-04-07T09:12:27+00:00\" \/>\n<meta property=\"og:image\" content=\"https:\/\/thinktank-transit.ch\/app\/uploads\/sites\/3\/2025\/04\/sbfi-logo.png\" \/>\n\t<meta property=\"og:image:width\" content=\"600\" \/>\n\t<meta property=\"og:image:height\" content=\"125\" \/>\n\t<meta property=\"og:image:type\" content=\"image\/png\" \/>\n<meta name=\"twitter:card\" content=\"summary_large_image\" \/>\n<meta name=\"twitter:label1\" content=\"Gesch\u00e4tzte Lesezeit\" \/>\n\t<meta name=\"twitter:data1\" content=\"1\u00a0Minute\" \/>\n<script type=\"application\/ld+json\" class=\"yoast-schema-graph\">{\"@context\":\"https:\\\/\\\/schema.org\",\"@graph\":[{\"@type\":\"WebPage\",\"@id\":\"https:\\\/\\\/thinktank-transit.ch\\\/de\\\/ueber-transit\\\/transit-zukunftslab\\\/\",\"url\":\"https:\\\/\\\/thinktank-transit.ch\\\/de\\\/ueber-transit\\\/transit-zukunftslab\\\/\",\"name\":\"TRANSIT-Zukunftslab - TRANSIT\",\"isPartOf\":{\"@id\":\"https:\\\/\\\/thinktank-transit.ch\\\/de\\\/#website\"},\"primaryImageOfPage\":{\"@id\":\"https:\\\/\\\/thinktank-transit.ch\\\/de\\\/ueber-transit\\\/transit-zukunftslab\\\/#primaryimage\"},\"image\":{\"@id\":\"https:\\\/\\\/thinktank-transit.ch\\\/de\\\/ueber-transit\\\/transit-zukunftslab\\\/#primaryimage\"},\"thumbnailUrl\":\"https:\\\/\\\/thinktank-transit.ch\\\/app\\\/uploads\\\/sites\\\/3\\\/2025\\\/04\\\/sbfi-logo.png\",\"datePublished\":\"2026-03-09T12:32:36+00:00\",\"dateModified\":\"2026-04-07T09:12:27+00:00\",\"description\":\"TRANSIT ver\u00f6ffentlicht Trendberichte und weitere Publikationen \u00fcber die Zukunft der Weiterbildung. Sie sind als Download frei verf\u00fcgbar.\",\"breadcrumb\":{\"@id\":\"https:\\\/\\\/thinktank-transit.ch\\\/de\\\/ueber-transit\\\/transit-zukunftslab\\\/#breadcrumb\"},\"inLanguage\":\"de\",\"potentialAction\":[{\"@type\":\"ReadAction\",\"target\":[\"https:\\\/\\\/thinktank-transit.ch\\\/de\\\/ueber-transit\\\/transit-zukunftslab\\\/\"]}]},{\"@type\":\"ImageObject\",\"inLanguage\":\"de\",\"@id\":\"https:\\\/\\\/thinktank-transit.ch\\\/de\\\/ueber-transit\\\/transit-zukunftslab\\\/#primaryimage\",\"url\":\"https:\\\/\\\/thinktank-transit.ch\\\/app\\\/uploads\\\/sites\\\/3\\\/2025\\\/04\\\/sbfi-logo.png\",\"contentUrl\":\"https:\\\/\\\/thinktank-transit.ch\\\/app\\\/uploads\\\/sites\\\/3\\\/2025\\\/04\\\/sbfi-logo.png\"},{\"@type\":\"BreadcrumbList\",\"@id\":\"https:\\\/\\\/thinktank-transit.ch\\\/de\\\/ueber-transit\\\/transit-zukunftslab\\\/#breadcrumb\",\"itemListElement\":[{\"@type\":\"ListItem\",\"position\":1,\"name\":\"Home\",\"item\":\"https:\\\/\\\/thinktank-transit.ch\\\/de\\\/\"},{\"@type\":\"ListItem\",\"position\":2,\"name\":\"Think-Tank TRANSIT\",\"item\":\"https:\\\/\\\/thinktank-transit.ch\\\/de\\\/ueber-transit\\\/\"},{\"@type\":\"ListItem\",\"position\":3,\"name\":\"TRANSIT-Zukunftslab\"}]},{\"@type\":\"WebSite\",\"@id\":\"https:\\\/\\\/thinktank-transit.ch\\\/de\\\/#website\",\"url\":\"https:\\\/\\\/thinktank-transit.ch\\\/de\\\/\",\"name\":\"TRANSIT\",\"description\":\"\",\"publisher\":{\"@id\":\"https:\\\/\\\/thinktank-transit.ch\\\/de\\\/#organization\"},\"alternateName\":\"Thinktank TRANSIT\",\"potentialAction\":[{\"@type\":\"SearchAction\",\"target\":{\"@type\":\"EntryPoint\",\"urlTemplate\":\"https:\\\/\\\/thinktank-transit.ch\\\/de\\\/?s={search_term_string}\"},\"query-input\":{\"@type\":\"PropertyValueSpecification\",\"valueRequired\":true,\"valueName\":\"search_term_string\"}}],\"inLanguage\":\"de\"},{\"@type\":\"Organization\",\"@id\":\"https:\\\/\\\/thinktank-transit.ch\\\/de\\\/#organization\",\"name\":\"Think Tank TRANSIT\",\"alternateName\":\"TRANSIT\",\"url\":\"https:\\\/\\\/thinktank-transit.ch\\\/de\\\/\",\"logo\":{\"@type\":\"ImageObject\",\"inLanguage\":\"de\",\"@id\":\"https:\\\/\\\/thinktank-transit.ch\\\/de\\\/#\\\/schema\\\/logo\\\/image\\\/\",\"url\":\"https:\\\/\\\/thinktank-transit.ch\\\/app\\\/uploads\\\/sites\\\/3\\\/2023\\\/06\\\/transit.svg\",\"contentUrl\":\"https:\\\/\\\/thinktank-transit.ch\\\/app\\\/uploads\\\/sites\\\/3\\\/2023\\\/06\\\/transit.svg\",\"width\":284,\"height\":48,\"caption\":\"Think Tank TRANSIT\"},\"image\":{\"@id\":\"https:\\\/\\\/thinktank-transit.ch\\\/de\\\/#\\\/schema\\\/logo\\\/image\\\/\"}}]}<\/script>\n<!-- \/ Yoast SEO plugin. -->","yoast_head_json":{"title":"TRANSIT-Zukunftslab - TRANSIT","description":"TRANSIT ver\u00f6ffentlicht Trendberichte und weitere Publikationen \u00fcber die Zukunft der Weiterbildung. Sie sind als Download frei verf\u00fcgbar.","robots":{"index":"index","follow":"nofollow","max-snippet":"max-snippet:-1","max-image-preview":"max-image-preview:large","max-video-preview":"max-video-preview:-1"},"canonical":"https:\/\/thinktank-transit.ch\/de\/ueber-transit\/transit-zukunftslab\/","og_locale":"de_DE","og_type":"article","og_title":"TRANSIT-Zukunftslab - TRANSIT","og_description":"TRANSIT ver\u00f6ffentlicht Trendberichte und weitere Publikationen \u00fcber die Zukunft der Weiterbildung. Sie sind als Download frei verf\u00fcgbar.","og_url":"https:\/\/thinktank-transit.ch\/de\/ueber-transit\/transit-zukunftslab\/","og_site_name":"TRANSIT","article_modified_time":"2026-04-07T09:12:27+00:00","og_image":[{"width":600,"height":125,"url":"https:\/\/thinktank-transit.ch\/app\/uploads\/sites\/3\/2025\/04\/sbfi-logo.png","type":"image\/png"}],"twitter_card":"summary_large_image","twitter_misc":{"Gesch\u00e4tzte Lesezeit":"1\u00a0Minute"},"schema":{"@context":"https:\/\/schema.org","@graph":[{"@type":"WebPage","@id":"https:\/\/thinktank-transit.ch\/de\/ueber-transit\/transit-zukunftslab\/","url":"https:\/\/thinktank-transit.ch\/de\/ueber-transit\/transit-zukunftslab\/","name":"TRANSIT-Zukunftslab - TRANSIT","isPartOf":{"@id":"https:\/\/thinktank-transit.ch\/de\/#website"},"primaryImageOfPage":{"@id":"https:\/\/thinktank-transit.ch\/de\/ueber-transit\/transit-zukunftslab\/#primaryimage"},"image":{"@id":"https:\/\/thinktank-transit.ch\/de\/ueber-transit\/transit-zukunftslab\/#primaryimage"},"thumbnailUrl":"https:\/\/thinktank-transit.ch\/app\/uploads\/sites\/3\/2025\/04\/sbfi-logo.png","datePublished":"2026-03-09T12:32:36+00:00","dateModified":"2026-04-07T09:12:27+00:00","description":"TRANSIT ver\u00f6ffentlicht Trendberichte und weitere Publikationen \u00fcber die Zukunft der Weiterbildung. Sie sind als Download frei verf\u00fcgbar.","breadcrumb":{"@id":"https:\/\/thinktank-transit.ch\/de\/ueber-transit\/transit-zukunftslab\/#breadcrumb"},"inLanguage":"de","potentialAction":[{"@type":"ReadAction","target":["https:\/\/thinktank-transit.ch\/de\/ueber-transit\/transit-zukunftslab\/"]}]},{"@type":"ImageObject","inLanguage":"de","@id":"https:\/\/thinktank-transit.ch\/de\/ueber-transit\/transit-zukunftslab\/#primaryimage","url":"https:\/\/thinktank-transit.ch\/app\/uploads\/sites\/3\/2025\/04\/sbfi-logo.png","contentUrl":"https:\/\/thinktank-transit.ch\/app\/uploads\/sites\/3\/2025\/04\/sbfi-logo.png"},{"@type":"BreadcrumbList","@id":"https:\/\/thinktank-transit.ch\/de\/ueber-transit\/transit-zukunftslab\/#breadcrumb","itemListElement":[{"@type":"ListItem","position":1,"name":"Home","item":"https:\/\/thinktank-transit.ch\/de\/"},{"@type":"ListItem","position":2,"name":"Think-Tank TRANSIT","item":"https:\/\/thinktank-transit.ch\/de\/ueber-transit\/"},{"@type":"ListItem","position":3,"name":"TRANSIT-Zukunftslab"}]},{"@type":"WebSite","@id":"https:\/\/thinktank-transit.ch\/de\/#website","url":"https:\/\/thinktank-transit.ch\/de\/","name":"TRANSIT","description":"","publisher":{"@id":"https:\/\/thinktank-transit.ch\/de\/#organization"},"alternateName":"Thinktank TRANSIT","potentialAction":[{"@type":"SearchAction","target":{"@type":"EntryPoint","urlTemplate":"https:\/\/thinktank-transit.ch\/de\/?s={search_term_string}"},"query-input":{"@type":"PropertyValueSpecification","valueRequired":true,"valueName":"search_term_string"}}],"inLanguage":"de"},{"@type":"Organization","@id":"https:\/\/thinktank-transit.ch\/de\/#organization","name":"Think Tank TRANSIT","alternateName":"TRANSIT","url":"https:\/\/thinktank-transit.ch\/de\/","logo":{"@type":"ImageObject","inLanguage":"de","@id":"https:\/\/thinktank-transit.ch\/de\/#\/schema\/logo\/image\/","url":"https:\/\/thinktank-transit.ch\/app\/uploads\/sites\/3\/2023\/06\/transit.svg","contentUrl":"https:\/\/thinktank-transit.ch\/app\/uploads\/sites\/3\/2023\/06\/transit.svg","width":284,"height":48,"caption":"Think Tank TRANSIT"},"image":{"@id":"https:\/\/thinktank-transit.ch\/de\/#\/schema\/logo\/image\/"}}]}},"_links":{"self":[{"href":"https:\/\/thinktank-transit.ch\/de\/wp-json\/wp\/v2\/pages\/3666","targetHints":{"allow":["GET"]}}],"collection":[{"href":"https:\/\/thinktank-transit.ch\/de\/wp-json\/wp\/v2\/pages"}],"about":[{"href":"https:\/\/thinktank-transit.ch\/de\/wp-json\/wp\/v2\/types\/page"}],"author":[{"embeddable":true,"href":"https:\/\/thinktank-transit.ch\/de\/wp-json\/wp\/v2\/users\/5"}],"replies":[{"embeddable":true,"href":"https:\/\/thinktank-transit.ch\/de\/wp-json\/wp\/v2\/comments?post=3666"}],"version-history":[{"count":22,"href":"https:\/\/thinktank-transit.ch\/de\/wp-json\/wp\/v2\/pages\/3666\/revisions"}],"predecessor-version":[{"id":4225,"href":"https:\/\/thinktank-transit.ch\/de\/wp-json\/wp\/v2\/pages\/3666\/revisions\/4225"}],"up":[{"embeddable":true,"href":"https:\/\/thinktank-transit.ch\/de\/wp-json\/wp\/v2\/pages\/1055"}],"wp:attachment":[{"href":"https:\/\/thinktank-transit.ch\/de\/wp-json\/wp\/v2\/media?parent=3666"}],"curies":[{"name":"wp","href":"https:\/\/api.w.org\/{rel}","templated":true}]}}