{"id":407,"date":"2023-06-05T17:13:40","date_gmt":"2023-06-05T15:13:40","guid":{"rendered":"https:\/\/transit.alice.ch\/dialogues\/"},"modified":"2023-07-14T16:55:40","modified_gmt":"2023-07-14T14:55:40","slug":"dialoge","status":"publish","type":"page","link":"https:\/\/thinktank-transit.ch\/de\/themen\/dialoge\/","title":{"rendered":"Dialoge"},"content":{"rendered":"\n<h1 class=\"wp-block-heading\">Dialoge<\/h1>\n\n\n\n<div class=\"wp-block-group is-style-reduced-width is-layout-constrained wp-block-group-is-layout-constrained\">\n<p class=\"is-style-lead\">In den Dialogen zur Zukunft der Weiterbildung sprechen wir mit Expertinnen und Expterten aus unterschiedlichen wissenschaftlichen Disziplinen.\u00a0Ihr Wissen soll dazu beitragen, die Entwicklungen auf dem Feld der Weiterbildung in einem breiteren Kontext zu verstehen. Zu Wort kommen indes auch Wissenschafterlinnen und Wissenschaftler aus der Erwachsenenbildung. Sie tragen dazu bei, die Praxis zu reflektieren.<\/p>\n\n\n\n<div class=\"wp-block-group has-cyan-bluish-gray-background-color has-background is-layout-constrained wp-block-group-is-layout-constrained\">\n<p>Alle Inhalte auf der TRANSIT-Website sind in Englisch und zus\u00e4tzlich jeweils auf Deutsch und\/oder Franz\u00f6sisch verf\u00fcgbar. Inhalte, die in Deutsch nicht verf\u00fcgbar sind, werden auf Englisch angezeigt und k\u00f6nnen auch auf der franz\u00f6sischsprachigen Unterseite abgerufen werden.<\/p>\n<\/div>\n<\/div>\n\n\n\n<div class=\"wp-block-query is-style-mobile-slider is-layout-flow wp-block-query-is-layout-flow\"><ul class=\"is-flex-container columns-3 wp-block-post-template is-layout-flow wp-block-post-template-is-layout-flow\"><li class=\"wp-block-post post-4197 dialogue type-dialogue status-publish has-post-thumbnail hentry dialogue-category-politische-bildung dialogue-tag-ulrich-brand\">\n<figure class=\"wp-block-post-featured-image\"><a href=\"https:\/\/thinktank-transit.ch\/de\/dialogue\/politische-bildung-fuer-eine-solidarische-lebensweise\/\" target=\"_self\"  ><img decoding=\"async\" width=\"2560\" height=\"1708\" src=\"https:\/\/thinktank-transit.ch\/app\/uploads\/sites\/3\/2026\/03\/Foto-Ulrich-Brand_Saeule_cmarkus-zahradnik_verwendung-kostenfrei-scaled.jpg\" class=\"attachment-post-thumbnail size-post-thumbnail wp-post-image\" alt=\"Politische Bildung f\u00fcr eine solidarische Lebensweise\" style=\"object-fit:cover;\" srcset=\"https:\/\/thinktank-transit.ch\/app\/uploads\/sites\/3\/2026\/03\/Foto-Ulrich-Brand_Saeule_cmarkus-zahradnik_verwendung-kostenfrei-scaled.jpg 2560w, https:\/\/thinktank-transit.ch\/app\/uploads\/sites\/3\/2026\/03\/Foto-Ulrich-Brand_Saeule_cmarkus-zahradnik_verwendung-kostenfrei-300x200.jpg 300w, https:\/\/thinktank-transit.ch\/app\/uploads\/sites\/3\/2026\/03\/Foto-Ulrich-Brand_Saeule_cmarkus-zahradnik_verwendung-kostenfrei-1024x683.jpg 1024w, https:\/\/thinktank-transit.ch\/app\/uploads\/sites\/3\/2026\/03\/Foto-Ulrich-Brand_Saeule_cmarkus-zahradnik_verwendung-kostenfrei-768x512.jpg 768w, https:\/\/thinktank-transit.ch\/app\/uploads\/sites\/3\/2026\/03\/Foto-Ulrich-Brand_Saeule_cmarkus-zahradnik_verwendung-kostenfrei-1536x1025.jpg 1536w, https:\/\/thinktank-transit.ch\/app\/uploads\/sites\/3\/2026\/03\/Foto-Ulrich-Brand_Saeule_cmarkus-zahradnik_verwendung-kostenfrei-2048x1366.jpg 2048w\" sizes=\"(max-width: 2560px) 100vw, 2560px\" \/><\/a><\/figure>\n\n\n\n\n<div class=\"wp-block-post-date\"><time datetime=\"2026-03-17T10:33:26+01:00\">17. M\u00e4rz 2026<\/time><\/div>\n\n<h3 class=\"wp-block-post-title\"><a href=\"https:\/\/thinktank-transit.ch\/de\/dialogue\/politische-bildung-fuer-eine-solidarische-lebensweise\/\" target=\"_self\" >Politische Bildung f\u00fcr eine solidarische Lebensweise<\/a><\/h3>\n\n<a class=\"wp-block-query-loop-link is-style-minimal\" href=\"https:\/\/thinktank-transit.ch\/de\/dialogue\/politische-bildung-fuer-eine-solidarische-lebensweise\/\">Artikel lesen<\/a>\n\n<\/li><li class=\"wp-block-post post-4095 dialogue type-dialogue status-publish has-post-thumbnail hentry dialogue-tag-andreas-hadjar\">\n<figure class=\"wp-block-post-featured-image\"><a href=\"https:\/\/thinktank-transit.ch\/de\/dialogue\/warum-meritokratie-auch-ungleichheiten-produziert\/\" target=\"_self\"  ><img decoding=\"async\" width=\"463\" height=\"359\" src=\"https:\/\/thinktank-transit.ch\/app\/uploads\/sites\/3\/2025\/11\/Picture-Hadjar.jpg\" class=\"attachment-post-thumbnail size-post-thumbnail wp-post-image\" alt=\"Warum Meritokratie auch Ungleichheiten produziert\" style=\"object-fit:cover;\" srcset=\"https:\/\/thinktank-transit.ch\/app\/uploads\/sites\/3\/2025\/11\/Picture-Hadjar.jpg 463w, https:\/\/thinktank-transit.ch\/app\/uploads\/sites\/3\/2025\/11\/Picture-Hadjar-300x233.jpg 300w\" sizes=\"(max-width: 463px) 100vw, 463px\" \/><\/a><\/figure>\n\n\n\n\n<div class=\"wp-block-post-date\"><time datetime=\"2025-11-20T15:43:26+01:00\">20. November 2025<\/time><\/div>\n\n<h3 class=\"wp-block-post-title\"><a href=\"https:\/\/thinktank-transit.ch\/de\/dialogue\/warum-meritokratie-auch-ungleichheiten-produziert\/\" target=\"_self\" >Warum Meritokratie auch Ungleichheiten produziert<\/a><\/h3>\n\n<a class=\"wp-block-query-loop-link is-style-minimal\" href=\"https:\/\/thinktank-transit.ch\/de\/dialogue\/warum-meritokratie-auch-ungleichheiten-produziert\/\">Artikel lesen<\/a>\n\n<\/li><li class=\"wp-block-post post-3878 dialogue type-dialogue status-publish has-post-thumbnail hentry dialogue-tag-klaus-petrus\">\n<figure class=\"wp-block-post-featured-image\"><a href=\"https:\/\/thinktank-transit.ch\/de\/dialogue\/mit-geschichten-bilder-im-kopf-verschieben\/\" target=\"_self\"  ><img decoding=\"async\" width=\"2048\" height=\"1152\" src=\"https:\/\/thinktank-transit.ch\/app\/uploads\/sites\/3\/2025\/09\/Klaus-Petrus-04122-2048x1152-1.jpg\" class=\"attachment-post-thumbnail size-post-thumbnail wp-post-image\" alt=\"Mit Geschichten die Bilder im Kopf verschieben\" style=\"object-fit:cover;\" srcset=\"https:\/\/thinktank-transit.ch\/app\/uploads\/sites\/3\/2025\/09\/Klaus-Petrus-04122-2048x1152-1.jpg 2048w, https:\/\/thinktank-transit.ch\/app\/uploads\/sites\/3\/2025\/09\/Klaus-Petrus-04122-2048x1152-1-300x169.jpg 300w, https:\/\/thinktank-transit.ch\/app\/uploads\/sites\/3\/2025\/09\/Klaus-Petrus-04122-2048x1152-1-1024x576.jpg 1024w, https:\/\/thinktank-transit.ch\/app\/uploads\/sites\/3\/2025\/09\/Klaus-Petrus-04122-2048x1152-1-768x432.jpg 768w, https:\/\/thinktank-transit.ch\/app\/uploads\/sites\/3\/2025\/09\/Klaus-Petrus-04122-2048x1152-1-1536x864.jpg 1536w\" sizes=\"(max-width: 2048px) 100vw, 2048px\" \/><\/a><\/figure>\n\n\n\n\n<div class=\"wp-block-post-date\"><time datetime=\"2025-09-04T09:40:47+02:00\">4. September 2025<\/time><\/div>\n\n<h3 class=\"wp-block-post-title\"><a href=\"https:\/\/thinktank-transit.ch\/de\/dialogue\/mit-geschichten-bilder-im-kopf-verschieben\/\" target=\"_self\" >Mit Geschichten die Bilder im Kopf verschieben<\/a><\/h3>\n\n<a class=\"wp-block-query-loop-link is-style-minimal\" href=\"https:\/\/thinktank-transit.ch\/de\/dialogue\/mit-geschichten-bilder-im-kopf-verschieben\/\">Artikel lesen<\/a>\n\n<\/li><li class=\"wp-block-post post-3786 dialogue type-dialogue status-publish has-post-thumbnail hentry dialogue-tag-stefanie-roedel\">\n<figure class=\"wp-block-post-featured-image\"><a href=\"https:\/\/thinktank-transit.ch\/de\/dialogue\/die-perfektionismus-falle\/\" target=\"_self\"  ><img decoding=\"async\" width=\"241\" height=\"279\" src=\"https:\/\/thinktank-transit.ch\/app\/uploads\/sites\/3\/2025\/07\/Foto_aktuell_Stefanie_Roedel.jpeg\" class=\"attachment-post-thumbnail size-post-thumbnail wp-post-image\" alt=\"Die Perfektionismus-Falle\" style=\"object-fit:cover;\" \/><\/a><\/figure>\n\n\n\n\n<div class=\"wp-block-post-date\"><time datetime=\"2025-07-14T11:53:42+02:00\">14. Juli 2025<\/time><\/div>\n\n<h3 class=\"wp-block-post-title\"><a href=\"https:\/\/thinktank-transit.ch\/de\/dialogue\/die-perfektionismus-falle\/\" target=\"_self\" >Die Perfektionismus-Falle<\/a><\/h3>\n\n<a class=\"wp-block-query-loop-link is-style-minimal\" href=\"https:\/\/thinktank-transit.ch\/de\/dialogue\/die-perfektionismus-falle\/\">Artikel lesen<\/a>\n\n<\/li><li class=\"wp-block-post post-3006 dialogue type-dialogue status-publish has-post-thumbnail hentry dialogue-tag-dieter-thomae\">\n<figure class=\"wp-block-post-featured-image\"><a href=\"https:\/\/thinktank-transit.ch\/de\/dialogue\/wozu-es-stoerenfriede-braucht\/\" target=\"_self\"  ><img decoding=\"async\" width=\"2560\" height=\"1707\" src=\"https:\/\/thinktank-transit.ch\/app\/uploads\/sites\/3\/2024\/08\/20230713-1707-scaled.jpg\" class=\"attachment-post-thumbnail size-post-thumbnail wp-post-image\" alt=\"Wozu es St\u00f6renfriede braucht\" style=\"object-fit:cover;\" srcset=\"https:\/\/thinktank-transit.ch\/app\/uploads\/sites\/3\/2024\/08\/20230713-1707-scaled.jpg 2560w, https:\/\/thinktank-transit.ch\/app\/uploads\/sites\/3\/2024\/08\/20230713-1707-300x200.jpg 300w, https:\/\/thinktank-transit.ch\/app\/uploads\/sites\/3\/2024\/08\/20230713-1707-1024x683.jpg 1024w, https:\/\/thinktank-transit.ch\/app\/uploads\/sites\/3\/2024\/08\/20230713-1707-768x512.jpg 768w, https:\/\/thinktank-transit.ch\/app\/uploads\/sites\/3\/2024\/08\/20230713-1707-1536x1024.jpg 1536w, https:\/\/thinktank-transit.ch\/app\/uploads\/sites\/3\/2024\/08\/20230713-1707-2048x1365.jpg 2048w\" sizes=\"(max-width: 2560px) 100vw, 2560px\" \/><\/a><\/figure>\n\n\n\n\n<div class=\"wp-block-post-date\"><time datetime=\"2024-08-19T14:49:26+02:00\">19. August 2024<\/time><\/div>\n\n<h3 class=\"wp-block-post-title\"><a href=\"https:\/\/thinktank-transit.ch\/de\/dialogue\/wozu-es-stoerenfriede-braucht\/\" target=\"_self\" >Wozu es St\u00f6renfriede braucht<\/a><\/h3>\n\n<a class=\"wp-block-query-loop-link is-style-minimal\" href=\"https:\/\/thinktank-transit.ch\/de\/dialogue\/wozu-es-stoerenfriede-braucht\/\">Artikel lesen<\/a>\n\n<\/li><li class=\"wp-block-post post-2987 dialogue type-dialogue status-publish has-post-thumbnail hentry dialogue-tag-uwe-justus-wenzel\">\n<figure class=\"wp-block-post-featured-image\"><a href=\"https:\/\/thinktank-transit.ch\/de\/dialogue\/die-rolle-der-wissenschaft-in-krisenzeiten\/\" target=\"_self\"  ><img decoding=\"async\" width=\"240\" height=\"320\" src=\"https:\/\/thinktank-transit.ch\/app\/uploads\/sites\/3\/2024\/07\/UJW_Portraet_2018_1-rotated.jpeg\" class=\"attachment-post-thumbnail size-post-thumbnail wp-post-image\" alt=\"\u00dcber die Rolle der Wissenschaft in Krisenzeiten, Bullshitting und das ideale Feuilleton\" style=\"object-fit:cover;\" srcset=\"https:\/\/thinktank-transit.ch\/app\/uploads\/sites\/3\/2024\/07\/UJW_Portraet_2018_1-rotated.jpeg 240w, https:\/\/thinktank-transit.ch\/app\/uploads\/sites\/3\/2024\/07\/UJW_Portraet_2018_1-225x300.jpeg 225w\" sizes=\"(max-width: 240px) 100vw, 240px\" \/><\/a><\/figure>\n\n\n\n\n<div class=\"wp-block-post-date\"><time datetime=\"2024-07-01T09:45:23+02:00\">1. Juli 2024<\/time><\/div>\n\n<h3 class=\"wp-block-post-title\"><a href=\"https:\/\/thinktank-transit.ch\/de\/dialogue\/die-rolle-der-wissenschaft-in-krisenzeiten\/\" target=\"_self\" >\u00dcber die Rolle der Wissenschaft in Krisenzeiten, Bullshitting und das ideale Feuilleton<\/a><\/h3>\n\n<a class=\"wp-block-query-loop-link is-style-minimal\" href=\"https:\/\/thinktank-transit.ch\/de\/dialogue\/die-rolle-der-wissenschaft-in-krisenzeiten\/\">Artikel lesen<\/a>\n\n<\/li><li class=\"wp-block-post post-1261 dialogue type-dialogue status-publish has-post-thumbnail hentry dialogue-tag-ralph-hertwig-de\">\n<figure class=\"wp-block-post-featured-image\"><a href=\"https:\/\/thinktank-transit.ch\/de\/dialogue\/gewolltes-nichtwissen-als-kulturelle-faehigkeit-in-der-wissensgesellschaft\/\" target=\"_self\"  ><img decoding=\"async\" width=\"400\" height=\"400\" src=\"https:\/\/thinktank-transit.ch\/app\/uploads\/sites\/3\/2023\/06\/Portrait_Ralph_Hertwig-Kopie.jpg\" class=\"attachment-post-thumbnail size-post-thumbnail wp-post-image\" alt=\"Gewolltes Nichtwissen als kulturelle F\u00e4higkeit in der Wissensgesellschaft\" style=\"object-fit:cover;\" srcset=\"https:\/\/thinktank-transit.ch\/app\/uploads\/sites\/3\/2023\/06\/Portrait_Ralph_Hertwig-Kopie.jpg 400w, https:\/\/thinktank-transit.ch\/app\/uploads\/sites\/3\/2023\/06\/Portrait_Ralph_Hertwig-Kopie-300x300.jpg 300w, https:\/\/thinktank-transit.ch\/app\/uploads\/sites\/3\/2023\/06\/Portrait_Ralph_Hertwig-Kopie-150x150.jpg 150w\" sizes=\"(max-width: 400px) 100vw, 400px\" \/><\/a><\/figure>\n\n\n\n\n<div class=\"wp-block-post-date\"><time datetime=\"2023-04-02T08:19:00+02:00\">2. April 2023<\/time><\/div>\n\n<h3 class=\"wp-block-post-title\"><a href=\"https:\/\/thinktank-transit.ch\/de\/dialogue\/gewolltes-nichtwissen-als-kulturelle-faehigkeit-in-der-wissensgesellschaft\/\" target=\"_self\" >Gewolltes Nichtwissen als kulturelle F\u00e4higkeit in der Wissensgesellschaft<\/a><\/h3>\n\n<a class=\"wp-block-query-loop-link is-style-minimal\" href=\"https:\/\/thinktank-transit.ch\/de\/dialogue\/gewolltes-nichtwissen-als-kulturelle-faehigkeit-in-der-wissensgesellschaft\/\">Artikel lesen<\/a>\n\n<\/li><li class=\"wp-block-post post-1271 dialogue type-dialogue status-publish has-post-thumbnail hentry dialogue-tag-heike-bauer-de\">\n<figure class=\"wp-block-post-featured-image\"><a href=\"https:\/\/thinktank-transit.ch\/de\/dialogue\/new-work-is-a-nessecity\/\" target=\"_self\"  ><img decoding=\"async\" width=\"295\" height=\"300\" src=\"https:\/\/thinktank-transit.ch\/app\/uploads\/sites\/3\/2023\/06\/Heike_Bauer-295x300-1.jpg\" class=\"attachment-post-thumbnail size-post-thumbnail wp-post-image\" alt=\"\u00abNew Work ist eine Notwendigkeit\u00bb\" style=\"object-fit:cover;\" \/><\/a><\/figure>\n\n\n\n\n<div class=\"wp-block-post-date\"><time datetime=\"2022-12-04T16:36:00+01:00\">4. Dezember 2022<\/time><\/div>\n\n<h3 class=\"wp-block-post-title\"><a href=\"https:\/\/thinktank-transit.ch\/de\/dialogue\/new-work-is-a-nessecity\/\" target=\"_self\" >\u00abNew Work ist eine Notwendigkeit\u00bb<\/a><\/h3>\n\n<a class=\"wp-block-query-loop-link is-style-minimal\" href=\"https:\/\/thinktank-transit.ch\/de\/dialogue\/new-work-is-a-nessecity\/\">Artikel lesen<\/a>\n\n<\/li><li class=\"wp-block-post post-1296 dialogue type-dialogue status-publish has-post-thumbnail hentry dialogue-tag-assaad-el-akremi-de\">\n<figure class=\"wp-block-post-featured-image\"><a href=\"https:\/\/thinktank-transit.ch\/de\/dialogue\/starting-from-the-impact-to-think-differently-about-flexibility\/\" target=\"_self\"  ><img decoding=\"async\" width=\"205\" height=\"227\" src=\"https:\/\/thinktank-transit.ch\/app\/uploads\/sites\/3\/2023\/06\/El-Akredi.jpg\" class=\"attachment-post-thumbnail size-post-thumbnail wp-post-image\" alt=\"Starting from the impact to think differently about flexibility\" style=\"object-fit:cover;\" \/><\/a><\/figure>\n\n\n\n\n<div class=\"wp-block-post-date\"><time datetime=\"2022-06-13T15:50:00+02:00\">13. Juni 2022<\/time><\/div>\n\n<h3 class=\"wp-block-post-title\"><a href=\"https:\/\/thinktank-transit.ch\/de\/dialogue\/starting-from-the-impact-to-think-differently-about-flexibility\/\" target=\"_self\" >Starting from the impact to think differently about flexibility<\/a><\/h3>\n\n<a class=\"wp-block-query-loop-link is-style-minimal\" href=\"https:\/\/thinktank-transit.ch\/de\/dialogue\/starting-from-the-impact-to-think-differently-about-flexibility\/\">Artikel lesen<\/a>\n\n<\/li><\/ul>\n\n\n\n<nav class=\"wp-block-query-pagination is-layout-flex wp-block-query-pagination-is-layout-flex\" aria-label=\"Seitennummerierung\">\n\n\n<div class=\"wp-block-query-pagination-numbers\"><span aria-current=\"page\" class=\"page-numbers current\">1<\/span>\n<a class=\"page-numbers\" href=\"?query-0-page=2\">2<\/a>\n<a class=\"page-numbers\" href=\"?query-0-page=3\">3<\/a><\/div>\n\n<a href=\"\/de\/wp-json\/wp\/v2\/pages\/407?query-0-page=2\" class=\"wp-block-query-pagination-next\">N\u00e4chste Seite<\/a>\n<\/nav><\/div>\n\n\n\n<div class=\"wp-block-group is-style-reduced-width is-layout-constrained wp-block-group-is-layout-constrained\">\n<h2 class=\"wp-block-heading\">Kontakt<\/h2>\n\n\n\n<div class=\"wp-block-columns is-layout-flex wp-container-core-columns-is-layout-28f84493 wp-block-columns-is-layout-flex\">\n<div class=\"wp-block-column is-layout-flow wp-block-column-is-layout-flow\" style=\"flex-basis:50%\"><div class=\"contact-persons\">\n\n\t\t\t\t\t<div class=\"contact-person\">\n\t\t\t\t\tDr. Helen Buchs<br \/>\t\t\t\t\tDirector TRANSIT<br \/>\t\t\t\t\t<br \/>\n\t\t\t\t\t\t\t\t\t\t\t\t\t\t\t<a href=\"mailto:helen.buchs@thinktank-transit.ch\">helen.buchs@thinktank-transit.ch<\/a><br \/>\t\t\t\t\t<\/div>\n\t\t\t\t\t<\/div>\n<\/div>\n\n\n\n<div class=\"wp-block-column is-layout-flow wp-block-column-is-layout-flow\" style=\"flex-basis:50%\"><\/div>\n<\/div>\n<\/div>\n","protected":false},"excerpt":{"rendered":"<p>Dialoge In den Dialogen zur Zukunft der Weiterbildung sprechen wir mit Expertinnen und Expterten aus unterschiedlichen wissenschaftlichen Disziplinen.\u00a0Ihr Wissen soll [&hellip;]<\/p>\n","protected":false},"author":1,"featured_media":0,"parent":1017,"menu_order":17,"comment_status":"closed","ping_status":"closed","template":"","meta":{"_acf_changed":false,"inline_featured_image":false,"footnotes":""},"class_list":["post-407","page","type-page","status-publish","hentry"],"acf":[],"yoast_head":"<!-- This site is optimized with the Yoast SEO plugin v27.3 - https:\/\/yoast.com\/product\/yoast-seo-wordpress\/ -->\n<title>Dialoge - TRANSIT<\/title>\n<meta name=\"description\" content=\"In den Dialogen zur Zukunft der Weiterbildung sprechen wir mit Expertinnen und Expterten aus unterschiedlichen wissenschaftlichen Disziplinen.\" \/>\n<meta name=\"robots\" content=\"index, follow, max-snippet:-1, max-image-preview:large, max-video-preview:-1\" \/>\n<link rel=\"canonical\" href=\"https:\/\/thinktank-transit.ch\/de\/themen\/dialoge\/\" \/>\n<link rel=\"next\" href=\"https:\/\/thinktank-transit.ch\/de\/themen\/dialoge\/407\/?query-0-page=2\" \/>\n<meta property=\"og:locale\" content=\"de_DE\" \/>\n<meta property=\"og:type\" content=\"article\" \/>\n<meta property=\"og:title\" content=\"Dialoge - TRANSIT\" \/>\n<meta property=\"og:description\" content=\"In den Dialogen zur Zukunft der Weiterbildung sprechen wir mit Expertinnen und Expterten aus unterschiedlichen wissenschaftlichen Disziplinen.\" \/>\n<meta property=\"og:url\" content=\"https:\/\/thinktank-transit.ch\/de\/themen\/dialoge\/\" \/>\n<meta property=\"og:site_name\" content=\"TRANSIT\" \/>\n<meta property=\"article:modified_time\" content=\"2023-07-14T14:55:40+00:00\" \/>\n<meta name=\"twitter:card\" content=\"summary_large_image\" \/>\n<meta name=\"twitter:label1\" content=\"Gesch\u00e4tzte Lesezeit\" \/>\n\t<meta name=\"twitter:data1\" content=\"1\u00a0Minute\" \/>\n<script type=\"application\/ld+json\" class=\"yoast-schema-graph\">{\"@context\":\"https:\\\/\\\/schema.org\",\"@graph\":[{\"@type\":\"WebPage\",\"@id\":\"https:\\\/\\\/thinktank-transit.ch\\\/de\\\/themen\\\/dialoge\\\/\",\"url\":\"https:\\\/\\\/thinktank-transit.ch\\\/de\\\/themen\\\/dialoge\\\/\",\"name\":\"Dialoge - TRANSIT\",\"isPartOf\":{\"@id\":\"https:\\\/\\\/thinktank-transit.ch\\\/de\\\/#website\"},\"datePublished\":\"2023-06-05T15:13:40+00:00\",\"dateModified\":\"2023-07-14T14:55:40+00:00\",\"description\":\"In den Dialogen zur Zukunft der Weiterbildung sprechen wir mit Expertinnen und Expterten aus unterschiedlichen wissenschaftlichen Disziplinen.\",\"breadcrumb\":{\"@id\":\"https:\\\/\\\/thinktank-transit.ch\\\/de\\\/themen\\\/dialoge\\\/#breadcrumb\"},\"inLanguage\":\"de\",\"potentialAction\":[{\"@type\":\"ReadAction\",\"target\":[\"https:\\\/\\\/thinktank-transit.ch\\\/de\\\/themen\\\/dialoge\\\/\"]}]},{\"@type\":\"BreadcrumbList\",\"@id\":\"https:\\\/\\\/thinktank-transit.ch\\\/de\\\/themen\\\/dialoge\\\/#breadcrumb\",\"itemListElement\":[{\"@type\":\"ListItem\",\"position\":1,\"name\":\"Home\",\"item\":\"https:\\\/\\\/thinktank-transit.ch\\\/de\\\/\"},{\"@type\":\"ListItem\",\"position\":2,\"name\":\"Themen\",\"item\":\"https:\\\/\\\/thinktank-transit.ch\\\/de\\\/themen\\\/\"},{\"@type\":\"ListItem\",\"position\":3,\"name\":\"Dialoge\"}]},{\"@type\":\"WebSite\",\"@id\":\"https:\\\/\\\/thinktank-transit.ch\\\/de\\\/#website\",\"url\":\"https:\\\/\\\/thinktank-transit.ch\\\/de\\\/\",\"name\":\"TRANSIT\",\"description\":\"\",\"publisher\":{\"@id\":\"https:\\\/\\\/thinktank-transit.ch\\\/de\\\/#organization\"},\"alternateName\":\"Thinktank TRANSIT\",\"potentialAction\":[{\"@type\":\"SearchAction\",\"target\":{\"@type\":\"EntryPoint\",\"urlTemplate\":\"https:\\\/\\\/thinktank-transit.ch\\\/de\\\/?s={search_term_string}\"},\"query-input\":{\"@type\":\"PropertyValueSpecification\",\"valueRequired\":true,\"valueName\":\"search_term_string\"}}],\"inLanguage\":\"de\"},{\"@type\":\"Organization\",\"@id\":\"https:\\\/\\\/thinktank-transit.ch\\\/de\\\/#organization\",\"name\":\"Think Tank TRANSIT\",\"alternateName\":\"TRANSIT\",\"url\":\"https:\\\/\\\/thinktank-transit.ch\\\/de\\\/\",\"logo\":{\"@type\":\"ImageObject\",\"inLanguage\":\"de\",\"@id\":\"https:\\\/\\\/thinktank-transit.ch\\\/de\\\/#\\\/schema\\\/logo\\\/image\\\/\",\"url\":\"https:\\\/\\\/thinktank-transit.ch\\\/app\\\/uploads\\\/sites\\\/3\\\/2023\\\/06\\\/transit.svg\",\"contentUrl\":\"https:\\\/\\\/thinktank-transit.ch\\\/app\\\/uploads\\\/sites\\\/3\\\/2023\\\/06\\\/transit.svg\",\"width\":284,\"height\":48,\"caption\":\"Think Tank TRANSIT\"},\"image\":{\"@id\":\"https:\\\/\\\/thinktank-transit.ch\\\/de\\\/#\\\/schema\\\/logo\\\/image\\\/\"}}]}<\/script>\n<!-- \/ Yoast SEO plugin. -->","yoast_head_json":{"title":"Dialoge - TRANSIT","description":"In den Dialogen zur Zukunft der Weiterbildung sprechen wir mit Expertinnen und Expterten aus unterschiedlichen wissenschaftlichen Disziplinen.","robots":{"index":"index","follow":"follow","max-snippet":"max-snippet:-1","max-image-preview":"max-image-preview:large","max-video-preview":"max-video-preview:-1"},"canonical":"https:\/\/thinktank-transit.ch\/de\/themen\/dialoge\/","next":"https:\/\/thinktank-transit.ch\/de\/themen\/dialoge\/407?query-0-page=2","og_locale":"de_DE","og_type":"article","og_title":"Dialoge - TRANSIT","og_description":"In den Dialogen zur Zukunft der Weiterbildung sprechen wir mit Expertinnen und Expterten aus unterschiedlichen wissenschaftlichen Disziplinen.","og_url":"https:\/\/thinktank-transit.ch\/de\/themen\/dialoge\/","og_site_name":"TRANSIT","article_modified_time":"2023-07-14T14:55:40+00:00","twitter_card":"summary_large_image","twitter_misc":{"Gesch\u00e4tzte Lesezeit":"1\u00a0Minute"},"schema":{"@context":"https:\/\/schema.org","@graph":[{"@type":"WebPage","@id":"https:\/\/thinktank-transit.ch\/de\/themen\/dialoge\/","url":"https:\/\/thinktank-transit.ch\/de\/themen\/dialoge\/","name":"Dialoge - TRANSIT","isPartOf":{"@id":"https:\/\/thinktank-transit.ch\/de\/#website"},"datePublished":"2023-06-05T15:13:40+00:00","dateModified":"2023-07-14T14:55:40+00:00","description":"In den Dialogen zur Zukunft der Weiterbildung sprechen wir mit Expertinnen und Expterten aus unterschiedlichen wissenschaftlichen Disziplinen.","breadcrumb":{"@id":"https:\/\/thinktank-transit.ch\/de\/themen\/dialoge\/#breadcrumb"},"inLanguage":"de","potentialAction":[{"@type":"ReadAction","target":["https:\/\/thinktank-transit.ch\/de\/themen\/dialoge\/"]}]},{"@type":"BreadcrumbList","@id":"https:\/\/thinktank-transit.ch\/de\/themen\/dialoge\/#breadcrumb","itemListElement":[{"@type":"ListItem","position":1,"name":"Home","item":"https:\/\/thinktank-transit.ch\/de\/"},{"@type":"ListItem","position":2,"name":"Themen","item":"https:\/\/thinktank-transit.ch\/de\/themen\/"},{"@type":"ListItem","position":3,"name":"Dialoge"}]},{"@type":"WebSite","@id":"https:\/\/thinktank-transit.ch\/de\/#website","url":"https:\/\/thinktank-transit.ch\/de\/","name":"TRANSIT","description":"","publisher":{"@id":"https:\/\/thinktank-transit.ch\/de\/#organization"},"alternateName":"Thinktank TRANSIT","potentialAction":[{"@type":"SearchAction","target":{"@type":"EntryPoint","urlTemplate":"https:\/\/thinktank-transit.ch\/de\/?s={search_term_string}"},"query-input":{"@type":"PropertyValueSpecification","valueRequired":true,"valueName":"search_term_string"}}],"inLanguage":"de"},{"@type":"Organization","@id":"https:\/\/thinktank-transit.ch\/de\/#organization","name":"Think Tank TRANSIT","alternateName":"TRANSIT","url":"https:\/\/thinktank-transit.ch\/de\/","logo":{"@type":"ImageObject","inLanguage":"de","@id":"https:\/\/thinktank-transit.ch\/de\/#\/schema\/logo\/image\/","url":"https:\/\/thinktank-transit.ch\/app\/uploads\/sites\/3\/2023\/06\/transit.svg","contentUrl":"https:\/\/thinktank-transit.ch\/app\/uploads\/sites\/3\/2023\/06\/transit.svg","width":284,"height":48,"caption":"Think Tank TRANSIT"},"image":{"@id":"https:\/\/thinktank-transit.ch\/de\/#\/schema\/logo\/image\/"}}]}},"_links":{"self":[{"href":"https:\/\/thinktank-transit.ch\/de\/wp-json\/wp\/v2\/pages\/407","targetHints":{"allow":["GET"]}}],"collection":[{"href":"https:\/\/thinktank-transit.ch\/de\/wp-json\/wp\/v2\/pages"}],"about":[{"href":"https:\/\/thinktank-transit.ch\/de\/wp-json\/wp\/v2\/types\/page"}],"author":[{"embeddable":true,"href":"https:\/\/thinktank-transit.ch\/de\/wp-json\/wp\/v2\/users\/1"}],"replies":[{"embeddable":true,"href":"https:\/\/thinktank-transit.ch\/de\/wp-json\/wp\/v2\/comments?post=407"}],"version-history":[{"count":8,"href":"https:\/\/thinktank-transit.ch\/de\/wp-json\/wp\/v2\/pages\/407\/revisions"}],"predecessor-version":[{"id":2082,"href":"https:\/\/thinktank-transit.ch\/de\/wp-json\/wp\/v2\/pages\/407\/revisions\/2082"}],"up":[{"embeddable":true,"href":"https:\/\/thinktank-transit.ch\/de\/wp-json\/wp\/v2\/pages\/1017"}],"wp:attachment":[{"href":"https:\/\/thinktank-transit.ch\/de\/wp-json\/wp\/v2\/media?parent=407"}],"curies":[{"name":"wp","href":"https:\/\/api.w.org\/{rel}","templated":true}]}}