{"id":4151,"date":"2026-03-10T16:34:18","date_gmt":"2026-03-10T15:34:18","guid":{"rendered":"https:\/\/thinktank-transit.ch\/?page_id=4151"},"modified":"2026-03-12T19:03:52","modified_gmt":"2026-03-12T18:03:52","slug":"transit-partner","status":"publish","type":"page","link":"https:\/\/thinktank-transit.ch\/de\/ueber-transit\/transit-partner\/","title":{"rendered":"TRANSIT-Partner"},"content":{"rendered":"\n<h1 class=\"wp-block-heading\">TRANSIT-Partner<\/h1>\n\n\n\n<div class=\"wp-block-group is-style-reduced-width is-layout-constrained wp-block-group-is-layout-constrained\">\n<p class=\"is-style-lead\">Partner des Think-Tanks TRANSIT zeigen, dass sie sich aktiv mit der Zukunft von Gesellschaft, Arbeit und Weiterbildung auseinandersetzen und diese mitgestalten m\u00f6chten. Sie tragen dazu bei, neue Perspektiven und Instrumente f\u00fcr eine zukunftsgerichtete Bildung zu entwickeln. Gleichzeitig profitieren sie von der Sichtbarkeit als F\u00f6rderer gesellschaftlich relevanter Bildung und vom Austausch mit einem Netzwerk engagierter Akteure.<\/p>\n\n\n\n<h2 class=\"wp-block-heading\">Partnerschaften<\/h2>\n\n\n\n<figure class=\"wp-block-table\"><table class=\"has-fixed-layout\"><tbody><tr><td><strong>Premium Partner (ab CHF 25&#8217;000)<\/strong><br>unterst\u00fctzen den Think-Tank TRANSIT langfristig und bringen ihre Perspektiven in die Diskussion \u00fcber die Zukunft der Weiterbildung ein.<\/td><td>&#8211; Teilnahme an TRANSIT-Strategie-Roundtables zu Zukunftsthemen der Weiterbildung<br>&#8211; M\u00f6glichkeit zur Mitgestaltung eines Jahresthemas<br>&#8211; Co-Branding eines Zukunftslabs (Durchf\u00fchrung im eigenen Rahmen und angepasst auf eigene Bed\u00fcrfnisse)<br>&#8211; Logo auf Website, Event-Material &amp; Publikationen<br>&#8211; Interview\/Portr\u00e4t als Thought Leader<\/td><\/tr><tr><td><strong>Impact Partner (CHF 12&#8217;000\u201315&#8217;000)<\/strong><br>unterst\u00fctzen die Entwicklung und Umsetzung des <a href=\"https:\/\/thinktank-transit.ch\/de\/ueber-transit\/transit-zukunftslab\/\">Zukunftslabs<\/a>.<\/td><td>&#8211; Mitgestaltung des Zukunftslabs<br>&#8211; Logo Website &amp; Event-Material<br>&#8211; Co-Branding eines Zukunftslabs<\/td><\/tr><tr><td><strong>Network Partner (CHF 5000\u20138000) <\/strong><br><\/td><td>&#8211; Logo auf Website<br>&#8211; Erw\u00e4hnung in Kommunikation<br>&#8211; M\u00f6glichkeit zur Teilnahme an Zukunftslabs zu Partnerkonditionen<\/td><\/tr><tr><td><strong>Community Supporter (CHF 2000\u20134000)<\/strong><\/td><td>&#8211; Logo auf Website<\/td><\/tr><\/tbody><\/table><\/figure>\n\n\n\n<div class=\"wp-block-buttons is-layout-flex wp-block-buttons-is-layout-flex\">\n<div class=\"wp-block-button is-style-fill\"><a class=\"wp-block-button__link has-background-color has-primary-background-color has-text-color has-background has-link-color wp-element-button\" href=\"mailto:helen.buchs@alice.ch\">TRANSIT unterst\u00fctzen<\/a><\/div>\n<\/div>\n\n\n\n<h2 class=\"wp-block-heading\">Partner von TRANSIT<\/h2>\n\n\n\n<div class=\"wp-block-media-text is-stacked-on-mobile\" style=\"grid-template-columns:30% auto\"><figure class=\"wp-block-media-text__media\"><a href=\"https:\/\/www.sbfi.admin.ch\/sbfi\/de\/home.html\" target=\"_blank\" rel=\" noreferrer noopener\"><img decoding=\"async\" width=\"600\" height=\"125\" src=\"https:\/\/thinktank-transit.ch\/app\/uploads\/sites\/3\/2025\/04\/sbfi-logo.png\" alt=\"\" class=\"wp-image-3671 size-full\" srcset=\"https:\/\/thinktank-transit.ch\/app\/uploads\/sites\/3\/2025\/04\/sbfi-logo.png 600w, https:\/\/thinktank-transit.ch\/app\/uploads\/sites\/3\/2025\/04\/sbfi-logo-300x63.png 300w\" sizes=\"(max-width: 600px) 100vw, 600px\" \/><\/a><\/figure><div class=\"wp-block-media-text__content\">\n<p><a href=\"https:\/\/www.sbfi.admin.ch\/sbfi\/de\/home.html\" target=\"_blank\" rel=\"noreferrer noopener\">Staatssekretariat f\u00fcr Bildung, Forschung und Innovation (SBFI)<\/a><\/p>\n<\/div><\/div>\n\n\n\n<h2 class=\"wp-block-heading\">Kontakt<\/h2>\n\n\n\n<div class=\"wp-block-columns is-layout-flex wp-container-core-columns-is-layout-28f84493 wp-block-columns-is-layout-flex\">\n<div class=\"wp-block-column is-layout-flow wp-block-column-is-layout-flow\" style=\"flex-basis:50%\"><div class=\"contact-persons\">\n\n\t\t\t\t\t<div class=\"contact-person\">\n\t\t\t\t\tDr. Helen Buchs<br \/>\t\t\t\t\tDirector TRANSIT<br \/>\t\t\t\t\t<br \/>\n\t\t\t\t\t\t\t\t\t\t\t\t\t\t\t<a href=\"mailto:helen.buchs@thinktank-transit.ch\">helen.buchs@thinktank-transit.ch<\/a><br \/>\t\t\t\t\t<\/div>\n\t\t\t\t\t<\/div>\n<\/div>\n\n\n\n<div class=\"wp-block-column is-layout-flow wp-block-column-is-layout-flow\" style=\"flex-basis:50%\"><\/div>\n<\/div>\n<\/div>\n","protected":false},"excerpt":{"rendered":"<p>TRANSIT-Partner Partner des Think-Tanks TRANSIT zeigen, dass sie sich aktiv mit der Zukunft von Gesellschaft, Arbeit und Weiterbildung auseinandersetzen und [&hellip;]<\/p>\n","protected":false},"author":5,"featured_media":0,"parent":1055,"menu_order":20,"comment_status":"closed","ping_status":"closed","template":"","meta":{"_acf_changed":false,"inline_featured_image":false,"footnotes":""},"class_list":["post-4151","page","type-page","status-publish","hentry"],"acf":[],"yoast_head":"<!-- This site is optimized with the Yoast SEO plugin v27.3 - https:\/\/yoast.com\/product\/yoast-seo-wordpress\/ -->\n<title>TRANSIT-Partner - TRANSIT<\/title>\n<meta name=\"description\" content=\"TRANSIT ver\u00f6ffentlicht Trendberichte und weitere Publikationen \u00fcber die Zukunft der Weiterbildung. Sie sind als Download frei verf\u00fcgbar.\" \/>\n<meta name=\"robots\" content=\"index, nofollow, max-snippet:-1, max-image-preview:large, max-video-preview:-1\" \/>\n<link rel=\"canonical\" href=\"https:\/\/thinktank-transit.ch\/de\/ueber-transit\/transit-partner\/\" \/>\n<meta property=\"og:locale\" content=\"de_DE\" \/>\n<meta property=\"og:type\" content=\"article\" \/>\n<meta property=\"og:title\" content=\"TRANSIT-Partner - TRANSIT\" \/>\n<meta property=\"og:description\" content=\"TRANSIT ver\u00f6ffentlicht Trendberichte und weitere Publikationen \u00fcber die Zukunft der Weiterbildung. Sie sind als Download frei verf\u00fcgbar.\" \/>\n<meta property=\"og:url\" content=\"https:\/\/thinktank-transit.ch\/de\/ueber-transit\/transit-partner\/\" \/>\n<meta property=\"og:site_name\" content=\"TRANSIT\" \/>\n<meta property=\"article:modified_time\" content=\"2026-03-12T18:03:52+00:00\" \/>\n<meta property=\"og:image\" content=\"https:\/\/thinktank-transit.ch\/app\/uploads\/sites\/3\/2025\/04\/sbfi-logo.png\" \/>\n\t<meta property=\"og:image:width\" content=\"600\" \/>\n\t<meta property=\"og:image:height\" content=\"125\" \/>\n\t<meta property=\"og:image:type\" content=\"image\/png\" \/>\n<meta name=\"twitter:card\" content=\"summary_large_image\" \/>\n<meta name=\"twitter:label1\" content=\"Gesch\u00e4tzte Lesezeit\" \/>\n\t<meta name=\"twitter:data1\" content=\"1\u00a0Minute\" \/>\n<script type=\"application\/ld+json\" class=\"yoast-schema-graph\">{\"@context\":\"https:\\\/\\\/schema.org\",\"@graph\":[{\"@type\":\"WebPage\",\"@id\":\"https:\\\/\\\/thinktank-transit.ch\\\/de\\\/ueber-transit\\\/transit-partner\\\/\",\"url\":\"https:\\\/\\\/thinktank-transit.ch\\\/de\\\/ueber-transit\\\/transit-partner\\\/\",\"name\":\"TRANSIT-Partner - TRANSIT\",\"isPartOf\":{\"@id\":\"https:\\\/\\\/thinktank-transit.ch\\\/de\\\/#website\"},\"primaryImageOfPage\":{\"@id\":\"https:\\\/\\\/thinktank-transit.ch\\\/de\\\/ueber-transit\\\/transit-partner\\\/#primaryimage\"},\"image\":{\"@id\":\"https:\\\/\\\/thinktank-transit.ch\\\/de\\\/ueber-transit\\\/transit-partner\\\/#primaryimage\"},\"thumbnailUrl\":\"https:\\\/\\\/thinktank-transit.ch\\\/app\\\/uploads\\\/sites\\\/3\\\/2025\\\/04\\\/sbfi-logo.png\",\"datePublished\":\"2026-03-10T15:34:18+00:00\",\"dateModified\":\"2026-03-12T18:03:52+00:00\",\"description\":\"TRANSIT ver\u00f6ffentlicht Trendberichte und weitere Publikationen \u00fcber die Zukunft der Weiterbildung. Sie sind als Download frei verf\u00fcgbar.\",\"breadcrumb\":{\"@id\":\"https:\\\/\\\/thinktank-transit.ch\\\/de\\\/ueber-transit\\\/transit-partner\\\/#breadcrumb\"},\"inLanguage\":\"de\",\"potentialAction\":[{\"@type\":\"ReadAction\",\"target\":[\"https:\\\/\\\/thinktank-transit.ch\\\/de\\\/ueber-transit\\\/transit-partner\\\/\"]}]},{\"@type\":\"ImageObject\",\"inLanguage\":\"de\",\"@id\":\"https:\\\/\\\/thinktank-transit.ch\\\/de\\\/ueber-transit\\\/transit-partner\\\/#primaryimage\",\"url\":\"https:\\\/\\\/thinktank-transit.ch\\\/app\\\/uploads\\\/sites\\\/3\\\/2025\\\/04\\\/sbfi-logo.png\",\"contentUrl\":\"https:\\\/\\\/thinktank-transit.ch\\\/app\\\/uploads\\\/sites\\\/3\\\/2025\\\/04\\\/sbfi-logo.png\"},{\"@type\":\"BreadcrumbList\",\"@id\":\"https:\\\/\\\/thinktank-transit.ch\\\/de\\\/ueber-transit\\\/transit-partner\\\/#breadcrumb\",\"itemListElement\":[{\"@type\":\"ListItem\",\"position\":1,\"name\":\"Home\",\"item\":\"https:\\\/\\\/thinktank-transit.ch\\\/de\\\/\"},{\"@type\":\"ListItem\",\"position\":2,\"name\":\"Think-Tank TRANSIT\",\"item\":\"https:\\\/\\\/thinktank-transit.ch\\\/de\\\/ueber-transit\\\/\"},{\"@type\":\"ListItem\",\"position\":3,\"name\":\"TRANSIT-Partner\"}]},{\"@type\":\"WebSite\",\"@id\":\"https:\\\/\\\/thinktank-transit.ch\\\/de\\\/#website\",\"url\":\"https:\\\/\\\/thinktank-transit.ch\\\/de\\\/\",\"name\":\"TRANSIT\",\"description\":\"\",\"publisher\":{\"@id\":\"https:\\\/\\\/thinktank-transit.ch\\\/de\\\/#organization\"},\"alternateName\":\"Thinktank TRANSIT\",\"potentialAction\":[{\"@type\":\"SearchAction\",\"target\":{\"@type\":\"EntryPoint\",\"urlTemplate\":\"https:\\\/\\\/thinktank-transit.ch\\\/de\\\/?s={search_term_string}\"},\"query-input\":{\"@type\":\"PropertyValueSpecification\",\"valueRequired\":true,\"valueName\":\"search_term_string\"}}],\"inLanguage\":\"de\"},{\"@type\":\"Organization\",\"@id\":\"https:\\\/\\\/thinktank-transit.ch\\\/de\\\/#organization\",\"name\":\"Think Tank TRANSIT\",\"alternateName\":\"TRANSIT\",\"url\":\"https:\\\/\\\/thinktank-transit.ch\\\/de\\\/\",\"logo\":{\"@type\":\"ImageObject\",\"inLanguage\":\"de\",\"@id\":\"https:\\\/\\\/thinktank-transit.ch\\\/de\\\/#\\\/schema\\\/logo\\\/image\\\/\",\"url\":\"https:\\\/\\\/thinktank-transit.ch\\\/app\\\/uploads\\\/sites\\\/3\\\/2023\\\/06\\\/transit.svg\",\"contentUrl\":\"https:\\\/\\\/thinktank-transit.ch\\\/app\\\/uploads\\\/sites\\\/3\\\/2023\\\/06\\\/transit.svg\",\"width\":284,\"height\":48,\"caption\":\"Think Tank TRANSIT\"},\"image\":{\"@id\":\"https:\\\/\\\/thinktank-transit.ch\\\/de\\\/#\\\/schema\\\/logo\\\/image\\\/\"}}]}<\/script>\n<!-- \/ Yoast SEO plugin. -->","yoast_head_json":{"title":"TRANSIT-Partner - TRANSIT","description":"TRANSIT ver\u00f6ffentlicht Trendberichte und weitere Publikationen \u00fcber die Zukunft der Weiterbildung. Sie sind als Download frei verf\u00fcgbar.","robots":{"index":"index","follow":"nofollow","max-snippet":"max-snippet:-1","max-image-preview":"max-image-preview:large","max-video-preview":"max-video-preview:-1"},"canonical":"https:\/\/thinktank-transit.ch\/de\/ueber-transit\/transit-partner\/","og_locale":"de_DE","og_type":"article","og_title":"TRANSIT-Partner - TRANSIT","og_description":"TRANSIT ver\u00f6ffentlicht Trendberichte und weitere Publikationen \u00fcber die Zukunft der Weiterbildung. Sie sind als Download frei verf\u00fcgbar.","og_url":"https:\/\/thinktank-transit.ch\/de\/ueber-transit\/transit-partner\/","og_site_name":"TRANSIT","article_modified_time":"2026-03-12T18:03:52+00:00","og_image":[{"width":600,"height":125,"url":"https:\/\/thinktank-transit.ch\/app\/uploads\/sites\/3\/2025\/04\/sbfi-logo.png","type":"image\/png"}],"twitter_card":"summary_large_image","twitter_misc":{"Gesch\u00e4tzte Lesezeit":"1\u00a0Minute"},"schema":{"@context":"https:\/\/schema.org","@graph":[{"@type":"WebPage","@id":"https:\/\/thinktank-transit.ch\/de\/ueber-transit\/transit-partner\/","url":"https:\/\/thinktank-transit.ch\/de\/ueber-transit\/transit-partner\/","name":"TRANSIT-Partner - TRANSIT","isPartOf":{"@id":"https:\/\/thinktank-transit.ch\/de\/#website"},"primaryImageOfPage":{"@id":"https:\/\/thinktank-transit.ch\/de\/ueber-transit\/transit-partner\/#primaryimage"},"image":{"@id":"https:\/\/thinktank-transit.ch\/de\/ueber-transit\/transit-partner\/#primaryimage"},"thumbnailUrl":"https:\/\/thinktank-transit.ch\/app\/uploads\/sites\/3\/2025\/04\/sbfi-logo.png","datePublished":"2026-03-10T15:34:18+00:00","dateModified":"2026-03-12T18:03:52+00:00","description":"TRANSIT ver\u00f6ffentlicht Trendberichte und weitere Publikationen \u00fcber die Zukunft der Weiterbildung. Sie sind als Download frei verf\u00fcgbar.","breadcrumb":{"@id":"https:\/\/thinktank-transit.ch\/de\/ueber-transit\/transit-partner\/#breadcrumb"},"inLanguage":"de","potentialAction":[{"@type":"ReadAction","target":["https:\/\/thinktank-transit.ch\/de\/ueber-transit\/transit-partner\/"]}]},{"@type":"ImageObject","inLanguage":"de","@id":"https:\/\/thinktank-transit.ch\/de\/ueber-transit\/transit-partner\/#primaryimage","url":"https:\/\/thinktank-transit.ch\/app\/uploads\/sites\/3\/2025\/04\/sbfi-logo.png","contentUrl":"https:\/\/thinktank-transit.ch\/app\/uploads\/sites\/3\/2025\/04\/sbfi-logo.png"},{"@type":"BreadcrumbList","@id":"https:\/\/thinktank-transit.ch\/de\/ueber-transit\/transit-partner\/#breadcrumb","itemListElement":[{"@type":"ListItem","position":1,"name":"Home","item":"https:\/\/thinktank-transit.ch\/de\/"},{"@type":"ListItem","position":2,"name":"Think-Tank TRANSIT","item":"https:\/\/thinktank-transit.ch\/de\/ueber-transit\/"},{"@type":"ListItem","position":3,"name":"TRANSIT-Partner"}]},{"@type":"WebSite","@id":"https:\/\/thinktank-transit.ch\/de\/#website","url":"https:\/\/thinktank-transit.ch\/de\/","name":"TRANSIT","description":"","publisher":{"@id":"https:\/\/thinktank-transit.ch\/de\/#organization"},"alternateName":"Thinktank TRANSIT","potentialAction":[{"@type":"SearchAction","target":{"@type":"EntryPoint","urlTemplate":"https:\/\/thinktank-transit.ch\/de\/?s={search_term_string}"},"query-input":{"@type":"PropertyValueSpecification","valueRequired":true,"valueName":"search_term_string"}}],"inLanguage":"de"},{"@type":"Organization","@id":"https:\/\/thinktank-transit.ch\/de\/#organization","name":"Think Tank TRANSIT","alternateName":"TRANSIT","url":"https:\/\/thinktank-transit.ch\/de\/","logo":{"@type":"ImageObject","inLanguage":"de","@id":"https:\/\/thinktank-transit.ch\/de\/#\/schema\/logo\/image\/","url":"https:\/\/thinktank-transit.ch\/app\/uploads\/sites\/3\/2023\/06\/transit.svg","contentUrl":"https:\/\/thinktank-transit.ch\/app\/uploads\/sites\/3\/2023\/06\/transit.svg","width":284,"height":48,"caption":"Think Tank TRANSIT"},"image":{"@id":"https:\/\/thinktank-transit.ch\/de\/#\/schema\/logo\/image\/"}}]}},"_links":{"self":[{"href":"https:\/\/thinktank-transit.ch\/de\/wp-json\/wp\/v2\/pages\/4151","targetHints":{"allow":["GET"]}}],"collection":[{"href":"https:\/\/thinktank-transit.ch\/de\/wp-json\/wp\/v2\/pages"}],"about":[{"href":"https:\/\/thinktank-transit.ch\/de\/wp-json\/wp\/v2\/types\/page"}],"author":[{"embeddable":true,"href":"https:\/\/thinktank-transit.ch\/de\/wp-json\/wp\/v2\/users\/5"}],"replies":[{"embeddable":true,"href":"https:\/\/thinktank-transit.ch\/de\/wp-json\/wp\/v2\/comments?post=4151"}],"version-history":[{"count":11,"href":"https:\/\/thinktank-transit.ch\/de\/wp-json\/wp\/v2\/pages\/4151\/revisions"}],"predecessor-version":[{"id":4195,"href":"https:\/\/thinktank-transit.ch\/de\/wp-json\/wp\/v2\/pages\/4151\/revisions\/4195"}],"up":[{"embeddable":true,"href":"https:\/\/thinktank-transit.ch\/de\/wp-json\/wp\/v2\/pages\/1055"}],"wp:attachment":[{"href":"https:\/\/thinktank-transit.ch\/de\/wp-json\/wp\/v2\/media?parent=4151"}],"curies":[{"name":"wp","href":"https:\/\/api.w.org\/{rel}","templated":true}]}}