{"id":48,"date":"2023-06-05T17:15:24","date_gmt":"2023-06-05T15:15:24","guid":{"rendered":"https:\/\/transit.alice.ch\/?page_id=48"},"modified":"2024-12-20T16:05:56","modified_gmt":"2024-12-20T15:05:56","slug":"more-publications","status":"publish","type":"page","link":"https:\/\/thinktank-transit.ch\/en\/publications\/more-publications\/","title":{"rendered":"More publications"},"content":{"rendered":"\n<h1 class=\"wp-block-heading\">More publications<\/h1>\n\n\n\n<div class=\"wp-block-group is-style-reduced-width is-layout-constrained wp-block-group-is-layout-constrained\">\n<p class=\"is-style-lead\">TRANSIT publishes books and other contributions on the future of continuing education that are available in various languages.<\/p>\n\n\n\n<h2 class=\"wp-block-heading\">Book &#8220;Zusammenh\u00e4nge. Zehn Gespr\u00e4che \u00fcber das Lernen von Erwachsenen heute und morgen&#8221;<\/h2>\n\n\n\n<div class=\"wp-block-columns is-layout-flex wp-container-core-columns-is-layout-28f84493 wp-block-columns-is-layout-flex\">\n<div class=\"wp-block-column is-layout-flow wp-block-column-is-layout-flow\" style=\"flex-basis:33.33%\">\n<figure class=\"wp-block-image size-full\"><img decoding=\"async\" width=\"419\" height=\"566\" src=\"https:\/\/thinktank-transit.ch\/app\/uploads\/sites\/3\/2023\/06\/TRANSIT_Zusammenhaenge_Cover.jpg\" alt=\"\" class=\"wp-image-830\" srcset=\"https:\/\/thinktank-transit.ch\/app\/uploads\/sites\/3\/2023\/06\/TRANSIT_Zusammenhaenge_Cover.jpg 419w, https:\/\/thinktank-transit.ch\/app\/uploads\/sites\/3\/2023\/06\/TRANSIT_Zusammenhaenge_Cover-222x300.jpg 222w\" sizes=\"(max-width: 419px) 100vw, 419px\" \/><\/figure>\n<\/div>\n\n\n\n<div class=\"wp-block-column is-layout-flow wp-block-column-is-layout-flow\" style=\"flex-basis:66.66%\">\n<p>Ten dialogues on the future of continuing education have been published in German in a handy book. It is entitled \u00abZusammenh\u00e4nge\u00bb (\u00abConnections\u00bb) and is available in the <a href=\"https:\/\/alice.ch\/de\/dienstleistungen\/publikationen-und-produkte\/publikationen\/\" target=\"_blank\" rel=\"noreferrer noopener\">SVEB Shop<\/a>.<\/p>\n\n\n\n<p>Between 2018 and 2021 ten conversations with experts from a wide range of disciplines were conducted. They are an invitation to look at learning in the future from a variety of perspectives. And to ask ourselves under which social and technological conditions we are learning today and in the future? Which competences may bring us further? And in what depth we should actually learn in order to meet the challenges that will come our way?<\/p>\n\n\n\n<ul class=\"wp-block-list\">\n<li><strong>Price:<\/strong> 18.00 CHF (Price SVEB-mebers: 14.40 CHF)<\/li>\n\n\n\n<li><strong>Publisher:<\/strong> TRANSIT\/SVEB<\/li>\n\n\n\n<li>A<strong>uthor:<\/strong> Irena Sgier &amp; Ronald Schenkel<\/li>\n\n\n\n<li><strong>Distribution:<\/strong> SVEB, 124 pages<\/li>\n\n\n\n<li><strong>ISBN Print:<\/strong> 978-3-033-08997-6<\/li>\n<\/ul>\n\n\n\n<div class=\"wp-block-buttons is-layout-flex wp-block-buttons-is-layout-flex\">\n<div class=\"wp-block-button is-style-outline is-style-outline--1\"><a class=\"wp-block-button__link wp-element-button\" href=\"https:\/\/alice.ch\/de\/order-de\/?pub-id=36078\" target=\"_blank\" rel=\"noreferrer noopener\">Order book<\/a><\/div>\n<\/div>\n<\/div>\n<\/div>\n\n\n\n<hr class=\"wp-block-separator has-alpha-channel-opacity is-style-wide\"\/>\n\n\n\n<h2 class=\"wp-block-heading\">TRANSIT Set of Cards &#8220;Zukunftsfragen&#8221;<\/h2>\n\n\n\n<div class=\"wp-block-columns is-layout-flex wp-container-core-columns-is-layout-28f84493 wp-block-columns-is-layout-flex\">\n<div class=\"wp-block-column is-layout-flow wp-block-column-is-layout-flow\" style=\"flex-basis:33.33%\">\n<figure class=\"wp-block-image size-full\"><img decoding=\"async\" width=\"1664\" height=\"2560\" src=\"https:\/\/thinktank-transit.ch\/app\/uploads\/sites\/3\/2024\/08\/kartenset-de-scaled-1.jpeg\" alt=\"\" class=\"wp-image-3050\" srcset=\"https:\/\/thinktank-transit.ch\/app\/uploads\/sites\/3\/2024\/08\/kartenset-de-scaled-1.jpeg 1664w, https:\/\/thinktank-transit.ch\/app\/uploads\/sites\/3\/2024\/08\/kartenset-de-scaled-1-195x300.jpeg 195w, https:\/\/thinktank-transit.ch\/app\/uploads\/sites\/3\/2024\/08\/kartenset-de-scaled-1-666x1024.jpeg 666w, https:\/\/thinktank-transit.ch\/app\/uploads\/sites\/3\/2024\/08\/kartenset-de-scaled-1-768x1182.jpeg 768w, https:\/\/thinktank-transit.ch\/app\/uploads\/sites\/3\/2024\/08\/kartenset-de-scaled-1-998x1536.jpeg 998w, https:\/\/thinktank-transit.ch\/app\/uploads\/sites\/3\/2024\/08\/kartenset-de-scaled-1-1331x2048.jpeg 1331w\" sizes=\"(max-width: 1664px) 100vw, 1664px\" \/><\/figure>\n<\/div>\n\n\n\n<div class=\"wp-block-column is-layout-flow wp-block-column-is-layout-flow\" style=\"flex-basis:66.66%\">\n<p>Set of Cards with questions about the future as inspiration for the future design of adult education<\/p>\n\n\n\n<p>The TRANSIT future questions invite you to develop visions of the future, either alone or in groups. The 76 questions cover topics from the areas of society and culture, work, knowledge and education as well as personal life courses.<\/p>\n\n\n\n<ul class=\"wp-block-list\">\n<li><strong>Price:<\/strong> 12.00 CHF (For SVEB-memebers: 9.60 CHF)<\/li>\n\n\n\n<li><strong>Publisher:<\/strong> TRANSIT\/SVEB<\/li>\n<\/ul>\n\n\n\n<div class=\"wp-block-buttons is-layout-flex wp-block-buttons-is-layout-flex\">\n<div class=\"wp-block-button is-style-outline is-style-outline--2\"><a class=\"wp-block-button__link wp-element-button\" href=\"https:\/\/alice.ch\/de\/order-de\/?pub-id=36271\" target=\"_blank\" rel=\"noreferrer noopener\">Order set of cards<\/a><\/div>\n<\/div>\n<\/div>\n<\/div>\n\n\n\n<hr class=\"wp-block-separator has-alpha-channel-opacity is-style-wide\"\/>\n\n\n\n<h2 class=\"wp-block-heading\" id=\"2019-education-permanente\">2019: Education Permanente 20219-2 &#8220;Zukunft der Weiterbildung&#8221;<\/h2>\n\n\n\n<div class=\"wp-block-columns is-layout-flex wp-container-core-columns-is-layout-28f84493 wp-block-columns-is-layout-flex\">\n<div class=\"wp-block-column is-layout-flow wp-block-column-is-layout-flow\" style=\"flex-basis:33.33%\">\n<figure class=\"wp-block-image size-full\"><img decoding=\"async\" width=\"787\" height=\"1095\" src=\"https:\/\/thinktank-transit.ch\/app\/uploads\/sites\/3\/2023\/07\/ep-2019-cover.png\" alt=\"\" class=\"wp-image-2292\" srcset=\"https:\/\/thinktank-transit.ch\/app\/uploads\/sites\/3\/2023\/07\/ep-2019-cover.png 787w, https:\/\/thinktank-transit.ch\/app\/uploads\/sites\/3\/2023\/07\/ep-2019-cover-216x300.png 216w, https:\/\/thinktank-transit.ch\/app\/uploads\/sites\/3\/2023\/07\/ep-2019-cover-736x1024.png 736w, https:\/\/thinktank-transit.ch\/app\/uploads\/sites\/3\/2023\/07\/ep-2019-cover-768x1069.png 768w\" sizes=\"(max-width: 787px) 100vw, 787px\" \/><\/figure>\n<\/div>\n\n\n\n<div class=\"wp-block-column is-layout-flow wp-block-column-is-layout-flow\" style=\"flex-basis:66.66%\">\n<p>Special issue of the journal &#8220;Education Permanente&#8221; in the future of adult education. Available in German and French.<\/p>\n\n\n\n<p>It\u2019s a real eye catcher thanks to a special effort of the graphic team. But it also has a lot to offer in terms of content.<\/p>\n\n\n\n<p>The magazine continues TRANSIT\u2019s exploratory work. In addition to numerous interviews with experts from all over Switzerland, it also includes a contribution on the role of science for the development of a future strategy for adult learning, an analysis on the significance of lifelong learning as a social innovation, and a research on how the institutions of adult learning are preparing for the future.<\/p>\n\n\n\n<p>Particularly worth reading is the report on a specific project: Openki. It aims to facilitate self-organised learning sessions. The makers of Openki consider their project as a lab for a new way of leaning without dedicated roles of teachers and learners.<\/p>\n\n\n\n<div class=\"wp-block-file\"><a id=\"wp-block-file--media-eab47813-f099-4cf1-8975-c1f2055dd918\" href=\"https:\/\/thinktank-transit.ch\/app\/uploads\/sites\/3\/2023\/07\/EP2019-2.pdf\">Download: Education Permanente 2019-2 &#8220;Zukunft der Weiterbildung&#8221;<br \/>PDF &#8211; 4 MB<\/a><a href=\"https:\/\/thinktank-transit.ch\/app\/uploads\/sites\/3\/2023\/07\/EP2019-2.pdf\" class=\"wp-block-file__button wp-element-button\" download aria-describedby=\"wp-block-file--media-eab47813-f099-4cf1-8975-c1f2055dd918\">Herunterladen<br \/>PDF &#8211; 4 MB<\/a><\/div>\n<\/div>\n<\/div>\n\n\n\n<hr class=\"wp-block-separator has-alpha-channel-opacity is-style-wide\"\/>\n\n\n\n<h2 class=\"wp-block-heading\">Contact<\/h2>\n\n\n\n<div class=\"wp-block-columns is-layout-flex wp-container-core-columns-is-layout-28f84493 wp-block-columns-is-layout-flex\">\n<div class=\"wp-block-column is-layout-flow wp-block-column-is-layout-flow\" style=\"flex-basis:50%\"><div class=\"contact-persons\">\n\n\t\t\t\t\t<div class=\"contact-person\">\n\t\t\t\t\tDr. Helen Buchs<br \/>\t\t\t\t\tDirector TRANSIT<br \/>\t\t\t\t\t<br \/>\n\t\t\t\t\t\t\t\t\t\t\t\t\t\t\t<a href=\"mailto:helen.buchs@thinktank-transit.ch\">helen.buchs@thinktank-transit.ch<\/a><br \/>\t\t\t\t\t<\/div>\n\t\t\t\t\t<\/div>\n<\/div>\n\n\n\n<div class=\"wp-block-column is-layout-flow wp-block-column-is-layout-flow\" style=\"flex-basis:50%\"><\/div>\n<\/div>\n<\/div>\n","protected":false},"excerpt":{"rendered":"<p>More publications TRANSIT publishes books and other contributions on the future of continuing education that are available in various languages. [&hellip;]<\/p>\n","protected":false},"author":1,"featured_media":0,"parent":36,"menu_order":30,"comment_status":"closed","ping_status":"closed","template":"","meta":{"_acf_changed":false,"inline_featured_image":false,"footnotes":""},"class_list":["post-48","page","type-page","status-publish","hentry"],"acf":[],"yoast_head":"<!-- This site is optimized with the Yoast SEO plugin v27.3 - https:\/\/yoast.com\/product\/yoast-seo-wordpress\/ -->\n<title>More publications - TRANSIT<\/title>\n<meta name=\"description\" content=\"TRANSIT publishes books and other contributions on the future of continuing education that are available in various languages.\" \/>\n<meta name=\"robots\" content=\"index, follow, max-snippet:-1, max-image-preview:large, max-video-preview:-1\" \/>\n<link rel=\"canonical\" href=\"https:\/\/thinktank-transit.ch\/en\/publications\/more-publications\/\" \/>\n<meta property=\"og:locale\" content=\"en_US\" \/>\n<meta property=\"og:type\" content=\"article\" \/>\n<meta property=\"og:title\" content=\"More publications - TRANSIT\" \/>\n<meta property=\"og:description\" content=\"TRANSIT publishes books and other contributions on the future of continuing education that are available in various languages.\" \/>\n<meta property=\"og:url\" content=\"https:\/\/thinktank-transit.ch\/en\/publications\/more-publications\/\" \/>\n<meta property=\"og:site_name\" content=\"TRANSIT\" \/>\n<meta property=\"article:modified_time\" content=\"2024-12-20T15:05:56+00:00\" \/>\n<meta property=\"og:image\" content=\"https:\/\/thinktank-transit.ch\/app\/uploads\/sites\/3\/2023\/06\/TRANSIT_Zusammenhaenge_Cover.jpg\" \/>\n\t<meta property=\"og:image:width\" content=\"419\" \/>\n\t<meta property=\"og:image:height\" content=\"566\" \/>\n\t<meta property=\"og:image:type\" content=\"image\/jpeg\" \/>\n<meta name=\"twitter:card\" content=\"summary_large_image\" \/>\n<meta name=\"twitter:label1\" content=\"Est. reading time\" \/>\n\t<meta name=\"twitter:data1\" content=\"2 minutes\" \/>\n<script type=\"application\/ld+json\" class=\"yoast-schema-graph\">{\"@context\":\"https:\\\/\\\/schema.org\",\"@graph\":[{\"@type\":\"WebPage\",\"@id\":\"https:\\\/\\\/thinktank-transit.ch\\\/en\\\/publications\\\/more-publications\\\/\",\"url\":\"https:\\\/\\\/thinktank-transit.ch\\\/en\\\/publications\\\/more-publications\\\/\",\"name\":\"More publications - TRANSIT\",\"isPartOf\":{\"@id\":\"https:\\\/\\\/thinktank-transit.ch\\\/en\\\/#website\"},\"primaryImageOfPage\":{\"@id\":\"https:\\\/\\\/thinktank-transit.ch\\\/en\\\/publications\\\/more-publications\\\/#primaryimage\"},\"image\":{\"@id\":\"https:\\\/\\\/thinktank-transit.ch\\\/en\\\/publications\\\/more-publications\\\/#primaryimage\"},\"thumbnailUrl\":\"https:\\\/\\\/thinktank-transit.ch\\\/app\\\/uploads\\\/sites\\\/3\\\/2023\\\/06\\\/TRANSIT_Zusammenhaenge_Cover.jpg\",\"datePublished\":\"2023-06-05T15:15:24+00:00\",\"dateModified\":\"2024-12-20T15:05:56+00:00\",\"description\":\"TRANSIT publishes books and other contributions on the future of continuing education that are available in various languages.\",\"breadcrumb\":{\"@id\":\"https:\\\/\\\/thinktank-transit.ch\\\/en\\\/publications\\\/more-publications\\\/#breadcrumb\"},\"inLanguage\":\"en-US\",\"potentialAction\":[{\"@type\":\"ReadAction\",\"target\":[\"https:\\\/\\\/thinktank-transit.ch\\\/en\\\/publications\\\/more-publications\\\/\"]}]},{\"@type\":\"ImageObject\",\"inLanguage\":\"en-US\",\"@id\":\"https:\\\/\\\/thinktank-transit.ch\\\/en\\\/publications\\\/more-publications\\\/#primaryimage\",\"url\":\"https:\\\/\\\/thinktank-transit.ch\\\/app\\\/uploads\\\/sites\\\/3\\\/2023\\\/06\\\/TRANSIT_Zusammenhaenge_Cover.jpg\",\"contentUrl\":\"https:\\\/\\\/thinktank-transit.ch\\\/app\\\/uploads\\\/sites\\\/3\\\/2023\\\/06\\\/TRANSIT_Zusammenhaenge_Cover.jpg\"},{\"@type\":\"BreadcrumbList\",\"@id\":\"https:\\\/\\\/thinktank-transit.ch\\\/en\\\/publications\\\/more-publications\\\/#breadcrumb\",\"itemListElement\":[{\"@type\":\"ListItem\",\"position\":1,\"name\":\"Home\",\"item\":\"https:\\\/\\\/thinktank-transit.ch\\\/en\\\/\"},{\"@type\":\"ListItem\",\"position\":2,\"name\":\"Publications\",\"item\":\"https:\\\/\\\/thinktank-transit.ch\\\/en\\\/publications\\\/\"},{\"@type\":\"ListItem\",\"position\":3,\"name\":\"More publications\"}]},{\"@type\":\"WebSite\",\"@id\":\"https:\\\/\\\/thinktank-transit.ch\\\/en\\\/#website\",\"url\":\"https:\\\/\\\/thinktank-transit.ch\\\/en\\\/\",\"name\":\"TRANSIT\",\"description\":\"\",\"publisher\":{\"@id\":\"https:\\\/\\\/thinktank-transit.ch\\\/en\\\/#organization\"},\"alternateName\":\"Thinktank TRANSIT\",\"potentialAction\":[{\"@type\":\"SearchAction\",\"target\":{\"@type\":\"EntryPoint\",\"urlTemplate\":\"https:\\\/\\\/thinktank-transit.ch\\\/en\\\/?s={search_term_string}\"},\"query-input\":{\"@type\":\"PropertyValueSpecification\",\"valueRequired\":true,\"valueName\":\"search_term_string\"}}],\"inLanguage\":\"en-US\"},{\"@type\":\"Organization\",\"@id\":\"https:\\\/\\\/thinktank-transit.ch\\\/en\\\/#organization\",\"name\":\"Think Tank TRANSIT\",\"alternateName\":\"TRANSIT\",\"url\":\"https:\\\/\\\/thinktank-transit.ch\\\/en\\\/\",\"logo\":{\"@type\":\"ImageObject\",\"inLanguage\":\"en-US\",\"@id\":\"https:\\\/\\\/thinktank-transit.ch\\\/en\\\/#\\\/schema\\\/logo\\\/image\\\/\",\"url\":\"https:\\\/\\\/thinktank-transit.ch\\\/app\\\/uploads\\\/sites\\\/3\\\/2023\\\/06\\\/transit.svg\",\"contentUrl\":\"https:\\\/\\\/thinktank-transit.ch\\\/app\\\/uploads\\\/sites\\\/3\\\/2023\\\/06\\\/transit.svg\",\"width\":284,\"height\":48,\"caption\":\"Think Tank TRANSIT\"},\"image\":{\"@id\":\"https:\\\/\\\/thinktank-transit.ch\\\/en\\\/#\\\/schema\\\/logo\\\/image\\\/\"}}]}<\/script>\n<!-- \/ Yoast SEO plugin. -->","yoast_head_json":{"title":"More publications - TRANSIT","description":"TRANSIT publishes books and other contributions on the future of continuing education that are available in various languages.","robots":{"index":"index","follow":"follow","max-snippet":"max-snippet:-1","max-image-preview":"max-image-preview:large","max-video-preview":"max-video-preview:-1"},"canonical":"https:\/\/thinktank-transit.ch\/en\/publications\/more-publications\/","og_locale":"en_US","og_type":"article","og_title":"More publications - TRANSIT","og_description":"TRANSIT publishes books and other contributions on the future of continuing education that are available in various languages.","og_url":"https:\/\/thinktank-transit.ch\/en\/publications\/more-publications\/","og_site_name":"TRANSIT","article_modified_time":"2024-12-20T15:05:56+00:00","og_image":[{"width":419,"height":566,"url":"https:\/\/thinktank-transit.ch\/app\/uploads\/sites\/3\/2023\/06\/TRANSIT_Zusammenhaenge_Cover.jpg","type":"image\/jpeg"}],"twitter_card":"summary_large_image","twitter_misc":{"Est. reading time":"2 minutes"},"schema":{"@context":"https:\/\/schema.org","@graph":[{"@type":"WebPage","@id":"https:\/\/thinktank-transit.ch\/en\/publications\/more-publications\/","url":"https:\/\/thinktank-transit.ch\/en\/publications\/more-publications\/","name":"More publications - TRANSIT","isPartOf":{"@id":"https:\/\/thinktank-transit.ch\/en\/#website"},"primaryImageOfPage":{"@id":"https:\/\/thinktank-transit.ch\/en\/publications\/more-publications\/#primaryimage"},"image":{"@id":"https:\/\/thinktank-transit.ch\/en\/publications\/more-publications\/#primaryimage"},"thumbnailUrl":"https:\/\/thinktank-transit.ch\/app\/uploads\/sites\/3\/2023\/06\/TRANSIT_Zusammenhaenge_Cover.jpg","datePublished":"2023-06-05T15:15:24+00:00","dateModified":"2024-12-20T15:05:56+00:00","description":"TRANSIT publishes books and other contributions on the future of continuing education that are available in various languages.","breadcrumb":{"@id":"https:\/\/thinktank-transit.ch\/en\/publications\/more-publications\/#breadcrumb"},"inLanguage":"en-US","potentialAction":[{"@type":"ReadAction","target":["https:\/\/thinktank-transit.ch\/en\/publications\/more-publications\/"]}]},{"@type":"ImageObject","inLanguage":"en-US","@id":"https:\/\/thinktank-transit.ch\/en\/publications\/more-publications\/#primaryimage","url":"https:\/\/thinktank-transit.ch\/app\/uploads\/sites\/3\/2023\/06\/TRANSIT_Zusammenhaenge_Cover.jpg","contentUrl":"https:\/\/thinktank-transit.ch\/app\/uploads\/sites\/3\/2023\/06\/TRANSIT_Zusammenhaenge_Cover.jpg"},{"@type":"BreadcrumbList","@id":"https:\/\/thinktank-transit.ch\/en\/publications\/more-publications\/#breadcrumb","itemListElement":[{"@type":"ListItem","position":1,"name":"Home","item":"https:\/\/thinktank-transit.ch\/en\/"},{"@type":"ListItem","position":2,"name":"Publications","item":"https:\/\/thinktank-transit.ch\/en\/publications\/"},{"@type":"ListItem","position":3,"name":"More publications"}]},{"@type":"WebSite","@id":"https:\/\/thinktank-transit.ch\/en\/#website","url":"https:\/\/thinktank-transit.ch\/en\/","name":"TRANSIT","description":"","publisher":{"@id":"https:\/\/thinktank-transit.ch\/en\/#organization"},"alternateName":"Thinktank TRANSIT","potentialAction":[{"@type":"SearchAction","target":{"@type":"EntryPoint","urlTemplate":"https:\/\/thinktank-transit.ch\/en\/?s={search_term_string}"},"query-input":{"@type":"PropertyValueSpecification","valueRequired":true,"valueName":"search_term_string"}}],"inLanguage":"en-US"},{"@type":"Organization","@id":"https:\/\/thinktank-transit.ch\/en\/#organization","name":"Think Tank TRANSIT","alternateName":"TRANSIT","url":"https:\/\/thinktank-transit.ch\/en\/","logo":{"@type":"ImageObject","inLanguage":"en-US","@id":"https:\/\/thinktank-transit.ch\/en\/#\/schema\/logo\/image\/","url":"https:\/\/thinktank-transit.ch\/app\/uploads\/sites\/3\/2023\/06\/transit.svg","contentUrl":"https:\/\/thinktank-transit.ch\/app\/uploads\/sites\/3\/2023\/06\/transit.svg","width":284,"height":48,"caption":"Think Tank TRANSIT"},"image":{"@id":"https:\/\/thinktank-transit.ch\/en\/#\/schema\/logo\/image\/"}}]}},"_links":{"self":[{"href":"https:\/\/thinktank-transit.ch\/en\/wp-json\/wp\/v2\/pages\/48","targetHints":{"allow":["GET"]}}],"collection":[{"href":"https:\/\/thinktank-transit.ch\/en\/wp-json\/wp\/v2\/pages"}],"about":[{"href":"https:\/\/thinktank-transit.ch\/en\/wp-json\/wp\/v2\/types\/page"}],"author":[{"embeddable":true,"href":"https:\/\/thinktank-transit.ch\/en\/wp-json\/wp\/v2\/users\/1"}],"replies":[{"embeddable":true,"href":"https:\/\/thinktank-transit.ch\/en\/wp-json\/wp\/v2\/comments?post=48"}],"version-history":[{"count":23,"href":"https:\/\/thinktank-transit.ch\/en\/wp-json\/wp\/v2\/pages\/48\/revisions"}],"predecessor-version":[{"id":3561,"href":"https:\/\/thinktank-transit.ch\/en\/wp-json\/wp\/v2\/pages\/48\/revisions\/3561"}],"up":[{"embeddable":true,"href":"https:\/\/thinktank-transit.ch\/en\/wp-json\/wp\/v2\/pages\/36"}],"wp:attachment":[{"href":"https:\/\/thinktank-transit.ch\/en\/wp-json\/wp\/v2\/media?parent=48"}],"curies":[{"name":"wp","href":"https:\/\/api.w.org\/{rel}","templated":true}]}}