{"id":1523,"date":"2023-06-05T17:12:40","date_gmt":"2023-06-05T15:12:40","guid":{"rendered":"https:\/\/transit.alice.ch\/topics\/"},"modified":"2023-07-13T11:21:50","modified_gmt":"2023-07-13T09:21:50","slug":"themes","status":"publish","type":"page","link":"https:\/\/thinktank-transit.ch\/fr\/themes\/","title":{"rendered":"Th\u00e8mes"},"content":{"rendered":"\n<h1 class=\"wp-block-heading\">Nos diff\u00e9rents th\u00e8mes<\/h1>\n\n\n\n<div class=\"wp-block-group is-style-reduced-width is-layout-constrained wp-block-group-is-layout-constrained\">\n<p>\u00c0 peu pr\u00e8s une fois par an, le think tank TRANSIT se penche sur une nouvelle th\u00e9matique centrale: un sujet dont on pr\u00e9dit qu\u2019il s&rsquo;av\u00e9rera important pour l\u2019avenir de la formation continue. Le sujet choisi fournit un cadre de discussions et de questionnements sur lequel se penchera TRANSIT. \u00c0 la fin de chaque th\u00e8me central, un rapport de tendance vient r\u00e9sumer les contenus et esquisser des perspectives d\u2019avenir pour la formation continue.<\/p>\n\n\n\n<p>Un sondage permet \u00e0 la communaut\u00e9 de proposer de nouveaux sujets, de voter pour l\u2019une des propositions et de pointer du doigt des aspects particuli\u00e8rement importants. Puis l\u2019\u00e9quipe de TRANSIT choisit le nouveau th\u00e8me central en fonction des r\u00e9sultats du sondage.<\/p>\n\n\n\n<div class=\"wp-block-media-text alignwide is-stacked-on-mobile is-style-icon-text\"><figure class=\"wp-block-media-text__media\"><a href=\"https:\/\/thinktank-transit.ch\/en\/topics\/focus-topics\/\"><img decoding=\"async\" src=\"https:\/\/alice.ch\/app\/uploads\/2022\/10\/icon-stellenmarkt-1.png\" alt=\"\" class=\"wp-image-6061 size-full\" \/><\/a><\/figure><div class=\"wp-block-media-text__content\">\n<h2 class=\"wp-block-heading\"><a href=\"https:\/\/thinktank-transit.ch\/fr\/topics\/focus-topics\/\">Th\u00e8mes centraux<\/a><\/h2>\n\n\n\n<p>Autour du th\u00e8me central, nous discutons, en r\u00e9sum\u00e9, de l\u2019influence que les changements subis par la soci\u00e9t\u00e9 et le monde du travail peuvent avoir sur l\u2019apprentissage, et sur l\u2019avenir de la formation continue. Nous formulons diverses perspectives et divers questionnements qui invitent les acteurs et actrices de la formation continue \u00e0 r\u00e9fl\u00e9chir \u00e0 leur propre r\u00f4le dans le processus de transformation. Toutes les contributions se r\u00e9f\u00e8rent au th\u00e8me central actuel du think tank TRANSIT.<\/p>\n<\/div><\/div>\n\n\n\n<hr class=\"wp-block-separator has-alpha-channel-opacity is-style-wide\" \/>\n\n\n\n<div class=\"wp-block-media-text alignwide is-stacked-on-mobile is-style-icon-text\"><figure class=\"wp-block-media-text__media\"><a href=\"https:\/\/thinktank-transit.ch\/en\/topics\/dialogues\/\"><img decoding=\"async\" src=\"https:\/\/alice.ch\/app\/uploads\/2022\/10\/icon-stellenmarkt-1.png\" alt=\"\" class=\"wp-image-6061 size-full\" \/><\/a><\/figure><div class=\"wp-block-media-text__content\">\n<h2 class=\"wp-block-heading\"><a href=\"https:\/\/thinktank-transit.ch\/fr\/topics\/dialogues\/\">Entretiens<\/a><\/h2>\n\n\n\n<p>Dans les entretiens sur l\u2019avenir de la formation continue, nous nous entretenons avec des expert\u00b7e\u00b7s issu\u00b7e\u00b7s de diff\u00e9rentes disciplines scientifiques. Leurs connaissances doivent nous aider \u00e0 comprendre les d\u00e9veloppements dans le domaine de la formation continue dans un contexte plus large. Nous donnons \u00e9galement la parole \u00e0 des scientifiques issus de la formation continue. Elle contribue \u00e0 la r\u00e9flexion sur la pratique.<\/p>\n<\/div><\/div>\n\n\n\n<hr class=\"wp-block-separator has-alpha-channel-opacity is-style-wide\" \/>\n\n\n\n<div class=\"wp-block-media-text alignwide is-stacked-on-mobile is-style-icon-text\"><figure class=\"wp-block-media-text__media\"><a href=\"https:\/\/thinktank-transit.ch\/en\/topics\/short-posts\/\"><img decoding=\"async\" src=\"https:\/\/alice.ch\/app\/uploads\/2022\/10\/icon-stellenmarkt-1.png\" alt=\"\" class=\"wp-image-6061 size-full\" \/><\/a><\/figure><div class=\"wp-block-media-text__content\">\n<h2 class=\"wp-block-heading\"><a href=\"https:\/\/thinktank-transit.ch\/fr\/topics\/short-posts\/\">Short Posts<\/a><\/h2>\n\n\n\n<p>Dans ses \u00abShort Posts\u00bb, l\u2019\u00e9quipe de TRANSIT pr\u00e9sente des impressions subjectives, des d\u00e9veloppements dignes d\u2019int\u00e9r\u00eat ou des id\u00e9es visionnaires sous forme de courts textes. Les membres de la communaut\u00e9 TRANSIT peuvent aussi proposer leurs propres contributions. Ces textes veulent inciter \u00e0 poursuivre une lecture ou une r\u00e9flexion plus approfondies sur le sujet. Ils n\u2019ont pas la pr\u00e9tention d\u2019embrasser le sujet dans son int\u00e9gralit\u00e9, ni d\u2019\u00eatre scientifiquement fond\u00e9s. Nous vous souhaitons une agr\u00e9able lecture.<\/p>\n<\/div><\/div>\n\n\n\n<hr class=\"wp-block-separator has-alpha-channel-opacity is-style-wide\" \/>\n\n\n\n<h2 class=\"wp-block-heading\">Contact<\/h2>\n\n\n\n<div class=\"wp-block-columns is-layout-flex wp-container-core-columns-is-layout-28f84493 wp-block-columns-is-layout-flex\">\n<div class=\"wp-block-column is-layout-flow wp-block-column-is-layout-flow\" style=\"flex-basis:50%\"><div class=\"contact-persons\">\n\n\t\t\t\t\t<div class=\"contact-person\">\n\t\t\t\t\tDr. Helen Buchs<br \/>\t\t\t\t\tDirector TRANSIT<br \/>\t\t\t\t\t<br \/>\n\t\t\t\t\t\t\t\t\t\t\t\t\t\t\t<a href=\"mailto:helen.buchs@thinktank-transit.ch\">helen.buchs@thinktank-transit.ch<\/a><br \/>\t\t\t\t\t<\/div>\n\t\t\t\t\t<\/div>\n<\/div>\n\n\n\n<div class=\"wp-block-column is-layout-flow wp-block-column-is-layout-flow\" style=\"flex-basis:50%\"><\/div>\n<\/div>\n<\/div>\n","protected":false},"excerpt":{"rendered":"<p>Nos diff\u00e9rents th\u00e8mes \u00c0 peu pr\u00e8s une fois par an, le think tank TRANSIT se penche sur une nouvelle th\u00e9matique [&hellip;]<\/p>\n","protected":false},"author":1,"featured_media":0,"parent":0,"menu_order":8,"comment_status":"closed","ping_status":"closed","template":"","meta":{"_acf_changed":false,"inline_featured_image":false,"footnotes":""},"class_list":["post-1523","page","type-page","status-publish","hentry"],"acf":[],"yoast_head":"<!-- This site is optimized with the Yoast SEO plugin v27.3 - https:\/\/yoast.com\/product\/yoast-seo-wordpress\/ -->\n<title>Th\u00e8mes - TRANSIT<\/title>\n<meta name=\"description\" content=\"\u00c0 peu pr\u00e8s une fois par an, le think tank TRANSIT se penche sur une nouvelle th\u00e9matique centrale.\" \/>\n<meta name=\"robots\" content=\"index, follow, max-snippet:-1, max-image-preview:large, max-video-preview:-1\" \/>\n<link rel=\"canonical\" href=\"https:\/\/thinktank-transit.ch\/fr\/themes\/\" \/>\n<meta property=\"og:locale\" content=\"fr_FR\" \/>\n<meta property=\"og:type\" content=\"article\" \/>\n<meta property=\"og:title\" content=\"Th\u00e8mes - TRANSIT\" \/>\n<meta property=\"og:description\" content=\"\u00c0 peu pr\u00e8s une fois par an, le think tank TRANSIT se penche sur une nouvelle th\u00e9matique centrale.\" \/>\n<meta property=\"og:url\" content=\"https:\/\/thinktank-transit.ch\/fr\/themes\/\" \/>\n<meta property=\"og:site_name\" content=\"TRANSIT\" \/>\n<meta property=\"article:modified_time\" content=\"2023-07-13T09:21:50+00:00\" \/>\n<meta property=\"og:image\" content=\"https:\/\/alice.ch\/app\/uploads\/2022\/10\/icon-stellenmarkt-1.png\" \/>\n<meta name=\"twitter:card\" content=\"summary_large_image\" \/>\n<meta name=\"twitter:label1\" content=\"Dur\u00e9e de lecture estim\u00e9e\" \/>\n\t<meta name=\"twitter:data1\" content=\"2 minutes\" \/>\n<script type=\"application\/ld+json\" class=\"yoast-schema-graph\">{\"@context\":\"https:\\\/\\\/schema.org\",\"@graph\":[{\"@type\":\"WebPage\",\"@id\":\"https:\\\/\\\/thinktank-transit.ch\\\/fr\\\/themes\\\/\",\"url\":\"https:\\\/\\\/thinktank-transit.ch\\\/fr\\\/themes\\\/\",\"name\":\"Th\u00e8mes - TRANSIT\",\"isPartOf\":{\"@id\":\"https:\\\/\\\/thinktank-transit.ch\\\/fr\\\/#website\"},\"primaryImageOfPage\":{\"@id\":\"https:\\\/\\\/thinktank-transit.ch\\\/fr\\\/themes\\\/#primaryimage\"},\"image\":{\"@id\":\"https:\\\/\\\/thinktank-transit.ch\\\/fr\\\/themes\\\/#primaryimage\"},\"thumbnailUrl\":\"https:\\\/\\\/alice.ch\\\/app\\\/uploads\\\/2022\\\/10\\\/icon-stellenmarkt-1.png\",\"datePublished\":\"2023-06-05T15:12:40+00:00\",\"dateModified\":\"2023-07-13T09:21:50+00:00\",\"description\":\"\u00c0 peu pr\u00e8s une fois par an, le think tank TRANSIT se penche sur une nouvelle th\u00e9matique centrale.\",\"breadcrumb\":{\"@id\":\"https:\\\/\\\/thinktank-transit.ch\\\/fr\\\/themes\\\/#breadcrumb\"},\"inLanguage\":\"fr-FR\",\"potentialAction\":[{\"@type\":\"ReadAction\",\"target\":[\"https:\\\/\\\/thinktank-transit.ch\\\/fr\\\/themes\\\/\"]}]},{\"@type\":\"ImageObject\",\"inLanguage\":\"fr-FR\",\"@id\":\"https:\\\/\\\/thinktank-transit.ch\\\/fr\\\/themes\\\/#primaryimage\",\"url\":\"https:\\\/\\\/alice.ch\\\/app\\\/uploads\\\/2022\\\/10\\\/icon-stellenmarkt-1.png\",\"contentUrl\":\"https:\\\/\\\/alice.ch\\\/app\\\/uploads\\\/2022\\\/10\\\/icon-stellenmarkt-1.png\"},{\"@type\":\"BreadcrumbList\",\"@id\":\"https:\\\/\\\/thinktank-transit.ch\\\/fr\\\/themes\\\/#breadcrumb\",\"itemListElement\":[{\"@type\":\"ListItem\",\"position\":1,\"name\":\"Page d\u2019accueil\",\"item\":\"https:\\\/\\\/thinktank-transit.ch\\\/fr\\\/\"},{\"@type\":\"ListItem\",\"position\":2,\"name\":\"Th\u00e8mes\"}]},{\"@type\":\"WebSite\",\"@id\":\"https:\\\/\\\/thinktank-transit.ch\\\/fr\\\/#website\",\"url\":\"https:\\\/\\\/thinktank-transit.ch\\\/fr\\\/\",\"name\":\"TRANSIT\",\"description\":\"\",\"publisher\":{\"@id\":\"https:\\\/\\\/thinktank-transit.ch\\\/fr\\\/#organization\"},\"alternateName\":\"Thinktank TRANSIT\",\"potentialAction\":[{\"@type\":\"SearchAction\",\"target\":{\"@type\":\"EntryPoint\",\"urlTemplate\":\"https:\\\/\\\/thinktank-transit.ch\\\/fr\\\/?s={search_term_string}\"},\"query-input\":{\"@type\":\"PropertyValueSpecification\",\"valueRequired\":true,\"valueName\":\"search_term_string\"}}],\"inLanguage\":\"fr-FR\"},{\"@type\":\"Organization\",\"@id\":\"https:\\\/\\\/thinktank-transit.ch\\\/fr\\\/#organization\",\"name\":\"Think Tank TRANSIT\",\"alternateName\":\"TRANSIT\",\"url\":\"https:\\\/\\\/thinktank-transit.ch\\\/fr\\\/\",\"logo\":{\"@type\":\"ImageObject\",\"inLanguage\":\"fr-FR\",\"@id\":\"https:\\\/\\\/thinktank-transit.ch\\\/fr\\\/#\\\/schema\\\/logo\\\/image\\\/\",\"url\":\"https:\\\/\\\/thinktank-transit.ch\\\/app\\\/uploads\\\/sites\\\/3\\\/2023\\\/06\\\/transit.svg\",\"contentUrl\":\"https:\\\/\\\/thinktank-transit.ch\\\/app\\\/uploads\\\/sites\\\/3\\\/2023\\\/06\\\/transit.svg\",\"width\":284,\"height\":48,\"caption\":\"Think Tank TRANSIT\"},\"image\":{\"@id\":\"https:\\\/\\\/thinktank-transit.ch\\\/fr\\\/#\\\/schema\\\/logo\\\/image\\\/\"}}]}<\/script>\n<!-- \/ Yoast SEO plugin. -->","yoast_head_json":{"title":"Th\u00e8mes - TRANSIT","description":"\u00c0 peu pr\u00e8s une fois par an, le think tank TRANSIT se penche sur une nouvelle th\u00e9matique centrale.","robots":{"index":"index","follow":"follow","max-snippet":"max-snippet:-1","max-image-preview":"max-image-preview:large","max-video-preview":"max-video-preview:-1"},"canonical":"https:\/\/thinktank-transit.ch\/fr\/themes\/","og_locale":"fr_FR","og_type":"article","og_title":"Th\u00e8mes - TRANSIT","og_description":"\u00c0 peu pr\u00e8s une fois par an, le think tank TRANSIT se penche sur une nouvelle th\u00e9matique centrale.","og_url":"https:\/\/thinktank-transit.ch\/fr\/themes\/","og_site_name":"TRANSIT","article_modified_time":"2023-07-13T09:21:50+00:00","og_image":[{"url":"https:\/\/alice.ch\/app\/uploads\/2022\/10\/icon-stellenmarkt-1.png","type":"","width":"","height":""}],"twitter_card":"summary_large_image","twitter_misc":{"Dur\u00e9e de lecture estim\u00e9e":"2 minutes"},"schema":{"@context":"https:\/\/schema.org","@graph":[{"@type":"WebPage","@id":"https:\/\/thinktank-transit.ch\/fr\/themes\/","url":"https:\/\/thinktank-transit.ch\/fr\/themes\/","name":"Th\u00e8mes - TRANSIT","isPartOf":{"@id":"https:\/\/thinktank-transit.ch\/fr\/#website"},"primaryImageOfPage":{"@id":"https:\/\/thinktank-transit.ch\/fr\/themes\/#primaryimage"},"image":{"@id":"https:\/\/thinktank-transit.ch\/fr\/themes\/#primaryimage"},"thumbnailUrl":"https:\/\/alice.ch\/app\/uploads\/2022\/10\/icon-stellenmarkt-1.png","datePublished":"2023-06-05T15:12:40+00:00","dateModified":"2023-07-13T09:21:50+00:00","description":"\u00c0 peu pr\u00e8s une fois par an, le think tank TRANSIT se penche sur une nouvelle th\u00e9matique centrale.","breadcrumb":{"@id":"https:\/\/thinktank-transit.ch\/fr\/themes\/#breadcrumb"},"inLanguage":"fr-FR","potentialAction":[{"@type":"ReadAction","target":["https:\/\/thinktank-transit.ch\/fr\/themes\/"]}]},{"@type":"ImageObject","inLanguage":"fr-FR","@id":"https:\/\/thinktank-transit.ch\/fr\/themes\/#primaryimage","url":"https:\/\/alice.ch\/app\/uploads\/2022\/10\/icon-stellenmarkt-1.png","contentUrl":"https:\/\/alice.ch\/app\/uploads\/2022\/10\/icon-stellenmarkt-1.png"},{"@type":"BreadcrumbList","@id":"https:\/\/thinktank-transit.ch\/fr\/themes\/#breadcrumb","itemListElement":[{"@type":"ListItem","position":1,"name":"Page d\u2019accueil","item":"https:\/\/thinktank-transit.ch\/fr\/"},{"@type":"ListItem","position":2,"name":"Th\u00e8mes"}]},{"@type":"WebSite","@id":"https:\/\/thinktank-transit.ch\/fr\/#website","url":"https:\/\/thinktank-transit.ch\/fr\/","name":"TRANSIT","description":"","publisher":{"@id":"https:\/\/thinktank-transit.ch\/fr\/#organization"},"alternateName":"Thinktank TRANSIT","potentialAction":[{"@type":"SearchAction","target":{"@type":"EntryPoint","urlTemplate":"https:\/\/thinktank-transit.ch\/fr\/?s={search_term_string}"},"query-input":{"@type":"PropertyValueSpecification","valueRequired":true,"valueName":"search_term_string"}}],"inLanguage":"fr-FR"},{"@type":"Organization","@id":"https:\/\/thinktank-transit.ch\/fr\/#organization","name":"Think Tank TRANSIT","alternateName":"TRANSIT","url":"https:\/\/thinktank-transit.ch\/fr\/","logo":{"@type":"ImageObject","inLanguage":"fr-FR","@id":"https:\/\/thinktank-transit.ch\/fr\/#\/schema\/logo\/image\/","url":"https:\/\/thinktank-transit.ch\/app\/uploads\/sites\/3\/2023\/06\/transit.svg","contentUrl":"https:\/\/thinktank-transit.ch\/app\/uploads\/sites\/3\/2023\/06\/transit.svg","width":284,"height":48,"caption":"Think Tank TRANSIT"},"image":{"@id":"https:\/\/thinktank-transit.ch\/fr\/#\/schema\/logo\/image\/"}}]}},"_links":{"self":[{"href":"https:\/\/thinktank-transit.ch\/fr\/wp-json\/wp\/v2\/pages\/1523","targetHints":{"allow":["GET"]}}],"collection":[{"href":"https:\/\/thinktank-transit.ch\/fr\/wp-json\/wp\/v2\/pages"}],"about":[{"href":"https:\/\/thinktank-transit.ch\/fr\/wp-json\/wp\/v2\/types\/page"}],"author":[{"embeddable":true,"href":"https:\/\/thinktank-transit.ch\/fr\/wp-json\/wp\/v2\/users\/1"}],"replies":[{"embeddable":true,"href":"https:\/\/thinktank-transit.ch\/fr\/wp-json\/wp\/v2\/comments?post=1523"}],"version-history":[{"count":7,"href":"https:\/\/thinktank-transit.ch\/fr\/wp-json\/wp\/v2\/pages\/1523\/revisions"}],"predecessor-version":[{"id":1948,"href":"https:\/\/thinktank-transit.ch\/fr\/wp-json\/wp\/v2\/pages\/1523\/revisions\/1948"}],"wp:attachment":[{"href":"https:\/\/thinktank-transit.ch\/fr\/wp-json\/wp\/v2\/media?parent=1523"}],"curies":[{"name":"wp","href":"https:\/\/api.w.org\/{rel}","templated":true}]}}