{"id":1530,"date":"2023-06-05T17:13:16","date_gmt":"2023-06-05T15:13:16","guid":{"rendered":"https:\/\/transit.alice.ch\/themes\/focus-topics\/"},"modified":"2023-07-19T09:21:15","modified_gmt":"2023-07-19T07:21:15","slug":"themes-centraux","status":"publish","type":"page","link":"https:\/\/thinktank-transit.ch\/fr\/themes\/themes-centraux\/","title":{"rendered":"Th\u00e8mes centraux"},"content":{"rendered":"\n<h1 class=\"wp-block-heading\">Th\u00e8mes centraux<\/h1>\n\n\n\n<div class=\"wp-block-group is-style-reduced-width is-layout-constrained wp-block-group-is-layout-constrained\">\n<p class=\"is-style-lead\">Autour du th\u00e8me central, nous discutons, en r\u00e9sum\u00e9, de l\u2019influence que les changements subis par la soci\u00e9t\u00e9 et le monde du travail peuvent avoir sur l\u2019apprentissage, et sur l\u2019avenir de la formation continue. Nous formulons diverses perspectives et divers questionnements qui invitent les acteurs et actrices de la formation continue \u00e0 r\u00e9fl\u00e9chir \u00e0 leur propre r\u00f4le dans le processus de transformation. Toutes les contributions se r\u00e9f\u00e8rent au th\u00e8me central actuel du think tank TRANSIT.<\/p>\n\n\n\n<h2 class=\"wp-block-heading\">Th\u00e8me central actuel <\/h2>\n\n\n\n<p>Les Future Skills sont des comp\u00e9tences qui devraient devenir particuli\u00e8rement importantes \u00e0 l&rsquo;avenir dans diff\u00e9rents domaines de la vie. Elles devraient permettre aux individus de faire face aux exigences d&rsquo;un monde en mutation et de fa\u00e7onner activement l&rsquo;avenir. Les Future Skills devraient contribuer \u00e0 r\u00e9soudre les probl\u00e8mes de soci\u00e9t\u00e9, \u00e0 r\u00e9agir aux \u00e9volutions, \u00e0 trouver de nouveaux modes de vie et \u00e0 accomplir efficacement de nouvelles t\u00e2ches professionnelles. Le think tank TRANSIT va se consacrer \u00e0 ce th\u00e8me pendant un peu plus d&rsquo;un an.<\/p>\n<\/div>\n\n\n\n<div class=\"wp-block-query is-style-mobile-slider is-layout-flow wp-block-query-is-layout-flow\"><ul class=\"is-flex-container columns-3 wp-block-post-template is-layout-flow wp-block-post-template-is-layout-flow\"><li class=\"wp-block-post post-2730 focustopic type-focustopic status-publish has-post-thumbnail hentry focustopic-category-current-fr focustopic-topic-future-skills-2-fr\">\n<figure class=\"wp-block-post-featured-image\"><a href=\"https:\/\/thinktank-transit.ch\/fr\/focustopic\/future-skills-concepts-perspectives-for-the-future-of-adult-education\/\" target=\"_self\"  ><img decoding=\"async\" width=\"2560\" height=\"1707\" src=\"https:\/\/thinktank-transit.ch\/app\/uploads\/sites\/3\/2024\/02\/Future-Skills-6262451-scaled.jpg\" class=\"attachment-post-thumbnail size-post-thumbnail wp-post-image\" alt=\"Future Skills Concepts \u2013 the Basis of Perspectives for the Future of Adult Education?\" style=\"object-fit:cover;\" srcset=\"https:\/\/thinktank-transit.ch\/app\/uploads\/sites\/3\/2024\/02\/Future-Skills-6262451-scaled.jpg 2560w, https:\/\/thinktank-transit.ch\/app\/uploads\/sites\/3\/2024\/02\/Future-Skills-6262451-300x200.jpg 300w, https:\/\/thinktank-transit.ch\/app\/uploads\/sites\/3\/2024\/02\/Future-Skills-6262451-1024x683.jpg 1024w, https:\/\/thinktank-transit.ch\/app\/uploads\/sites\/3\/2024\/02\/Future-Skills-6262451-768x512.jpg 768w, https:\/\/thinktank-transit.ch\/app\/uploads\/sites\/3\/2024\/02\/Future-Skills-6262451-1536x1024.jpg 1536w, https:\/\/thinktank-transit.ch\/app\/uploads\/sites\/3\/2024\/02\/Future-Skills-6262451-2048x1365.jpg 2048w\" sizes=\"(max-width: 2560px) 100vw, 2560px\" \/><\/a><\/figure>\n\n<div class=\"taxonomy-focustopic-topic wp-block-post-terms\"><a href=\"https:\/\/thinktank-transit.ch\/fr\/focustopic-topic\/future-skills-2-fr\/\" rel=\"tag\">Future Skills<\/a><\/div>\n\n<div class=\"wp-block-post-date\"><time datetime=\"2024-02-26T14:06:33+01:00\">26 f\u00e9vrier 2024<\/time><\/div>\n\n<h3 class=\"wp-block-post-title\"><a href=\"https:\/\/thinktank-transit.ch\/fr\/focustopic\/future-skills-concepts-perspectives-for-the-future-of-adult-education\/\" target=\"_self\" >Future Skills Concepts \u2013 the Basis of Perspectives for the Future of Adult Education?<\/a><\/h3>\n\n<div class=\"wp-block-post-excerpt\"><p class=\"wp-block-post-excerpt__excerpt\">Under the term \u201cfuture skills\u201d, the Think Tank TRANSIT addresses the question of what kind of adult learning is needed to deal with the challenges of the future. <\/p><\/div>\n\n<a class=\"wp-block-query-loop-link is-style-minimal\" href=\"https:\/\/thinktank-transit.ch\/fr\/focustopic\/future-skills-concepts-perspectives-for-the-future-of-adult-education\/\">Lire l\u2019article<\/a>\n\n<\/li><\/ul><\/div>\n\n\n\n<div class=\"wp-block-group is-style-reduced-width is-layout-constrained wp-block-group-is-layout-constrained\">\n<h2 class=\"wp-block-heading\">Th\u00e8me central pass\u00e9<\/h2>\n\n\n\n<p>La flexibilisation est une \u00e9volution vers davantage d\u2019ouverture et de mobilit\u00e9. Elle s\u2019associe \u00e0 une dissolution des limites traditionnelles en termes de lieu, de temps ou d\u2019organisation. Par ailleurs, la flexibilisation va de pair avec une individualisation croissante, que l\u2019on peut comprendre comme un passage pour l\u2019individu de la d\u00e9termination ext\u00e9rieure \u00e0 l\u2019autod\u00e9termination. Une qu\u00eate de sens et la n\u00e9cessit\u00e9 d\u2019agencer les choses de mani\u00e8re individuelle, par exemple en ce qui concerne le parcours de vie personnel, caract\u00e9risent les soci\u00e9t\u00e9s flexibilis\u00e9es.<\/p>\n\n\n\n<div class=\"wp-block-group has-cyan-bluish-gray-background-color has-background is-layout-constrained wp-block-group-is-layout-constrained\">\n<p>Tous les contenus du site web TRANSIT sont disponibles en anglais et en allemand et\/ou en fran\u00e7ais. Les contenus qui ne sont pas disponibles en allemand et\/ou en fran\u00e7ais sont affich\u00e9s en anglais.<\/p>\n<\/div>\n<\/div>\n\n\n\n<div class=\"wp-block-query is-style-mobile-slider is-layout-flow wp-block-query-is-layout-flow\"><ul class=\"is-flex-container columns-3 wp-block-post-template is-layout-flow wp-block-post-template-is-layout-flow\"><li class=\"wp-block-post post-2021 focustopic type-focustopic status-publish has-post-thumbnail hentry focustopic-category-past-fr focustopic-topic-flexibilsation-fr\">\n<figure class=\"wp-block-post-featured-image\"><a href=\"https:\/\/thinktank-transit.ch\/fr\/focustopic\/individualised-life-courses-as-an-opportunity-and-challenge-for-adult-education\/\" target=\"_self\"  ><img decoding=\"async\" width=\"1340\" height=\"564\" src=\"https:\/\/thinktank-transit.ch\/app\/uploads\/sites\/3\/2023\/06\/blog-headerbild.jpg\" class=\"attachment-post-thumbnail size-post-thumbnail wp-post-image\" alt=\"Individualised life courses as an opportunity and challenge for adult education\" style=\"object-fit:cover;\" srcset=\"https:\/\/thinktank-transit.ch\/app\/uploads\/sites\/3\/2023\/06\/blog-headerbild.jpg 1340w, https:\/\/thinktank-transit.ch\/app\/uploads\/sites\/3\/2023\/06\/blog-headerbild-300x126.jpg 300w, https:\/\/thinktank-transit.ch\/app\/uploads\/sites\/3\/2023\/06\/blog-headerbild-1024x431.jpg 1024w, https:\/\/thinktank-transit.ch\/app\/uploads\/sites\/3\/2023\/06\/blog-headerbild-768x323.jpg 768w\" sizes=\"(max-width: 1340px) 100vw, 1340px\" \/><\/a><\/figure>\n\n<div class=\"taxonomy-focustopic-topic wp-block-post-terms\"><a href=\"https:\/\/thinktank-transit.ch\/fr\/focustopic-topic\/flexibilsation-fr\/\" rel=\"tag\">Flexibilsation<\/a><\/div>\n\n<div class=\"wp-block-post-date\"><time datetime=\"2023-06-08T10:57:00+02:00\">8 juin 2023<\/time><\/div>\n\n<h3 class=\"wp-block-post-title\"><a href=\"https:\/\/thinktank-transit.ch\/fr\/focustopic\/individualised-life-courses-as-an-opportunity-and-challenge-for-adult-education\/\" target=\"_self\" >Individualised life courses as an opportunity and challenge for adult education<\/a><\/h3>\n\n<div class=\"wp-block-post-excerpt\"><p class=\"wp-block-post-excerpt__excerpt\">The trend towards individualised life courses creates a series of opportunities and challenges for adult education. <\/p><\/div>\n\n<a class=\"wp-block-query-loop-link is-style-minimal\" href=\"https:\/\/thinktank-transit.ch\/fr\/focustopic\/individualised-life-courses-as-an-opportunity-and-challenge-for-adult-education\/\">Lire l\u2019article<\/a>\n\n<\/li><li class=\"wp-block-post post-2023 focustopic type-focustopic status-publish has-post-thumbnail hentry focustopic-category-past-fr focustopic-topic-flexibilsation-fr\">\n<figure class=\"wp-block-post-featured-image\"><a href=\"https:\/\/thinktank-transit.ch\/fr\/focustopic\/ever-more-knowledge-and-sources-available-how-does-adult-education-deal-with-this-en\/\" target=\"_self\"  ><img decoding=\"async\" width=\"1200\" height=\"627\" src=\"https:\/\/thinktank-transit.ch\/app\/uploads\/sites\/3\/2023\/08\/aufgeschlagenes-buch.jpg\" class=\"attachment-post-thumbnail size-post-thumbnail wp-post-image\" alt=\"Ever more knowledge and sources available: How does adult education deal with this?\u00a0\" style=\"object-fit:cover;\" srcset=\"https:\/\/thinktank-transit.ch\/app\/uploads\/sites\/3\/2023\/08\/aufgeschlagenes-buch.jpg 1200w, https:\/\/thinktank-transit.ch\/app\/uploads\/sites\/3\/2023\/08\/aufgeschlagenes-buch-300x157.jpg 300w, https:\/\/thinktank-transit.ch\/app\/uploads\/sites\/3\/2023\/08\/aufgeschlagenes-buch-1024x535.jpg 1024w, https:\/\/thinktank-transit.ch\/app\/uploads\/sites\/3\/2023\/08\/aufgeschlagenes-buch-768x401.jpg 768w\" sizes=\"(max-width: 1200px) 100vw, 1200px\" \/><\/a><\/figure>\n\n<div class=\"taxonomy-focustopic-topic wp-block-post-terms\"><a href=\"https:\/\/thinktank-transit.ch\/fr\/focustopic-topic\/flexibilsation-fr\/\" rel=\"tag\">Flexibilsation<\/a><\/div>\n\n<div class=\"wp-block-post-date\"><time datetime=\"2023-04-24T16:16:00+02:00\">24 avril 2023<\/time><\/div>\n\n<h3 class=\"wp-block-post-title\"><a href=\"https:\/\/thinktank-transit.ch\/fr\/focustopic\/ever-more-knowledge-and-sources-available-how-does-adult-education-deal-with-this-en\/\" target=\"_self\" >Ever more knowledge and sources available: How does adult education deal with this?\u00a0<\/a><\/h3>\n\n<div class=\"wp-block-post-excerpt\"><p class=\"wp-block-post-excerpt__excerpt\">Modern societies have access to ever more knowledge from a growing number of knowledge sources. This paper explores how adult [&hellip;] <\/p><\/div>\n\n<a class=\"wp-block-query-loop-link is-style-minimal\" href=\"https:\/\/thinktank-transit.ch\/fr\/focustopic\/ever-more-knowledge-and-sources-available-how-does-adult-education-deal-with-this-en\/\">Lire l\u2019article<\/a>\n\n<\/li><li class=\"wp-block-post post-2026 focustopic type-focustopic status-publish has-post-thumbnail hentry focustopic-category-past-fr focustopic-topic-flexibilsation-fr\">\n<figure class=\"wp-block-post-featured-image\"><a href=\"https:\/\/thinktank-transit.ch\/fr\/focustopic\/new-values-in-work-and-adult-education\/\" target=\"_self\"  ><img decoding=\"async\" width=\"1340\" height=\"564\" src=\"https:\/\/thinktank-transit.ch\/app\/uploads\/sites\/3\/2023\/04\/individual-learning-at-kitchen-table-1340x564px.jpg\" class=\"attachment-post-thumbnail size-post-thumbnail wp-post-image\" alt=\"\u00abNew values in work and adult education and training: New Work = new learning?\u00bb\" style=\"object-fit:cover;\" srcset=\"https:\/\/thinktank-transit.ch\/app\/uploads\/sites\/3\/2023\/04\/individual-learning-at-kitchen-table-1340x564px.jpg 1340w, https:\/\/thinktank-transit.ch\/app\/uploads\/sites\/3\/2023\/04\/individual-learning-at-kitchen-table-1340x564px-300x126.jpg 300w, https:\/\/thinktank-transit.ch\/app\/uploads\/sites\/3\/2023\/04\/individual-learning-at-kitchen-table-1340x564px-1024x431.jpg 1024w, https:\/\/thinktank-transit.ch\/app\/uploads\/sites\/3\/2023\/04\/individual-learning-at-kitchen-table-1340x564px-768x323.jpg 768w\" sizes=\"(max-width: 1340px) 100vw, 1340px\" \/><\/a><\/figure>\n\n<div class=\"taxonomy-focustopic-topic wp-block-post-terms\"><a href=\"https:\/\/thinktank-transit.ch\/fr\/focustopic-topic\/flexibilsation-fr\/\" rel=\"tag\">Flexibilsation<\/a><\/div>\n\n<div class=\"wp-block-post-date\"><time datetime=\"2023-03-14T16:12:00+01:00\">14 mars 2023<\/time><\/div>\n\n<h3 class=\"wp-block-post-title\"><a href=\"https:\/\/thinktank-transit.ch\/fr\/focustopic\/new-values-in-work-and-adult-education\/\" target=\"_self\" >\u00abNew values in work and adult education and training: New Work = new learning?\u00bb<\/a><\/h3>\n\n<div class=\"wp-block-post-excerpt\"><p class=\"wp-block-post-excerpt__excerpt\">Work is meant to increasingly contribute to self-fulfilment and create meaning in life. Is this trend influencing adult education as [&hellip;] <\/p><\/div>\n\n<a class=\"wp-block-query-loop-link is-style-minimal\" href=\"https:\/\/thinktank-transit.ch\/fr\/focustopic\/new-values-in-work-and-adult-education\/\">Lire l\u2019article<\/a>\n\n<\/li><\/ul>\n\n<\/div>\n\n\n\n<div class=\"wp-block-group is-style-reduced-width is-layout-constrained wp-block-group-is-layout-constrained\">\n<h2 class=\"wp-block-heading\">Participez \u00e0 la discussion<\/h2>\n\n\n\n<p>Nos th\u00e8mes vous int\u00e9ressent et vous avez des propositions sur les aspects et les questions que TRANSIT devrait approfondir ? Nous attendons vos contributions et vos id\u00e9es.<\/p>\n<\/div>\n\n\n\n<h2 class=\"wp-block-heading\">Contact<\/h2>\n\n\n\n<div class=\"wp-block-columns is-layout-flex wp-container-core-columns-is-layout-28f84493 wp-block-columns-is-layout-flex\">\n<div class=\"wp-block-column is-layout-flow wp-block-column-is-layout-flow\" style=\"flex-basis:50%\"><div class=\"contact-persons\">\n\n\t\t\t\t\t<div class=\"contact-person\">\n\t\t\t\t\tDr. Helen Buchs<br \/>\t\t\t\t\tDirector TRANSIT<br \/>\t\t\t\t\t<br \/>\n\t\t\t\t\t\t\t\t\t\t\t\t\t\t\t<a href=\"mailto:helen.buchs@thinktank-transit.ch\">helen.buchs@thinktank-transit.ch<\/a><br \/>\t\t\t\t\t<\/div>\n\t\t\t\t\t<\/div>\n<\/div>\n\n\n\n<div class=\"wp-block-column is-layout-flow wp-block-column-is-layout-flow\" style=\"flex-basis:50%\"><\/div>\n<\/div>\n","protected":false},"excerpt":{"rendered":"<p>Th\u00e8mes centraux Autour du th\u00e8me central, nous discutons, en r\u00e9sum\u00e9, de l\u2019influence que les changements subis par la soci\u00e9t\u00e9 et [&hellip;]<\/p>\n","protected":false},"author":1,"featured_media":0,"parent":1523,"menu_order":12,"comment_status":"closed","ping_status":"closed","template":"","meta":{"_acf_changed":false,"inline_featured_image":false,"footnotes":""},"class_list":["post-1530","page","type-page","status-publish","hentry"],"acf":[],"yoast_head":"<!-- This site is optimized with the Yoast SEO plugin v27.3 - https:\/\/yoast.com\/product\/yoast-seo-wordpress\/ -->\n<title>Th\u00e8mes centraux - TRANSIT<\/title>\n<meta name=\"description\" content=\"Autour du th\u00e8me central, nous discutons de l\u2019influence que les changements subis par la soci\u00e9t\u00e9 peuvent avoir sur sur l\u2019avenir de la formation continue.\" \/>\n<meta name=\"robots\" content=\"index, follow, max-snippet:-1, max-image-preview:large, max-video-preview:-1\" \/>\n<link rel=\"canonical\" href=\"https:\/\/thinktank-transit.ch\/fr\/themes\/themes-centraux\/\" \/>\n<meta property=\"og:locale\" content=\"fr_FR\" \/>\n<meta property=\"og:type\" content=\"article\" \/>\n<meta property=\"og:title\" content=\"Th\u00e8mes centraux - TRANSIT\" \/>\n<meta property=\"og:description\" content=\"Autour du th\u00e8me central, nous discutons de l\u2019influence que les changements subis par la soci\u00e9t\u00e9 peuvent avoir sur sur l\u2019avenir de la formation continue.\" \/>\n<meta property=\"og:url\" content=\"https:\/\/thinktank-transit.ch\/fr\/themes\/themes-centraux\/\" \/>\n<meta property=\"og:site_name\" content=\"TRANSIT\" \/>\n<meta property=\"article:modified_time\" content=\"2023-07-19T07:21:15+00:00\" \/>\n<meta name=\"twitter:card\" content=\"summary_large_image\" \/>\n<meta name=\"twitter:label1\" content=\"Dur\u00e9e de lecture estim\u00e9e\" \/>\n\t<meta name=\"twitter:data1\" content=\"2 minutes\" \/>\n<script type=\"application\/ld+json\" class=\"yoast-schema-graph\">{\"@context\":\"https:\\\/\\\/schema.org\",\"@graph\":[{\"@type\":\"WebPage\",\"@id\":\"https:\\\/\\\/thinktank-transit.ch\\\/fr\\\/themes\\\/themes-centraux\\\/\",\"url\":\"https:\\\/\\\/thinktank-transit.ch\\\/fr\\\/themes\\\/themes-centraux\\\/\",\"name\":\"Th\u00e8mes centraux - TRANSIT\",\"isPartOf\":{\"@id\":\"https:\\\/\\\/thinktank-transit.ch\\\/fr\\\/#website\"},\"datePublished\":\"2023-06-05T15:13:16+00:00\",\"dateModified\":\"2023-07-19T07:21:15+00:00\",\"description\":\"Autour du th\u00e8me central, nous discutons de l\u2019influence que les changements subis par la soci\u00e9t\u00e9 peuvent avoir sur sur l\u2019avenir de la formation continue.\",\"breadcrumb\":{\"@id\":\"https:\\\/\\\/thinktank-transit.ch\\\/fr\\\/themes\\\/themes-centraux\\\/#breadcrumb\"},\"inLanguage\":\"fr-FR\",\"potentialAction\":[{\"@type\":\"ReadAction\",\"target\":[\"https:\\\/\\\/thinktank-transit.ch\\\/fr\\\/themes\\\/themes-centraux\\\/\"]}]},{\"@type\":\"BreadcrumbList\",\"@id\":\"https:\\\/\\\/thinktank-transit.ch\\\/fr\\\/themes\\\/themes-centraux\\\/#breadcrumb\",\"itemListElement\":[{\"@type\":\"ListItem\",\"position\":1,\"name\":\"Page d\u2019accueil\",\"item\":\"https:\\\/\\\/thinktank-transit.ch\\\/fr\\\/\"},{\"@type\":\"ListItem\",\"position\":2,\"name\":\"Th\u00e8mes\",\"item\":\"https:\\\/\\\/thinktank-transit.ch\\\/fr\\\/themes\\\/\"},{\"@type\":\"ListItem\",\"position\":3,\"name\":\"Th\u00e8mes centraux\"}]},{\"@type\":\"WebSite\",\"@id\":\"https:\\\/\\\/thinktank-transit.ch\\\/fr\\\/#website\",\"url\":\"https:\\\/\\\/thinktank-transit.ch\\\/fr\\\/\",\"name\":\"TRANSIT\",\"description\":\"\",\"publisher\":{\"@id\":\"https:\\\/\\\/thinktank-transit.ch\\\/fr\\\/#organization\"},\"alternateName\":\"Thinktank TRANSIT\",\"potentialAction\":[{\"@type\":\"SearchAction\",\"target\":{\"@type\":\"EntryPoint\",\"urlTemplate\":\"https:\\\/\\\/thinktank-transit.ch\\\/fr\\\/?s={search_term_string}\"},\"query-input\":{\"@type\":\"PropertyValueSpecification\",\"valueRequired\":true,\"valueName\":\"search_term_string\"}}],\"inLanguage\":\"fr-FR\"},{\"@type\":\"Organization\",\"@id\":\"https:\\\/\\\/thinktank-transit.ch\\\/fr\\\/#organization\",\"name\":\"Think Tank TRANSIT\",\"alternateName\":\"TRANSIT\",\"url\":\"https:\\\/\\\/thinktank-transit.ch\\\/fr\\\/\",\"logo\":{\"@type\":\"ImageObject\",\"inLanguage\":\"fr-FR\",\"@id\":\"https:\\\/\\\/thinktank-transit.ch\\\/fr\\\/#\\\/schema\\\/logo\\\/image\\\/\",\"url\":\"https:\\\/\\\/thinktank-transit.ch\\\/app\\\/uploads\\\/sites\\\/3\\\/2023\\\/06\\\/transit.svg\",\"contentUrl\":\"https:\\\/\\\/thinktank-transit.ch\\\/app\\\/uploads\\\/sites\\\/3\\\/2023\\\/06\\\/transit.svg\",\"width\":284,\"height\":48,\"caption\":\"Think Tank TRANSIT\"},\"image\":{\"@id\":\"https:\\\/\\\/thinktank-transit.ch\\\/fr\\\/#\\\/schema\\\/logo\\\/image\\\/\"}}]}<\/script>\n<!-- \/ Yoast SEO plugin. -->","yoast_head_json":{"title":"Th\u00e8mes centraux - TRANSIT","description":"Autour du th\u00e8me central, nous discutons de l\u2019influence que les changements subis par la soci\u00e9t\u00e9 peuvent avoir sur sur l\u2019avenir de la formation continue.","robots":{"index":"index","follow":"follow","max-snippet":"max-snippet:-1","max-image-preview":"max-image-preview:large","max-video-preview":"max-video-preview:-1"},"canonical":"https:\/\/thinktank-transit.ch\/fr\/themes\/themes-centraux\/","og_locale":"fr_FR","og_type":"article","og_title":"Th\u00e8mes centraux - TRANSIT","og_description":"Autour du th\u00e8me central, nous discutons de l\u2019influence que les changements subis par la soci\u00e9t\u00e9 peuvent avoir sur sur l\u2019avenir de la formation continue.","og_url":"https:\/\/thinktank-transit.ch\/fr\/themes\/themes-centraux\/","og_site_name":"TRANSIT","article_modified_time":"2023-07-19T07:21:15+00:00","twitter_card":"summary_large_image","twitter_misc":{"Dur\u00e9e de lecture estim\u00e9e":"2 minutes"},"schema":{"@context":"https:\/\/schema.org","@graph":[{"@type":"WebPage","@id":"https:\/\/thinktank-transit.ch\/fr\/themes\/themes-centraux\/","url":"https:\/\/thinktank-transit.ch\/fr\/themes\/themes-centraux\/","name":"Th\u00e8mes centraux - TRANSIT","isPartOf":{"@id":"https:\/\/thinktank-transit.ch\/fr\/#website"},"datePublished":"2023-06-05T15:13:16+00:00","dateModified":"2023-07-19T07:21:15+00:00","description":"Autour du th\u00e8me central, nous discutons de l\u2019influence que les changements subis par la soci\u00e9t\u00e9 peuvent avoir sur sur l\u2019avenir de la formation continue.","breadcrumb":{"@id":"https:\/\/thinktank-transit.ch\/fr\/themes\/themes-centraux\/#breadcrumb"},"inLanguage":"fr-FR","potentialAction":[{"@type":"ReadAction","target":["https:\/\/thinktank-transit.ch\/fr\/themes\/themes-centraux\/"]}]},{"@type":"BreadcrumbList","@id":"https:\/\/thinktank-transit.ch\/fr\/themes\/themes-centraux\/#breadcrumb","itemListElement":[{"@type":"ListItem","position":1,"name":"Page d\u2019accueil","item":"https:\/\/thinktank-transit.ch\/fr\/"},{"@type":"ListItem","position":2,"name":"Th\u00e8mes","item":"https:\/\/thinktank-transit.ch\/fr\/themes\/"},{"@type":"ListItem","position":3,"name":"Th\u00e8mes centraux"}]},{"@type":"WebSite","@id":"https:\/\/thinktank-transit.ch\/fr\/#website","url":"https:\/\/thinktank-transit.ch\/fr\/","name":"TRANSIT","description":"","publisher":{"@id":"https:\/\/thinktank-transit.ch\/fr\/#organization"},"alternateName":"Thinktank TRANSIT","potentialAction":[{"@type":"SearchAction","target":{"@type":"EntryPoint","urlTemplate":"https:\/\/thinktank-transit.ch\/fr\/?s={search_term_string}"},"query-input":{"@type":"PropertyValueSpecification","valueRequired":true,"valueName":"search_term_string"}}],"inLanguage":"fr-FR"},{"@type":"Organization","@id":"https:\/\/thinktank-transit.ch\/fr\/#organization","name":"Think Tank TRANSIT","alternateName":"TRANSIT","url":"https:\/\/thinktank-transit.ch\/fr\/","logo":{"@type":"ImageObject","inLanguage":"fr-FR","@id":"https:\/\/thinktank-transit.ch\/fr\/#\/schema\/logo\/image\/","url":"https:\/\/thinktank-transit.ch\/app\/uploads\/sites\/3\/2023\/06\/transit.svg","contentUrl":"https:\/\/thinktank-transit.ch\/app\/uploads\/sites\/3\/2023\/06\/transit.svg","width":284,"height":48,"caption":"Think Tank TRANSIT"},"image":{"@id":"https:\/\/thinktank-transit.ch\/fr\/#\/schema\/logo\/image\/"}}]}},"_links":{"self":[{"href":"https:\/\/thinktank-transit.ch\/fr\/wp-json\/wp\/v2\/pages\/1530","targetHints":{"allow":["GET"]}}],"collection":[{"href":"https:\/\/thinktank-transit.ch\/fr\/wp-json\/wp\/v2\/pages"}],"about":[{"href":"https:\/\/thinktank-transit.ch\/fr\/wp-json\/wp\/v2\/types\/page"}],"author":[{"embeddable":true,"href":"https:\/\/thinktank-transit.ch\/fr\/wp-json\/wp\/v2\/users\/1"}],"replies":[{"embeddable":true,"href":"https:\/\/thinktank-transit.ch\/fr\/wp-json\/wp\/v2\/comments?post=1530"}],"version-history":[{"count":7,"href":"https:\/\/thinktank-transit.ch\/fr\/wp-json\/wp\/v2\/pages\/1530\/revisions"}],"predecessor-version":[{"id":2184,"href":"https:\/\/thinktank-transit.ch\/fr\/wp-json\/wp\/v2\/pages\/1530\/revisions\/2184"}],"up":[{"embeddable":true,"href":"https:\/\/thinktank-transit.ch\/fr\/wp-json\/wp\/v2\/pages\/1523"}],"wp:attachment":[{"href":"https:\/\/thinktank-transit.ch\/fr\/wp-json\/wp\/v2\/media?parent=1530"}],"curies":[{"name":"wp","href":"https:\/\/api.w.org\/{rel}","templated":true}]}}