{"id":1536,"date":"2023-06-05T17:12:26","date_gmt":"2023-06-05T15:12:26","guid":{"rendered":"https:\/\/transit.alice.ch\/publications\/"},"modified":"2024-12-20T16:25:18","modified_gmt":"2024-12-20T15:25:18","slug":"publications","status":"publish","type":"page","link":"https:\/\/thinktank-transit.ch\/fr\/publications\/","title":{"rendered":"Publications"},"content":{"rendered":"\n<h1 class=\"wp-block-heading\">Publications<\/h1>\n\n\n\n<div class=\"wp-block-group is-style-reduced-width is-layout-constrained wp-block-group-is-layout-constrained\">\n<p class=\"is-style-lead\">TRANSIT publie des livres et des rapports de tendance sur l\u2019avenir de la formation continue. Les publications sont disponibles en plusieurs langues. Les rapports de tendance peuvent \u00eatre librement t\u00e9l\u00e9charg\u00e9s.<\/p>\n\n\n\n<div class=\"wp-block-media-text alignwide is-stacked-on-mobile is-vertically-aligned-top is-style-icon-text\" style=\"grid-template-columns:15% auto\"><figure class=\"wp-block-media-text__media\"><a href=\"https:\/\/thinktank-transit.ch\/en\/publications\/trend-reports\/\"><img decoding=\"async\" width=\"456\" height=\"348\" src=\"https:\/\/thinktank-transit.ch\/app\/uploads\/sites\/3\/2024\/12\/icon-ep.png\" alt=\"\" class=\"wp-image-3569 size-full\" srcset=\"https:\/\/thinktank-transit.ch\/app\/uploads\/sites\/3\/2024\/12\/icon-ep.png 456w, https:\/\/thinktank-transit.ch\/app\/uploads\/sites\/3\/2024\/12\/icon-ep-300x229.png 300w\" sizes=\"(max-width: 456px) 100vw, 456px\" \/><\/a><\/figure><div class=\"wp-block-media-text__content\">\n<h2 class=\"wp-block-heading\"><a href=\"https:\/\/thinktank-transit.ch\/fr\/publications\/trend-reports\/\">Rapports de tendances<\/a><\/h2>\n\n\n\n<p>Pour l\u2019avenir de la formation continue, il est important d\u2019exploiter les potentiels de la flexibilisation. L\u2019avenir \u00e9tant associ\u00e9 \u00e0 de nombreuses incertitudes, cela n\u00e9cessite des analyses fond\u00e9es des \u00e9volutions sociales actuelles, dont on peut d\u00e9duire des perspectives \u00e9ventuelles pour la formation continue.<\/p>\n\n\n\n<p>Les rapports de tendance TRANSIT r\u00e9pondent \u00e0 cette pr\u00e9occupation. Ils discutent des \u00e9volutions sociales et de leurs implications pour l\u2019avenir de la formation continue. Les analyses et discussions visent \u00e0 ouvrir un vaste champ de vision. Sur cette base, les rapports de tendance esquissent des perspectives destin\u00e9es \u00e0 servir de points de rep\u00e8re pour la conception future de la formation continue. Id\u00e9alement, elles seront une source d\u2019inspiration pour exploiter le potentiel de la flexibilisation, r\u00e9fl\u00e9chir de mani\u00e8re approfondie aux questions les plus diverses de la formation continue et r\u00e9soudre les probl\u00e8mes qui se posent.<\/p>\n\n\n\n<p>Comme conclusion de chaque th\u00e8me central, un rapport de tendance r\u00e9sume les r\u00e9sultats ainsi \u00e9labor\u00e9s.<\/p>\n<\/div><\/div>\n\n\n\n<hr class=\"wp-block-separator has-alpha-channel-opacity is-style-wide\"\/>\n\n\n\n<div class=\"wp-block-media-text alignwide is-stacked-on-mobile is-style-icon-text\"><figure class=\"wp-block-media-text__media\"><a href=\"https:\/\/thinktank-transit.ch\/en\/publications\/more-publications\/\"><img decoding=\"async\" width=\"242\" height=\"257\" src=\"https:\/\/thinktank-transit.ch\/app\/uploads\/sites\/3\/2024\/12\/icon-daten.png\" alt=\"\" class=\"wp-image-3573 size-full\"\/><\/a><\/figure><div class=\"wp-block-media-text__content\">\n<h2 class=\"wp-block-heading\"><a href=\"https:\/\/thinktank-transit.ch\/fr\/publications\/more-publications\/\">Plus de publications<\/a><\/h2>\n\n\n\n<p>Outre les rapports sur les tendances, TRANSIT publie diverses contributions int\u00e9ressantes sur l&rsquo;avenir de l&rsquo;\u00e9ducation et de la formation continue. Il peut s&rsquo;agir de rapports succincts ou de livres.<\/p>\n<\/div><\/div>\n\n\n\n<hr class=\"wp-block-separator has-alpha-channel-opacity is-style-wide\"\/>\n\n\n\n<h2 class=\"wp-block-heading\">Contact<\/h2>\n\n\n\n<div class=\"wp-block-columns is-layout-flex wp-container-core-columns-is-layout-28f84493 wp-block-columns-is-layout-flex\">\n<div class=\"wp-block-column is-layout-flow wp-block-column-is-layout-flow\" style=\"flex-basis:50%\"><div class=\"contact-persons\">\n\n\t\t\t\t\t<div class=\"contact-person\">\n\t\t\t\t\tDr. Helen Buchs<br \/>\t\t\t\t\tDirector TRANSIT<br \/>\t\t\t\t\t<br \/>\n\t\t\t\t\t\t\t\t\t\t\t\t\t\t\t<a href=\"mailto:helen.buchs@thinktank-transit.ch\">helen.buchs@thinktank-transit.ch<\/a><br \/>\t\t\t\t\t<\/div>\n\t\t\t\t\t<\/div>\n<\/div>\n\n\n\n<div class=\"wp-block-column is-layout-flow wp-block-column-is-layout-flow\" style=\"flex-basis:50%\"><\/div>\n<\/div>\n<\/div>\n","protected":false},"excerpt":{"rendered":"<p>Publications TRANSIT publie des livres et des rapports de tendance sur l\u2019avenir de la formation continue. Les publications sont disponibles [&hellip;]<\/p>\n","protected":false},"author":1,"featured_media":0,"parent":0,"menu_order":24,"comment_status":"closed","ping_status":"closed","template":"","meta":{"_acf_changed":false,"inline_featured_image":false,"footnotes":""},"class_list":["post-1536","page","type-page","status-publish","hentry"],"acf":[],"yoast_head":"<!-- This site is optimized with the Yoast SEO plugin v27.3 - https:\/\/yoast.com\/product\/yoast-seo-wordpress\/ -->\n<title>Publications - TRANSIT<\/title>\n<meta name=\"description\" content=\"TRANSIT publie des des rapports de tendance et des autres contrubutions sur l\u2019avenir de la formation continue.\" \/>\n<meta name=\"robots\" content=\"index, follow, max-snippet:-1, max-image-preview:large, max-video-preview:-1\" \/>\n<link rel=\"canonical\" href=\"https:\/\/thinktank-transit.ch\/fr\/publications\/\" \/>\n<meta property=\"og:locale\" content=\"fr_FR\" \/>\n<meta property=\"og:type\" content=\"article\" \/>\n<meta property=\"og:title\" content=\"Publications - TRANSIT\" \/>\n<meta property=\"og:description\" content=\"TRANSIT publie des des rapports de tendance et des autres contrubutions sur l\u2019avenir de la formation continue.\" \/>\n<meta property=\"og:url\" content=\"https:\/\/thinktank-transit.ch\/fr\/publications\/\" \/>\n<meta property=\"og:site_name\" content=\"TRANSIT\" \/>\n<meta property=\"article:modified_time\" content=\"2024-12-20T15:25:18+00:00\" \/>\n<meta property=\"og:image\" content=\"https:\/\/thinktank-transit.ch\/app\/uploads\/sites\/3\/2024\/12\/icon-ep.png\" \/>\n\t<meta property=\"og:image:width\" content=\"456\" \/>\n\t<meta property=\"og:image:height\" content=\"348\" \/>\n\t<meta property=\"og:image:type\" content=\"image\/png\" \/>\n<meta name=\"twitter:card\" content=\"summary_large_image\" \/>\n<meta name=\"twitter:label1\" content=\"Dur\u00e9e de lecture estim\u00e9e\" \/>\n\t<meta name=\"twitter:data1\" content=\"1 minute\" \/>\n<script type=\"application\/ld+json\" class=\"yoast-schema-graph\">{\"@context\":\"https:\\\/\\\/schema.org\",\"@graph\":[{\"@type\":\"WebPage\",\"@id\":\"https:\\\/\\\/thinktank-transit.ch\\\/fr\\\/publications\\\/\",\"url\":\"https:\\\/\\\/thinktank-transit.ch\\\/fr\\\/publications\\\/\",\"name\":\"Publications - TRANSIT\",\"isPartOf\":{\"@id\":\"https:\\\/\\\/thinktank-transit.ch\\\/fr\\\/#website\"},\"primaryImageOfPage\":{\"@id\":\"https:\\\/\\\/thinktank-transit.ch\\\/fr\\\/publications\\\/#primaryimage\"},\"image\":{\"@id\":\"https:\\\/\\\/thinktank-transit.ch\\\/fr\\\/publications\\\/#primaryimage\"},\"thumbnailUrl\":\"https:\\\/\\\/thinktank-transit.ch\\\/app\\\/uploads\\\/sites\\\/3\\\/2024\\\/12\\\/icon-ep.png\",\"datePublished\":\"2023-06-05T15:12:26+00:00\",\"dateModified\":\"2024-12-20T15:25:18+00:00\",\"description\":\"TRANSIT publie des des rapports de tendance et des autres contrubutions sur l\u2019avenir de la formation continue.\",\"breadcrumb\":{\"@id\":\"https:\\\/\\\/thinktank-transit.ch\\\/fr\\\/publications\\\/#breadcrumb\"},\"inLanguage\":\"fr-FR\",\"potentialAction\":[{\"@type\":\"ReadAction\",\"target\":[\"https:\\\/\\\/thinktank-transit.ch\\\/fr\\\/publications\\\/\"]}]},{\"@type\":\"ImageObject\",\"inLanguage\":\"fr-FR\",\"@id\":\"https:\\\/\\\/thinktank-transit.ch\\\/fr\\\/publications\\\/#primaryimage\",\"url\":\"https:\\\/\\\/thinktank-transit.ch\\\/app\\\/uploads\\\/sites\\\/3\\\/2024\\\/12\\\/icon-ep.png\",\"contentUrl\":\"https:\\\/\\\/thinktank-transit.ch\\\/app\\\/uploads\\\/sites\\\/3\\\/2024\\\/12\\\/icon-ep.png\"},{\"@type\":\"BreadcrumbList\",\"@id\":\"https:\\\/\\\/thinktank-transit.ch\\\/fr\\\/publications\\\/#breadcrumb\",\"itemListElement\":[{\"@type\":\"ListItem\",\"position\":1,\"name\":\"Page d\u2019accueil\",\"item\":\"https:\\\/\\\/thinktank-transit.ch\\\/fr\\\/\"},{\"@type\":\"ListItem\",\"position\":2,\"name\":\"Publications\"}]},{\"@type\":\"WebSite\",\"@id\":\"https:\\\/\\\/thinktank-transit.ch\\\/fr\\\/#website\",\"url\":\"https:\\\/\\\/thinktank-transit.ch\\\/fr\\\/\",\"name\":\"TRANSIT\",\"description\":\"\",\"publisher\":{\"@id\":\"https:\\\/\\\/thinktank-transit.ch\\\/fr\\\/#organization\"},\"alternateName\":\"Thinktank TRANSIT\",\"potentialAction\":[{\"@type\":\"SearchAction\",\"target\":{\"@type\":\"EntryPoint\",\"urlTemplate\":\"https:\\\/\\\/thinktank-transit.ch\\\/fr\\\/?s={search_term_string}\"},\"query-input\":{\"@type\":\"PropertyValueSpecification\",\"valueRequired\":true,\"valueName\":\"search_term_string\"}}],\"inLanguage\":\"fr-FR\"},{\"@type\":\"Organization\",\"@id\":\"https:\\\/\\\/thinktank-transit.ch\\\/fr\\\/#organization\",\"name\":\"Think Tank TRANSIT\",\"alternateName\":\"TRANSIT\",\"url\":\"https:\\\/\\\/thinktank-transit.ch\\\/fr\\\/\",\"logo\":{\"@type\":\"ImageObject\",\"inLanguage\":\"fr-FR\",\"@id\":\"https:\\\/\\\/thinktank-transit.ch\\\/fr\\\/#\\\/schema\\\/logo\\\/image\\\/\",\"url\":\"https:\\\/\\\/thinktank-transit.ch\\\/app\\\/uploads\\\/sites\\\/3\\\/2023\\\/06\\\/transit.svg\",\"contentUrl\":\"https:\\\/\\\/thinktank-transit.ch\\\/app\\\/uploads\\\/sites\\\/3\\\/2023\\\/06\\\/transit.svg\",\"width\":284,\"height\":48,\"caption\":\"Think Tank TRANSIT\"},\"image\":{\"@id\":\"https:\\\/\\\/thinktank-transit.ch\\\/fr\\\/#\\\/schema\\\/logo\\\/image\\\/\"}}]}<\/script>\n<!-- \/ Yoast SEO plugin. -->","yoast_head_json":{"title":"Publications - TRANSIT","description":"TRANSIT publie des des rapports de tendance et des autres contrubutions sur l\u2019avenir de la formation continue.","robots":{"index":"index","follow":"follow","max-snippet":"max-snippet:-1","max-image-preview":"max-image-preview:large","max-video-preview":"max-video-preview:-1"},"canonical":"https:\/\/thinktank-transit.ch\/fr\/publications\/","og_locale":"fr_FR","og_type":"article","og_title":"Publications - TRANSIT","og_description":"TRANSIT publie des des rapports de tendance et des autres contrubutions sur l\u2019avenir de la formation continue.","og_url":"https:\/\/thinktank-transit.ch\/fr\/publications\/","og_site_name":"TRANSIT","article_modified_time":"2024-12-20T15:25:18+00:00","og_image":[{"width":456,"height":348,"url":"https:\/\/thinktank-transit.ch\/app\/uploads\/sites\/3\/2024\/12\/icon-ep.png","type":"image\/png"}],"twitter_card":"summary_large_image","twitter_misc":{"Dur\u00e9e de lecture estim\u00e9e":"1 minute"},"schema":{"@context":"https:\/\/schema.org","@graph":[{"@type":"WebPage","@id":"https:\/\/thinktank-transit.ch\/fr\/publications\/","url":"https:\/\/thinktank-transit.ch\/fr\/publications\/","name":"Publications - TRANSIT","isPartOf":{"@id":"https:\/\/thinktank-transit.ch\/fr\/#website"},"primaryImageOfPage":{"@id":"https:\/\/thinktank-transit.ch\/fr\/publications\/#primaryimage"},"image":{"@id":"https:\/\/thinktank-transit.ch\/fr\/publications\/#primaryimage"},"thumbnailUrl":"https:\/\/thinktank-transit.ch\/app\/uploads\/sites\/3\/2024\/12\/icon-ep.png","datePublished":"2023-06-05T15:12:26+00:00","dateModified":"2024-12-20T15:25:18+00:00","description":"TRANSIT publie des des rapports de tendance et des autres contrubutions sur l\u2019avenir de la formation continue.","breadcrumb":{"@id":"https:\/\/thinktank-transit.ch\/fr\/publications\/#breadcrumb"},"inLanguage":"fr-FR","potentialAction":[{"@type":"ReadAction","target":["https:\/\/thinktank-transit.ch\/fr\/publications\/"]}]},{"@type":"ImageObject","inLanguage":"fr-FR","@id":"https:\/\/thinktank-transit.ch\/fr\/publications\/#primaryimage","url":"https:\/\/thinktank-transit.ch\/app\/uploads\/sites\/3\/2024\/12\/icon-ep.png","contentUrl":"https:\/\/thinktank-transit.ch\/app\/uploads\/sites\/3\/2024\/12\/icon-ep.png"},{"@type":"BreadcrumbList","@id":"https:\/\/thinktank-transit.ch\/fr\/publications\/#breadcrumb","itemListElement":[{"@type":"ListItem","position":1,"name":"Page d\u2019accueil","item":"https:\/\/thinktank-transit.ch\/fr\/"},{"@type":"ListItem","position":2,"name":"Publications"}]},{"@type":"WebSite","@id":"https:\/\/thinktank-transit.ch\/fr\/#website","url":"https:\/\/thinktank-transit.ch\/fr\/","name":"TRANSIT","description":"","publisher":{"@id":"https:\/\/thinktank-transit.ch\/fr\/#organization"},"alternateName":"Thinktank TRANSIT","potentialAction":[{"@type":"SearchAction","target":{"@type":"EntryPoint","urlTemplate":"https:\/\/thinktank-transit.ch\/fr\/?s={search_term_string}"},"query-input":{"@type":"PropertyValueSpecification","valueRequired":true,"valueName":"search_term_string"}}],"inLanguage":"fr-FR"},{"@type":"Organization","@id":"https:\/\/thinktank-transit.ch\/fr\/#organization","name":"Think Tank TRANSIT","alternateName":"TRANSIT","url":"https:\/\/thinktank-transit.ch\/fr\/","logo":{"@type":"ImageObject","inLanguage":"fr-FR","@id":"https:\/\/thinktank-transit.ch\/fr\/#\/schema\/logo\/image\/","url":"https:\/\/thinktank-transit.ch\/app\/uploads\/sites\/3\/2023\/06\/transit.svg","contentUrl":"https:\/\/thinktank-transit.ch\/app\/uploads\/sites\/3\/2023\/06\/transit.svg","width":284,"height":48,"caption":"Think Tank TRANSIT"},"image":{"@id":"https:\/\/thinktank-transit.ch\/fr\/#\/schema\/logo\/image\/"}}]}},"_links":{"self":[{"href":"https:\/\/thinktank-transit.ch\/fr\/wp-json\/wp\/v2\/pages\/1536","targetHints":{"allow":["GET"]}}],"collection":[{"href":"https:\/\/thinktank-transit.ch\/fr\/wp-json\/wp\/v2\/pages"}],"about":[{"href":"https:\/\/thinktank-transit.ch\/fr\/wp-json\/wp\/v2\/types\/page"}],"author":[{"embeddable":true,"href":"https:\/\/thinktank-transit.ch\/fr\/wp-json\/wp\/v2\/users\/1"}],"replies":[{"embeddable":true,"href":"https:\/\/thinktank-transit.ch\/fr\/wp-json\/wp\/v2\/comments?post=1536"}],"version-history":[{"count":9,"href":"https:\/\/thinktank-transit.ch\/fr\/wp-json\/wp\/v2\/pages\/1536\/revisions"}],"predecessor-version":[{"id":3577,"href":"https:\/\/thinktank-transit.ch\/fr\/wp-json\/wp\/v2\/pages\/1536\/revisions\/3577"}],"wp:attachment":[{"href":"https:\/\/thinktank-transit.ch\/fr\/wp-json\/wp\/v2\/media?parent=1536"}],"curies":[{"name":"wp","href":"https:\/\/api.w.org\/{rel}","templated":true}]}}