{"id":1537,"date":"2023-06-05T17:15:24","date_gmt":"2023-06-05T15:15:24","guid":{"rendered":"https:\/\/transit.alice.ch\/publications\/more-publications\/"},"modified":"2025-12-17T15:36:05","modified_gmt":"2025-12-17T14:36:05","slug":"plus-de-publications","status":"publish","type":"page","link":"https:\/\/thinktank-transit.ch\/fr\/publications\/plus-de-publications\/","title":{"rendered":"Plus de publications"},"content":{"rendered":"\n<h1 class=\"wp-block-heading\">Plus de publications<\/h1>\n\n\n\n<div class=\"wp-block-group is-style-reduced-width is-layout-constrained wp-block-group-is-layout-constrained\">\n<p class=\"is-style-lead\">TRANSIT publie des livres sur l\u2019avenir de la formation continue. Les publications sont disponibles en plusieurs langues. <\/p>\n\n\n\n<h2 class=\"wp-block-heading\">Livre \u00abZusammenh\u00e4nge. Zehn Gespr\u00e4che \u00fcber das Lernen von Erwachsenen heute und morgen\u00bb<\/h2>\n\n\n\n<div class=\"wp-block-columns is-layout-flex wp-container-core-columns-is-layout-28f84493 wp-block-columns-is-layout-flex\">\n<div class=\"wp-block-column is-layout-flow wp-block-column-is-layout-flow\" style=\"flex-basis:33.33%\">\n<figure class=\"wp-block-image size-full\"><img decoding=\"async\" width=\"419\" height=\"566\" src=\"https:\/\/thinktank-transit.ch\/app\/uploads\/sites\/3\/2023\/06\/TRANSIT_Zusammenhaenge_Cover.jpg\" alt=\"\" class=\"wp-image-830\" srcset=\"https:\/\/thinktank-transit.ch\/app\/uploads\/sites\/3\/2023\/06\/TRANSIT_Zusammenhaenge_Cover.jpg 419w, https:\/\/thinktank-transit.ch\/app\/uploads\/sites\/3\/2023\/06\/TRANSIT_Zusammenhaenge_Cover-222x300.jpg 222w\" sizes=\"(max-width: 419px) 100vw, 419px\" \/><\/figure>\n<\/div>\n\n\n\n<div class=\"wp-block-column is-layout-flow wp-block-column-is-layout-flow\" style=\"flex-basis:66.66%\">\n<p>Dix entretiens sur l\u2019avenir de la formation continue ont \u00e9t\u00e9 publi\u00e9s sous forme d\u2019un livre tr\u00e8s pratique. Il porte le titre de \u00abZusammenh\u00e4nge\u00bb (connexions) et il est disponible en allemand dans la <a href=\"https:\/\/alice.ch\/de\/dienstleistungen\/publikationen-und-produkte\/publikationen\/\">boutique germanophone de la FSEA<\/a>.<\/p>\n\n\n\n<p>Ces dix entretiens ont \u00e9t\u00e9 men\u00e9s entre 2018 et 2021 avec des expert\u00b7e\u00b7s de diff\u00e9rentes disciplines. Ils nous invitent \u00e0 contempler l\u2019apprentissage du futur sous diverses perspectives. Et \u00e0 nous demander dans quelles conditions sociales et technologiques nous apprenons aujourd\u2019hui et \u00e0 l\u2019avenir, quelles comp\u00e9tences peuvent nous faire avancer et de quelle intensit\u00e9 d&rsquo;apprentissage nous aurions besoin pour venir \u00e0 bout des d\u00e9fis qui nous attendent.<\/p>\n\n\n\n<ul class=\"wp-block-list\">\n<li><strong>Prix:<\/strong> 18.00 CHF (prix pour membres de la FSEA: 14.40 CHF)<\/li>\n\n\n\n<li><strong>Editeur:<\/strong> TRANSIT\/FSEA<\/li>\n\n\n\n<li><strong>Auteur:<\/strong> Irena Sgier &amp; Ronald Schenkel<\/li>\n\n\n\n<li><strong><strong>Distributeur<\/strong>:<\/strong> FSEA, 124 pages<\/li>\n\n\n\n<li><strong>ISBN Print:<\/strong> 978-3-033-08997-6<\/li>\n<\/ul>\n\n\n\n<div class=\"wp-block-buttons is-layout-flex wp-block-buttons-is-layout-flex\">\n<div class=\"wp-block-button is-style-outline is-style-outline--1\"><a class=\"wp-block-button__link wp-element-button\" href=\"https:\/\/alice.ch\/de\/order-de\/?pub-id=36078\" target=\"_blank\" rel=\"noreferrer noopener\">Commander le livre<\/a><\/div>\n<\/div>\n<\/div>\n<\/div>\n\n\n\n<hr class=\"wp-block-separator has-alpha-channel-opacity is-style-wide\"\/>\n\n\n\n<h2 class=\"wp-block-heading\">TRANSIT Set de cartes questions d\u2019avenir <\/h2>\n\n\n\n<div class=\"wp-block-columns is-layout-flex wp-container-core-columns-is-layout-28f84493 wp-block-columns-is-layout-flex\">\n<div class=\"wp-block-column is-layout-flow wp-block-column-is-layout-flow\" style=\"flex-basis:33.33%\">\n<figure class=\"wp-block-image size-full\"><img decoding=\"async\" width=\"1597\" height=\"2560\" src=\"https:\/\/thinktank-transit.ch\/app\/uploads\/sites\/3\/2024\/08\/kartenset-fr-scaled-1.jpg\" alt=\"\" class=\"wp-image-3062\" srcset=\"https:\/\/thinktank-transit.ch\/app\/uploads\/sites\/3\/2024\/08\/kartenset-fr-scaled-1.jpg 1597w, https:\/\/thinktank-transit.ch\/app\/uploads\/sites\/3\/2024\/08\/kartenset-fr-scaled-1-187x300.jpg 187w, https:\/\/thinktank-transit.ch\/app\/uploads\/sites\/3\/2024\/08\/kartenset-fr-scaled-1-639x1024.jpg 639w, https:\/\/thinktank-transit.ch\/app\/uploads\/sites\/3\/2024\/08\/kartenset-fr-scaled-1-768x1231.jpg 768w, https:\/\/thinktank-transit.ch\/app\/uploads\/sites\/3\/2024\/08\/kartenset-fr-scaled-1-958x1536.jpg 958w, https:\/\/thinktank-transit.ch\/app\/uploads\/sites\/3\/2024\/08\/kartenset-fr-scaled-1-1278x2048.jpg 1278w\" sizes=\"(max-width: 1597px) 100vw, 1597px\" \/><\/figure>\n<\/div>\n\n\n\n<div class=\"wp-block-column is-layout-flow wp-block-column-is-layout-flow\" style=\"flex-basis:66.66%\">\n<p>Les questions d\u2019avenir TRANSIT invitent \u00e0 d\u00e9velopper des visions d\u2019avenir, seul ou en groupe. Les 76 questions portent sur des th\u00e8mes li\u00e9s \u00e0 la soci\u00e9t\u00e9 et \u00e0 la culture, au travail, au savoir et \u00e0 la formation ainsi qu\u2019aux projets de vie personnels.<\/p>\n\n\n\n<ul class=\"wp-block-list\">\n<li><strong>Editeur:<\/strong> TRANSIT\/FSEA<\/li>\n<\/ul>\n\n\n\n<p>Le jeu de cartes TRANSIT (version fran\u00e7aise) est \u00e9puis\u00e9. Si vous souhaitez le commander, veuillez s\u2019il vous pla\u00eet nous contacter par email \u00e0\u00a0<a href=\"mailto:marketing@alice.ch\">marketing@alice.ch<\/a>.<\/p>\n<\/div>\n<\/div>\n\n\n\n<hr class=\"wp-block-separator has-alpha-channel-opacity is-style-wide\"\/>\n\n\n\n<h2 class=\"wp-block-heading\" id=\"2019-education-permanente\">Education Permanente 2019-2 \u00abL&rsquo;avenir de la formation continue\u00bb<\/h2>\n\n\n\n<div class=\"wp-block-columns is-layout-flex wp-container-core-columns-is-layout-28f84493 wp-block-columns-is-layout-flex\">\n<div class=\"wp-block-column is-layout-flow wp-block-column-is-layout-flow\" style=\"flex-basis:33.33%\">\n<figure class=\"wp-block-image size-full\"><img decoding=\"async\" width=\"787\" height=\"1095\" src=\"https:\/\/thinktank-transit.ch\/app\/uploads\/sites\/3\/2023\/07\/ep-2019-cover.png\" alt=\"\" class=\"wp-image-2294\" srcset=\"https:\/\/thinktank-transit.ch\/app\/uploads\/sites\/3\/2023\/07\/ep-2019-cover.png 787w, https:\/\/thinktank-transit.ch\/app\/uploads\/sites\/3\/2023\/07\/ep-2019-cover-216x300.png 216w, https:\/\/thinktank-transit.ch\/app\/uploads\/sites\/3\/2023\/07\/ep-2019-cover-736x1024.png 736w, https:\/\/thinktank-transit.ch\/app\/uploads\/sites\/3\/2023\/07\/ep-2019-cover-768x1069.png 768w\" sizes=\"(max-width: 787px) 100vw, 787px\" \/><\/figure>\n<\/div>\n\n\n\n<div class=\"wp-block-column is-layout-flow wp-block-column-is-layout-flow\" style=\"flex-basis:66.66%\">\n<p>\u00c9dition sp\u00e9ciale de la revue \u00abEducation Permanente\u00bb sur l\u2019avenir de la formation continue. Disponible en fran\u00e7ais et allemand.<\/p>\n\n\n\n<p>Une revue qui se distingue gr\u00e2ce \u00e0 la r\u00e9alisation impressionnante de l\u2019\u00e9quipe graphique. Et son contenu aussi a beaucoup \u00e0 offrir.<\/p>\n\n\n\n<p>Cette \u00e9dition sp\u00e9ciale vient poursuivre le travail de TRANSIT. Elle contient de nombreux entretiens avec des expert\u00b7e\u00b7s de toute la Suisse, ainsi qu\u2019une r\u00e9flexion sur le r\u00f4le de la science dans le d\u00e9veloppement d\u2019une strat\u00e9gie pour l\u2019avenir de la formation continue. On y trouve aussi une analyse sur l\u2019importance de l\u2019apprentissage tout au long de la vie en tant qu\u2019innovation sociale, ainsi qu\u2019une \u00e9tude sur la mani\u00e8re dont les institutions de formation continue peuvent se pr\u00e9parer \u00e0 l\u2019avenir.<\/p>\n\n\n\n<p>On s\u2019attardera tout particuli\u00e8rement sur le rapport tr\u00e8s int\u00e9ressant concernant un projet concret: Openki. Ce projet vise \u00e0 faciliter le concept d\u2019apprentissage autodirig\u00e9 sous forme d\u2019unit\u00e9s d\u2019apprentissage. Les cr\u00e9ateurs d\u2019Openki consid\u00e8rent leur projet comme un laboratoire pour la cr\u00e9ation d\u2019un nouveau type d\u2019apprentissage, sans aucun r\u00f4le rigide ni pour les enseignant\u00b7e\u00b7s ni pour les apprenant\u00b7e\u00b7s.<\/p>\n\n\n\n<div class=\"wp-block-file\"><a id=\"wp-block-file--media-eab47813-f099-4cf1-8975-c1f2055dd918\" href=\"https:\/\/thinktank-transit.ch\/app\/uploads\/sites\/3\/2023\/07\/EP2019-2.pdf\">Download: Education Permanente 2019-2 \u00abL&rsquo;avenir de la formation continue\u00bb<br \/>PDF &#8211; 4 Mo<\/a><a href=\"https:\/\/thinktank-transit.ch\/app\/uploads\/sites\/3\/2023\/07\/EP2019-2.pdf\" class=\"wp-block-file__button wp-element-button\" download aria-describedby=\"wp-block-file--media-eab47813-f099-4cf1-8975-c1f2055dd918\">Herunterladen<br \/>PDF &#8211; 4 Mo<\/a><\/div>\n<\/div>\n<\/div>\n\n\n\n<hr class=\"wp-block-separator has-alpha-channel-opacity is-style-wide\"\/>\n\n\n\n<h2 class=\"wp-block-heading\">Contact<\/h2>\n\n\n\n<div class=\"wp-block-columns is-layout-flex wp-container-core-columns-is-layout-28f84493 wp-block-columns-is-layout-flex\">\n<div class=\"wp-block-column is-layout-flow wp-block-column-is-layout-flow\" style=\"flex-basis:50%\"><div class=\"contact-persons\">\n\n\t\t\t\t\t<div class=\"contact-person\">\n\t\t\t\t\tDr. Helen Buchs<br \/>\t\t\t\t\tDirector TRANSIT<br \/>\t\t\t\t\t<br \/>\n\t\t\t\t\t\t\t\t\t\t\t\t\t\t\t<a href=\"mailto:helen.buchs@thinktank-transit.ch\">helen.buchs@thinktank-transit.ch<\/a><br \/>\t\t\t\t\t<\/div>\n\t\t\t\t\t<\/div>\n<\/div>\n\n\n\n<div class=\"wp-block-column is-layout-flow wp-block-column-is-layout-flow\" style=\"flex-basis:50%\"><\/div>\n<\/div>\n<\/div>\n","protected":false},"excerpt":{"rendered":"<p>Plus de publications TRANSIT publie des livres sur l\u2019avenir de la formation continue. Les publications sont disponibles en plusieurs langues. [&hellip;]<\/p>\n","protected":false},"author":1,"featured_media":0,"parent":1536,"menu_order":31,"comment_status":"closed","ping_status":"closed","template":"","meta":{"_acf_changed":false,"inline_featured_image":false,"footnotes":""},"class_list":["post-1537","page","type-page","status-publish","hentry"],"acf":[],"yoast_head":"<!-- This site is optimized with the Yoast SEO plugin v27.3 - https:\/\/yoast.com\/product\/yoast-seo-wordpress\/ -->\n<title>Plus de publications - TRANSIT<\/title>\n<meta name=\"description\" content=\"TRANSIT publie des livres sur l\u2019avenir de la formation continue. Les publications sont disponibles en plusieurs langues.\" \/>\n<meta name=\"robots\" content=\"index, follow, max-snippet:-1, max-image-preview:large, max-video-preview:-1\" \/>\n<link rel=\"canonical\" href=\"https:\/\/thinktank-transit.ch\/fr\/publications\/plus-de-publications\/\" \/>\n<meta property=\"og:locale\" content=\"fr_FR\" \/>\n<meta property=\"og:type\" content=\"article\" \/>\n<meta property=\"og:title\" content=\"Plus de publications - TRANSIT\" \/>\n<meta property=\"og:description\" content=\"TRANSIT publie des livres sur l\u2019avenir de la formation continue. Les publications sont disponibles en plusieurs langues.\" \/>\n<meta property=\"og:url\" content=\"https:\/\/thinktank-transit.ch\/fr\/publications\/plus-de-publications\/\" \/>\n<meta property=\"og:site_name\" content=\"TRANSIT\" \/>\n<meta property=\"article:modified_time\" content=\"2025-12-17T14:36:05+00:00\" \/>\n<meta property=\"og:image\" content=\"https:\/\/thinktank-transit.ch\/app\/uploads\/sites\/3\/2023\/06\/TRANSIT_Zusammenhaenge_Cover.jpg\" \/>\n\t<meta property=\"og:image:width\" content=\"419\" \/>\n\t<meta property=\"og:image:height\" content=\"566\" \/>\n\t<meta property=\"og:image:type\" content=\"image\/jpeg\" \/>\n<meta name=\"twitter:card\" content=\"summary_large_image\" \/>\n<meta name=\"twitter:label1\" content=\"Dur\u00e9e de lecture estim\u00e9e\" \/>\n\t<meta name=\"twitter:data1\" content=\"2 minutes\" \/>\n<script type=\"application\/ld+json\" class=\"yoast-schema-graph\">{\"@context\":\"https:\\\/\\\/schema.org\",\"@graph\":[{\"@type\":\"WebPage\",\"@id\":\"https:\\\/\\\/thinktank-transit.ch\\\/fr\\\/publications\\\/plus-de-publications\\\/\",\"url\":\"https:\\\/\\\/thinktank-transit.ch\\\/fr\\\/publications\\\/plus-de-publications\\\/\",\"name\":\"Plus de publications - TRANSIT\",\"isPartOf\":{\"@id\":\"https:\\\/\\\/thinktank-transit.ch\\\/fr\\\/#website\"},\"primaryImageOfPage\":{\"@id\":\"https:\\\/\\\/thinktank-transit.ch\\\/fr\\\/publications\\\/plus-de-publications\\\/#primaryimage\"},\"image\":{\"@id\":\"https:\\\/\\\/thinktank-transit.ch\\\/fr\\\/publications\\\/plus-de-publications\\\/#primaryimage\"},\"thumbnailUrl\":\"https:\\\/\\\/thinktank-transit.ch\\\/app\\\/uploads\\\/sites\\\/3\\\/2023\\\/06\\\/TRANSIT_Zusammenhaenge_Cover.jpg\",\"datePublished\":\"2023-06-05T15:15:24+00:00\",\"dateModified\":\"2025-12-17T14:36:05+00:00\",\"description\":\"TRANSIT publie des livres sur l\u2019avenir de la formation continue. Les publications sont disponibles en plusieurs langues.\",\"breadcrumb\":{\"@id\":\"https:\\\/\\\/thinktank-transit.ch\\\/fr\\\/publications\\\/plus-de-publications\\\/#breadcrumb\"},\"inLanguage\":\"fr-FR\",\"potentialAction\":[{\"@type\":\"ReadAction\",\"target\":[\"https:\\\/\\\/thinktank-transit.ch\\\/fr\\\/publications\\\/plus-de-publications\\\/\"]}]},{\"@type\":\"ImageObject\",\"inLanguage\":\"fr-FR\",\"@id\":\"https:\\\/\\\/thinktank-transit.ch\\\/fr\\\/publications\\\/plus-de-publications\\\/#primaryimage\",\"url\":\"https:\\\/\\\/thinktank-transit.ch\\\/app\\\/uploads\\\/sites\\\/3\\\/2023\\\/06\\\/TRANSIT_Zusammenhaenge_Cover.jpg\",\"contentUrl\":\"https:\\\/\\\/thinktank-transit.ch\\\/app\\\/uploads\\\/sites\\\/3\\\/2023\\\/06\\\/TRANSIT_Zusammenhaenge_Cover.jpg\"},{\"@type\":\"BreadcrumbList\",\"@id\":\"https:\\\/\\\/thinktank-transit.ch\\\/fr\\\/publications\\\/plus-de-publications\\\/#breadcrumb\",\"itemListElement\":[{\"@type\":\"ListItem\",\"position\":1,\"name\":\"Page d\u2019accueil\",\"item\":\"https:\\\/\\\/thinktank-transit.ch\\\/fr\\\/\"},{\"@type\":\"ListItem\",\"position\":2,\"name\":\"Publications\",\"item\":\"https:\\\/\\\/thinktank-transit.ch\\\/fr\\\/publications\\\/\"},{\"@type\":\"ListItem\",\"position\":3,\"name\":\"Plus de publications\"}]},{\"@type\":\"WebSite\",\"@id\":\"https:\\\/\\\/thinktank-transit.ch\\\/fr\\\/#website\",\"url\":\"https:\\\/\\\/thinktank-transit.ch\\\/fr\\\/\",\"name\":\"TRANSIT\",\"description\":\"\",\"publisher\":{\"@id\":\"https:\\\/\\\/thinktank-transit.ch\\\/fr\\\/#organization\"},\"alternateName\":\"Thinktank TRANSIT\",\"potentialAction\":[{\"@type\":\"SearchAction\",\"target\":{\"@type\":\"EntryPoint\",\"urlTemplate\":\"https:\\\/\\\/thinktank-transit.ch\\\/fr\\\/?s={search_term_string}\"},\"query-input\":{\"@type\":\"PropertyValueSpecification\",\"valueRequired\":true,\"valueName\":\"search_term_string\"}}],\"inLanguage\":\"fr-FR\"},{\"@type\":\"Organization\",\"@id\":\"https:\\\/\\\/thinktank-transit.ch\\\/fr\\\/#organization\",\"name\":\"Think Tank TRANSIT\",\"alternateName\":\"TRANSIT\",\"url\":\"https:\\\/\\\/thinktank-transit.ch\\\/fr\\\/\",\"logo\":{\"@type\":\"ImageObject\",\"inLanguage\":\"fr-FR\",\"@id\":\"https:\\\/\\\/thinktank-transit.ch\\\/fr\\\/#\\\/schema\\\/logo\\\/image\\\/\",\"url\":\"https:\\\/\\\/thinktank-transit.ch\\\/app\\\/uploads\\\/sites\\\/3\\\/2023\\\/06\\\/transit.svg\",\"contentUrl\":\"https:\\\/\\\/thinktank-transit.ch\\\/app\\\/uploads\\\/sites\\\/3\\\/2023\\\/06\\\/transit.svg\",\"width\":284,\"height\":48,\"caption\":\"Think Tank TRANSIT\"},\"image\":{\"@id\":\"https:\\\/\\\/thinktank-transit.ch\\\/fr\\\/#\\\/schema\\\/logo\\\/image\\\/\"}}]}<\/script>\n<!-- \/ Yoast SEO plugin. -->","yoast_head_json":{"title":"Plus de publications - TRANSIT","description":"TRANSIT publie des livres sur l\u2019avenir de la formation continue. Les publications sont disponibles en plusieurs langues.","robots":{"index":"index","follow":"follow","max-snippet":"max-snippet:-1","max-image-preview":"max-image-preview:large","max-video-preview":"max-video-preview:-1"},"canonical":"https:\/\/thinktank-transit.ch\/fr\/publications\/plus-de-publications\/","og_locale":"fr_FR","og_type":"article","og_title":"Plus de publications - TRANSIT","og_description":"TRANSIT publie des livres sur l\u2019avenir de la formation continue. Les publications sont disponibles en plusieurs langues.","og_url":"https:\/\/thinktank-transit.ch\/fr\/publications\/plus-de-publications\/","og_site_name":"TRANSIT","article_modified_time":"2025-12-17T14:36:05+00:00","og_image":[{"width":419,"height":566,"url":"https:\/\/thinktank-transit.ch\/app\/uploads\/sites\/3\/2023\/06\/TRANSIT_Zusammenhaenge_Cover.jpg","type":"image\/jpeg"}],"twitter_card":"summary_large_image","twitter_misc":{"Dur\u00e9e de lecture estim\u00e9e":"2 minutes"},"schema":{"@context":"https:\/\/schema.org","@graph":[{"@type":"WebPage","@id":"https:\/\/thinktank-transit.ch\/fr\/publications\/plus-de-publications\/","url":"https:\/\/thinktank-transit.ch\/fr\/publications\/plus-de-publications\/","name":"Plus de publications - TRANSIT","isPartOf":{"@id":"https:\/\/thinktank-transit.ch\/fr\/#website"},"primaryImageOfPage":{"@id":"https:\/\/thinktank-transit.ch\/fr\/publications\/plus-de-publications\/#primaryimage"},"image":{"@id":"https:\/\/thinktank-transit.ch\/fr\/publications\/plus-de-publications\/#primaryimage"},"thumbnailUrl":"https:\/\/thinktank-transit.ch\/app\/uploads\/sites\/3\/2023\/06\/TRANSIT_Zusammenhaenge_Cover.jpg","datePublished":"2023-06-05T15:15:24+00:00","dateModified":"2025-12-17T14:36:05+00:00","description":"TRANSIT publie des livres sur l\u2019avenir de la formation continue. Les publications sont disponibles en plusieurs langues.","breadcrumb":{"@id":"https:\/\/thinktank-transit.ch\/fr\/publications\/plus-de-publications\/#breadcrumb"},"inLanguage":"fr-FR","potentialAction":[{"@type":"ReadAction","target":["https:\/\/thinktank-transit.ch\/fr\/publications\/plus-de-publications\/"]}]},{"@type":"ImageObject","inLanguage":"fr-FR","@id":"https:\/\/thinktank-transit.ch\/fr\/publications\/plus-de-publications\/#primaryimage","url":"https:\/\/thinktank-transit.ch\/app\/uploads\/sites\/3\/2023\/06\/TRANSIT_Zusammenhaenge_Cover.jpg","contentUrl":"https:\/\/thinktank-transit.ch\/app\/uploads\/sites\/3\/2023\/06\/TRANSIT_Zusammenhaenge_Cover.jpg"},{"@type":"BreadcrumbList","@id":"https:\/\/thinktank-transit.ch\/fr\/publications\/plus-de-publications\/#breadcrumb","itemListElement":[{"@type":"ListItem","position":1,"name":"Page d\u2019accueil","item":"https:\/\/thinktank-transit.ch\/fr\/"},{"@type":"ListItem","position":2,"name":"Publications","item":"https:\/\/thinktank-transit.ch\/fr\/publications\/"},{"@type":"ListItem","position":3,"name":"Plus de publications"}]},{"@type":"WebSite","@id":"https:\/\/thinktank-transit.ch\/fr\/#website","url":"https:\/\/thinktank-transit.ch\/fr\/","name":"TRANSIT","description":"","publisher":{"@id":"https:\/\/thinktank-transit.ch\/fr\/#organization"},"alternateName":"Thinktank TRANSIT","potentialAction":[{"@type":"SearchAction","target":{"@type":"EntryPoint","urlTemplate":"https:\/\/thinktank-transit.ch\/fr\/?s={search_term_string}"},"query-input":{"@type":"PropertyValueSpecification","valueRequired":true,"valueName":"search_term_string"}}],"inLanguage":"fr-FR"},{"@type":"Organization","@id":"https:\/\/thinktank-transit.ch\/fr\/#organization","name":"Think Tank TRANSIT","alternateName":"TRANSIT","url":"https:\/\/thinktank-transit.ch\/fr\/","logo":{"@type":"ImageObject","inLanguage":"fr-FR","@id":"https:\/\/thinktank-transit.ch\/fr\/#\/schema\/logo\/image\/","url":"https:\/\/thinktank-transit.ch\/app\/uploads\/sites\/3\/2023\/06\/transit.svg","contentUrl":"https:\/\/thinktank-transit.ch\/app\/uploads\/sites\/3\/2023\/06\/transit.svg","width":284,"height":48,"caption":"Think Tank TRANSIT"},"image":{"@id":"https:\/\/thinktank-transit.ch\/fr\/#\/schema\/logo\/image\/"}}]}},"_links":{"self":[{"href":"https:\/\/thinktank-transit.ch\/fr\/wp-json\/wp\/v2\/pages\/1537","targetHints":{"allow":["GET"]}}],"collection":[{"href":"https:\/\/thinktank-transit.ch\/fr\/wp-json\/wp\/v2\/pages"}],"about":[{"href":"https:\/\/thinktank-transit.ch\/fr\/wp-json\/wp\/v2\/types\/page"}],"author":[{"embeddable":true,"href":"https:\/\/thinktank-transit.ch\/fr\/wp-json\/wp\/v2\/users\/1"}],"replies":[{"embeddable":true,"href":"https:\/\/thinktank-transit.ch\/fr\/wp-json\/wp\/v2\/comments?post=1537"}],"version-history":[{"count":14,"href":"https:\/\/thinktank-transit.ch\/fr\/wp-json\/wp\/v2\/pages\/1537\/revisions"}],"predecessor-version":[{"id":4135,"href":"https:\/\/thinktank-transit.ch\/fr\/wp-json\/wp\/v2\/pages\/1537\/revisions\/4135"}],"up":[{"embeddable":true,"href":"https:\/\/thinktank-transit.ch\/fr\/wp-json\/wp\/v2\/pages\/1536"}],"wp:attachment":[{"href":"https:\/\/thinktank-transit.ch\/fr\/wp-json\/wp\/v2\/media?parent=1537"}],"curies":[{"name":"wp","href":"https:\/\/api.w.org\/{rel}","templated":true}]}}