{"id":1552,"date":"2023-06-05T17:09:39","date_gmt":"2023-06-05T15:09:39","guid":{"rendered":"https:\/\/transit.alice.ch\/agenda\/"},"modified":"2024-11-13T15:11:43","modified_gmt":"2024-11-13T14:11:43","slug":"calendrier","status":"publish","type":"page","link":"https:\/\/thinktank-transit.ch\/fr\/evenements\/calendrier\/","title":{"rendered":"Calendrier"},"content":{"rendered":"\n<h1 class=\"wp-block-heading\">Calendrier<\/h1>\n\n\n\n<div class=\"wp-block-group is-style-reduced-width is-layout-constrained wp-block-group-is-layout-constrained\">\n<p class=\"is-style-lead\">Le think tank TRANSIT pr\u00e9voit plusieurs \u00e9v\u00e9nements sur chaque th\u00e8me central, avec au moins un \u00e9v\u00e9nement par an dans chaque r\u00e9gion linguistique. D\u00e8s que les dates des \u00e9v\u00e9nements sont fix\u00e9es, elles sont publi\u00e9es ici. L&rsquo;inscription se fait via le site web du SVEB. <\/p>\n\n\n\n<h2 class=\"wp-block-heading\">\u00c9v\u00e9nements \u00e0 venir<\/h2>\n<\/div>\n\n\n\n<div class=\"wp-block-query is-layout-flow wp-block-query-is-layout-flow\"><ul class=\"wp-block-post-template is-layout-flow wp-block-post-template-is-layout-flow\"><li class=\"wp-block-post post-3711 event type-event status-publish has-post-thumbnail hentry event-tag-aktuell event-status-actual event-status-actualite event-status-agenda event-language-francais\">\n\t<a class=\"event-item\" href=\"https:\/\/thinktank-transit.ch\/fr\/event\/transit-reflechir-ensemble-aux-future-skills\/\" target=\"\">\n\t<div class=\"icon\"><\/div>\n\t<div class=\"date\">19\/11\/2025<\/div>\n\t<div class=\"title\">TRANSIT: r\u00e9fl\u00e9chir ensemble aux Future Skills<\/div>\n\t<div class=\"place\">Lausanne<\/div>\n\t<!-- <div class=\"category\"><\/div> -->\n\t<div class=\"language\">F<\/div>\n\t<\/a>\n\n<\/li><\/ul>\n\n\n\n<\/div>\n\n\n\n<div class=\"wp-block-buttons is-content-justification-center is-layout-flex wp-container-core-buttons-is-layout-a89b3969 wp-block-buttons-is-layout-flex\">\n<div class=\"wp-block-button is-style-outline is-style-outline--1\"><a class=\"wp-block-button__link wp-element-button\" href=\"https:\/\/thinktank-transit.ch\/fr\/events\/past-events\/\">\u00c9v\u00e9nements pass\u00e9s<\/a><\/div>\n\n\n\n<div class=\"wp-block-button is-style-outline is-style-outline--2\"><a class=\"wp-block-button__link wp-element-button\" href=\"https:\/\/thinktank-transit.ch\/fr\/events\/event-reviews\/\">Comptes rendus d&rsquo;\u00e9v\u00e9nements<\/a><\/div>\n<\/div>\n\n\n\n<div class=\"wp-block-group is-style-reduced-width is-layout-constrained wp-block-group-is-layout-constrained\">\n<h2 class=\"wp-block-heading\">Contact<\/h2>\n\n\n\n<div class=\"wp-block-columns is-layout-flex wp-container-core-columns-is-layout-28f84493 wp-block-columns-is-layout-flex\">\n<div class=\"wp-block-column is-layout-flow wp-block-column-is-layout-flow\" style=\"flex-basis:50%\"><div class=\"contact-persons\">\n\n\t\t\t\t\t<div class=\"contact-person\">\n\t\t\t\t\tDr. Helen Buchs<br \/>\t\t\t\t\tDirector TRANSIT<br \/>\t\t\t\t\t<br \/>\n\t\t\t\t\t\t\t\t\t\t\t\t\t\t\t<a href=\"mailto:helen.buchs@thinktank-transit.ch\">helen.buchs@thinktank-transit.ch<\/a><br \/>\t\t\t\t\t<\/div>\n\t\t\t\t\t<\/div>\n<\/div>\n\n\n\n<div class=\"wp-block-column is-layout-flow wp-block-column-is-layout-flow\" style=\"flex-basis:50%\"><\/div>\n<\/div>\n<\/div>\n","protected":false},"excerpt":{"rendered":"<p>Calendrier Le think tank TRANSIT pr\u00e9voit plusieurs \u00e9v\u00e9nements sur chaque th\u00e8me central, avec au moins un \u00e9v\u00e9nement par an dans [&hellip;]<\/p>\n","protected":false},"author":1,"featured_media":0,"parent":1553,"menu_order":41,"comment_status":"closed","ping_status":"closed","template":"","meta":{"_acf_changed":false,"inline_featured_image":false,"footnotes":""},"class_list":["post-1552","page","type-page","status-publish","hentry"],"acf":[],"yoast_head":"<!-- This site is optimized with the Yoast SEO plugin v27.3 - https:\/\/yoast.com\/product\/yoast-seo-wordpress\/ -->\n<title>Calendrier - TRANSIT<\/title>\n<meta name=\"description\" content=\"TRANSIT pr\u00e9voit plusieurs \u00e9v\u00e9nements sur chaque th\u00e8me central, avec au moins un \u00e9v\u00e9nement par an dans chaque r\u00e9gion linguistique.\" \/>\n<meta name=\"robots\" content=\"index, follow, max-snippet:-1, max-image-preview:large, max-video-preview:-1\" \/>\n<link rel=\"canonical\" href=\"https:\/\/thinktank-transit.ch\/fr\/evenements\/calendrier\/\" \/>\n<meta property=\"og:locale\" content=\"fr_FR\" \/>\n<meta property=\"og:type\" content=\"article\" \/>\n<meta property=\"og:title\" content=\"Calendrier - TRANSIT\" \/>\n<meta property=\"og:description\" content=\"TRANSIT pr\u00e9voit plusieurs \u00e9v\u00e9nements sur chaque th\u00e8me central, avec au moins un \u00e9v\u00e9nement par an dans chaque r\u00e9gion linguistique.\" \/>\n<meta property=\"og:url\" content=\"https:\/\/thinktank-transit.ch\/fr\/evenements\/calendrier\/\" \/>\n<meta property=\"og:site_name\" content=\"TRANSIT\" \/>\n<meta property=\"article:modified_time\" content=\"2024-11-13T14:11:43+00:00\" \/>\n<meta name=\"twitter:card\" content=\"summary_large_image\" \/>\n<script type=\"application\/ld+json\" class=\"yoast-schema-graph\">{\"@context\":\"https:\\\/\\\/schema.org\",\"@graph\":[{\"@type\":\"WebPage\",\"@id\":\"https:\\\/\\\/thinktank-transit.ch\\\/fr\\\/evenements\\\/calendrier\\\/\",\"url\":\"https:\\\/\\\/thinktank-transit.ch\\\/fr\\\/evenements\\\/calendrier\\\/\",\"name\":\"Calendrier - TRANSIT\",\"isPartOf\":{\"@id\":\"https:\\\/\\\/thinktank-transit.ch\\\/fr\\\/#website\"},\"datePublished\":\"2023-06-05T15:09:39+00:00\",\"dateModified\":\"2024-11-13T14:11:43+00:00\",\"description\":\"TRANSIT pr\u00e9voit plusieurs \u00e9v\u00e9nements sur chaque th\u00e8me central, avec au moins un \u00e9v\u00e9nement par an dans chaque r\u00e9gion linguistique.\",\"breadcrumb\":{\"@id\":\"https:\\\/\\\/thinktank-transit.ch\\\/fr\\\/evenements\\\/calendrier\\\/#breadcrumb\"},\"inLanguage\":\"fr-FR\",\"potentialAction\":[{\"@type\":\"ReadAction\",\"target\":[\"https:\\\/\\\/thinktank-transit.ch\\\/fr\\\/evenements\\\/calendrier\\\/\"]}]},{\"@type\":\"BreadcrumbList\",\"@id\":\"https:\\\/\\\/thinktank-transit.ch\\\/fr\\\/evenements\\\/calendrier\\\/#breadcrumb\",\"itemListElement\":[{\"@type\":\"ListItem\",\"position\":1,\"name\":\"Page d\u2019accueil\",\"item\":\"https:\\\/\\\/thinktank-transit.ch\\\/fr\\\/\"},{\"@type\":\"ListItem\",\"position\":2,\"name\":\"\u00c9v\u00e9nements\",\"item\":\"https:\\\/\\\/thinktank-transit.ch\\\/fr\\\/evenements\\\/\"},{\"@type\":\"ListItem\",\"position\":3,\"name\":\"Calendrier\"}]},{\"@type\":\"WebSite\",\"@id\":\"https:\\\/\\\/thinktank-transit.ch\\\/fr\\\/#website\",\"url\":\"https:\\\/\\\/thinktank-transit.ch\\\/fr\\\/\",\"name\":\"TRANSIT\",\"description\":\"\",\"publisher\":{\"@id\":\"https:\\\/\\\/thinktank-transit.ch\\\/fr\\\/#organization\"},\"alternateName\":\"Thinktank TRANSIT\",\"potentialAction\":[{\"@type\":\"SearchAction\",\"target\":{\"@type\":\"EntryPoint\",\"urlTemplate\":\"https:\\\/\\\/thinktank-transit.ch\\\/fr\\\/?s={search_term_string}\"},\"query-input\":{\"@type\":\"PropertyValueSpecification\",\"valueRequired\":true,\"valueName\":\"search_term_string\"}}],\"inLanguage\":\"fr-FR\"},{\"@type\":\"Organization\",\"@id\":\"https:\\\/\\\/thinktank-transit.ch\\\/fr\\\/#organization\",\"name\":\"Think Tank TRANSIT\",\"alternateName\":\"TRANSIT\",\"url\":\"https:\\\/\\\/thinktank-transit.ch\\\/fr\\\/\",\"logo\":{\"@type\":\"ImageObject\",\"inLanguage\":\"fr-FR\",\"@id\":\"https:\\\/\\\/thinktank-transit.ch\\\/fr\\\/#\\\/schema\\\/logo\\\/image\\\/\",\"url\":\"https:\\\/\\\/thinktank-transit.ch\\\/app\\\/uploads\\\/sites\\\/3\\\/2023\\\/06\\\/transit.svg\",\"contentUrl\":\"https:\\\/\\\/thinktank-transit.ch\\\/app\\\/uploads\\\/sites\\\/3\\\/2023\\\/06\\\/transit.svg\",\"width\":284,\"height\":48,\"caption\":\"Think Tank TRANSIT\"},\"image\":{\"@id\":\"https:\\\/\\\/thinktank-transit.ch\\\/fr\\\/#\\\/schema\\\/logo\\\/image\\\/\"}}]}<\/script>\n<!-- \/ Yoast SEO plugin. -->","yoast_head_json":{"title":"Calendrier - TRANSIT","description":"TRANSIT pr\u00e9voit plusieurs \u00e9v\u00e9nements sur chaque th\u00e8me central, avec au moins un \u00e9v\u00e9nement par an dans chaque r\u00e9gion linguistique.","robots":{"index":"index","follow":"follow","max-snippet":"max-snippet:-1","max-image-preview":"max-image-preview:large","max-video-preview":"max-video-preview:-1"},"canonical":"https:\/\/thinktank-transit.ch\/fr\/evenements\/calendrier\/","og_locale":"fr_FR","og_type":"article","og_title":"Calendrier - TRANSIT","og_description":"TRANSIT pr\u00e9voit plusieurs \u00e9v\u00e9nements sur chaque th\u00e8me central, avec au moins un \u00e9v\u00e9nement par an dans chaque r\u00e9gion linguistique.","og_url":"https:\/\/thinktank-transit.ch\/fr\/evenements\/calendrier\/","og_site_name":"TRANSIT","article_modified_time":"2024-11-13T14:11:43+00:00","twitter_card":"summary_large_image","schema":{"@context":"https:\/\/schema.org","@graph":[{"@type":"WebPage","@id":"https:\/\/thinktank-transit.ch\/fr\/evenements\/calendrier\/","url":"https:\/\/thinktank-transit.ch\/fr\/evenements\/calendrier\/","name":"Calendrier - TRANSIT","isPartOf":{"@id":"https:\/\/thinktank-transit.ch\/fr\/#website"},"datePublished":"2023-06-05T15:09:39+00:00","dateModified":"2024-11-13T14:11:43+00:00","description":"TRANSIT pr\u00e9voit plusieurs \u00e9v\u00e9nements sur chaque th\u00e8me central, avec au moins un \u00e9v\u00e9nement par an dans chaque r\u00e9gion linguistique.","breadcrumb":{"@id":"https:\/\/thinktank-transit.ch\/fr\/evenements\/calendrier\/#breadcrumb"},"inLanguage":"fr-FR","potentialAction":[{"@type":"ReadAction","target":["https:\/\/thinktank-transit.ch\/fr\/evenements\/calendrier\/"]}]},{"@type":"BreadcrumbList","@id":"https:\/\/thinktank-transit.ch\/fr\/evenements\/calendrier\/#breadcrumb","itemListElement":[{"@type":"ListItem","position":1,"name":"Page d\u2019accueil","item":"https:\/\/thinktank-transit.ch\/fr\/"},{"@type":"ListItem","position":2,"name":"\u00c9v\u00e9nements","item":"https:\/\/thinktank-transit.ch\/fr\/evenements\/"},{"@type":"ListItem","position":3,"name":"Calendrier"}]},{"@type":"WebSite","@id":"https:\/\/thinktank-transit.ch\/fr\/#website","url":"https:\/\/thinktank-transit.ch\/fr\/","name":"TRANSIT","description":"","publisher":{"@id":"https:\/\/thinktank-transit.ch\/fr\/#organization"},"alternateName":"Thinktank TRANSIT","potentialAction":[{"@type":"SearchAction","target":{"@type":"EntryPoint","urlTemplate":"https:\/\/thinktank-transit.ch\/fr\/?s={search_term_string}"},"query-input":{"@type":"PropertyValueSpecification","valueRequired":true,"valueName":"search_term_string"}}],"inLanguage":"fr-FR"},{"@type":"Organization","@id":"https:\/\/thinktank-transit.ch\/fr\/#organization","name":"Think Tank TRANSIT","alternateName":"TRANSIT","url":"https:\/\/thinktank-transit.ch\/fr\/","logo":{"@type":"ImageObject","inLanguage":"fr-FR","@id":"https:\/\/thinktank-transit.ch\/fr\/#\/schema\/logo\/image\/","url":"https:\/\/thinktank-transit.ch\/app\/uploads\/sites\/3\/2023\/06\/transit.svg","contentUrl":"https:\/\/thinktank-transit.ch\/app\/uploads\/sites\/3\/2023\/06\/transit.svg","width":284,"height":48,"caption":"Think Tank TRANSIT"},"image":{"@id":"https:\/\/thinktank-transit.ch\/fr\/#\/schema\/logo\/image\/"}}]}},"_links":{"self":[{"href":"https:\/\/thinktank-transit.ch\/fr\/wp-json\/wp\/v2\/pages\/1552","targetHints":{"allow":["GET"]}}],"collection":[{"href":"https:\/\/thinktank-transit.ch\/fr\/wp-json\/wp\/v2\/pages"}],"about":[{"href":"https:\/\/thinktank-transit.ch\/fr\/wp-json\/wp\/v2\/types\/page"}],"author":[{"embeddable":true,"href":"https:\/\/thinktank-transit.ch\/fr\/wp-json\/wp\/v2\/users\/1"}],"replies":[{"embeddable":true,"href":"https:\/\/thinktank-transit.ch\/fr\/wp-json\/wp\/v2\/comments?post=1552"}],"version-history":[{"count":7,"href":"https:\/\/thinktank-transit.ch\/fr\/wp-json\/wp\/v2\/pages\/1552\/revisions"}],"predecessor-version":[{"id":3263,"href":"https:\/\/thinktank-transit.ch\/fr\/wp-json\/wp\/v2\/pages\/1552\/revisions\/3263"}],"up":[{"embeddable":true,"href":"https:\/\/thinktank-transit.ch\/fr\/wp-json\/wp\/v2\/pages\/1553"}],"wp:attachment":[{"href":"https:\/\/thinktank-transit.ch\/fr\/wp-json\/wp\/v2\/media?parent=1552"}],"curies":[{"name":"wp","href":"https:\/\/api.w.org\/{rel}","templated":true}]}}