{"id":1564,"date":"2023-06-05T17:08:56","date_gmt":"2023-06-05T15:08:56","guid":{"rendered":"https:\/\/transit.alice.ch\/about-transit\/"},"modified":"2025-09-22T11:27:11","modified_gmt":"2025-09-22T09:27:11","slug":"a-propos-du-transit","status":"publish","type":"page","link":"https:\/\/thinktank-transit.ch\/fr\/a-propos-du-transit\/","title":{"rendered":"Think Tank TRANSIT"},"content":{"rendered":"\n<h1 class=\"wp-block-heading\">A propos du think tank TRANSIT<\/h1>\n\n\n\n<div class=\"wp-block-group is-style-reduced-width is-layout-constrained wp-block-group-is-layout-constrained\">\n<p class=\"is-style-lead\">Le think tank TRANSIT est une plateforme interdisciplinaire. Il \u00e9labore des analyses, des th\u00e9ories et des sc\u00e9narios sur le r\u00f4le de la formation continue dans la soci\u00e9t\u00e9.<\/p>\n\n\n\n<h2 class=\"wp-block-heading\">Th\u00e9matiques, objectifs et approches du think tank<\/h2>\n\n\n\n<p>D\u2019un point de vue th\u00e9matique, l\u2019accent est mis sur les \u00e9volutions \u00e0 long terme de la soci\u00e9t\u00e9 qui ont (ou pourraient avoir \u00e0 l\u2019avenir) une influence sur l\u2019apprentissage tout au long de la vie. Les r\u00e9sultats du think tank visent \u00e0 fournir des id\u00e9es et suggestions aux organisations et aux expert\u00b7e\u00b7s dans le domaine de la formation continue, en vue de leur propre d\u00e9veloppement futur.<\/p>\n\n\n\n<p>Ce qui distingue TRANSIT d&rsquo;autres think tanks, c\u2019est son approche collaborative. Tout comme les autres think tanks, TRANSIT s\u2019appuie aussi sur des connaissances sp\u00e9cialis\u00e9es et sur des analyses scientifiques. Mais les th\u00e9matiques, sc\u00e9narios et perspectives trait\u00e9s ne sont pas \u00e9labor\u00e9s par un cercle ferm\u00e9 d\u2019expert\u00b7e\u00b7s: ils sont mis au point dans le cadre de forums participatifs ouverts \u00e0 toute personne int\u00e9ress\u00e9e. Gr\u00e2ce \u00e0 cette m\u00e9thode, les analyses de tendances sont aliment\u00e9es par une multitude de perspectives et par des exp\u00e9riences pratiques aux aspects multiples.<\/p>\n\n\n\n<p>Ce processus demande beaucoup de temps ainsi qu\u2019une propension \u00e0 remettre sans cesse en question les processus et contenus, et \u00e0 les adapter si besoin. Pour cela, des plateformes ouvertes sont n\u00e9cessaires sur lesquelles les th\u00e9matiques et exp\u00e9riences peuvent \u00eatre discut\u00e9es, et o\u00f9 de nouveaux concepts pour l\u2019avenir de la formation peuvent \u00eatre mis \u00e0 l\u2019essai.<\/p>\n\n\n\n<p>Le think tank a \u00e9t\u00e9 cr\u00e9\u00e9 en&nbsp;2017 sur une initiative de la F\u00e9d\u00e9ration suisse pour la formation continue. Ses d\u00e9buts ont eu lieu en&nbsp;2018. Il b\u00e9n\u00e9ficie d\u2019un soutien financier du Secr\u00e9tariat d\u2019\u00c9tat \u00e0 la formation, \u00e0 la recherche et \u00e0 l\u2019innovation (SEFRI).<\/p>\n\n\n\n<p>Le nom de \u00abTRANSIT\u00bb symbolise l\u2019id\u00e9e qui se tient derri\u00e8re le think tank: d\u2019une part, le secteur de la formation continue se trouve en plein bouleversement; d\u2019autre part et de mani\u00e8re g\u00e9n\u00e9rale, nous vivons une \u00e9poque o\u00f9 les fronti\u00e8res se d\u00e9calent: que ce soient les fronti\u00e8res entre la vie priv\u00e9e et professionnelle ou celles entre le travail, l\u2019apprentissage et les loisirs, pour n\u2019en citer que deux exemples.<\/p>\n<\/div>\n\n\n\n<h2 class=\"wp-block-heading\">Notre Team<\/h2>\n\n\n\n<div class=\"wp-block-columns alignwide is-layout-flex wp-container-core-columns-is-layout-28f84493 wp-block-columns-is-layout-flex\">\n<div class=\"wp-block-column is-layout-flow wp-block-column-is-layout-flow\" style=\"flex-basis:200px\">\n<figure class=\"wp-block-image size-full is-resized is-style-no-border\"><img decoding=\"async\" width=\"180\" height=\"184\" src=\"https:\/\/thinktank-transit.ch\/app\/uploads\/sites\/3\/2023\/09\/Helen_Buchs_web-3.jpg\" alt=\"\" class=\"wp-image-2437\" style=\"width:180px;height:184px\" \/><\/figure>\n<\/div>\n\n\n\n<div class=\"wp-block-column is-layout-flow wp-block-column-is-layout-flow\">\n<p><strong>Helen Buchs<\/strong><br>Responsable TRANSIT<\/p>\n\n\n\n<p><a href=\"mailto:helen.buchs@thinktank-transit.ch\">helen.buchs@thinktank-transit.ch<\/a><br><a href=\"https:\/\/ch.linkedin.com\/in\/helen-buchs-25349668\" target=\"_blank\" rel=\"noreferrer noopener\">Se connecter sur LinkedIn<\/a><br><a href=\"https:\/\/thinktank-transit.ch\/en\/author\/helenbuchs\/\">Posts sur le site TRANSIT par Helen Buchs<\/a><\/p>\n\n\n\n<p>Helen Buchs est responsable du think tank TRANSIT depuis janvier\u00a02023. Elle est active depuis de nombreuses ann\u00e9es dans les secteurs des comp\u00e9tences, du march\u00e9 du travail et de la formation. Au sein de la FSEA, elle est aussi responsable des projets dans l\u2019\u00e9quipe de Recherche, d\u00e9veloppement et innovation.<\/p>\n<\/div>\n<\/div>\n\n\n\n<div class=\"wp-block-columns is-layout-flex wp-container-core-columns-is-layout-28f84493 wp-block-columns-is-layout-flex\">\n<div class=\"wp-block-column is-layout-flow wp-block-column-is-layout-flow\" style=\"flex-basis:200px\">\n<figure class=\"wp-block-image size-full is-resized is-style-no-border\"><img decoding=\"async\" width=\"824\" height=\"824\" src=\"https:\/\/thinktank-transit.ch\/app\/uploads\/sites\/3\/2023\/06\/Irena_Sgier_Quadrat.png\" alt=\"\" class=\"wp-image-1002\" style=\"width:180px;height:184px\" srcset=\"https:\/\/thinktank-transit.ch\/app\/uploads\/sites\/3\/2023\/06\/Irena_Sgier_Quadrat.png 824w, https:\/\/thinktank-transit.ch\/app\/uploads\/sites\/3\/2023\/06\/Irena_Sgier_Quadrat-300x300.png 300w, https:\/\/thinktank-transit.ch\/app\/uploads\/sites\/3\/2023\/06\/Irena_Sgier_Quadrat-150x150.png 150w, https:\/\/thinktank-transit.ch\/app\/uploads\/sites\/3\/2023\/06\/Irena_Sgier_Quadrat-768x768.png 768w\" sizes=\"(max-width: 824px) 100vw, 824px\" \/><\/figure>\n<\/div>\n\n\n\n<div class=\"wp-block-column is-layout-flow wp-block-column-is-layout-flow\">\n<p><strong>Irena Sgier<\/strong><br>Conseill\u00e8re et ancienne responsable TRANSIT<\/p>\n\n\n\n<p><a href=\"mailto:irena.sgier@thinktank-transit.ch\">irena.sgier@thinktank-transit.ch<\/a><br><a href=\"https:\/\/ch.linkedin.com\/in\/irena-sgier-a09942130\" target=\"_blank\" rel=\"noreferrer noopener\">Se connecter sur LinkedIn<\/a><br><a href=\"https:\/\/thinktank-transit.ch\/en\/author\/irena.sgier\/\">Posts sur le site TRANSIT par Irena Sgier<\/a><\/p>\n\n\n\n<p>Irena Sgier est l\u2019une des fondatrices du think tank TRANSIT et a particip\u00e9 \u00e0 sa cr\u00e9ation en&nbsp;2017. Depuis, elle travaille avec passion \u00e0 la construction d\u2019un r\u00e9seau TRANSIT le plus vaste possible et elle guide le d\u00e9veloppement du think tank. Irena Sgier est aussi directrice du service de Recherche, d\u00e9veloppement et innovation et directrice adjointe de la FSEA.<\/p>\n<\/div>\n<\/div>\n\n\n\n<div class=\"wp-block-columns alignwide is-layout-flex wp-container-core-columns-is-layout-28f84493 wp-block-columns-is-layout-flex\">\n<div class=\"wp-block-column is-layout-flow wp-block-column-is-layout-flow\" style=\"flex-basis:200px\">\n<figure class=\"wp-block-image size-full is-style-no-border\"><img decoding=\"async\" width=\"180\" height=\"184\" src=\"https:\/\/thinktank-transit.ch\/app\/uploads\/sites\/3\/2023\/06\/alexandre-lecoultre.webp\" alt=\"\" class=\"wp-image-437\" \/><\/figure>\n<\/div>\n\n\n\n<div class=\"wp-block-column is-layout-flow wp-block-column-is-layout-flow\">\n<p><strong>Alexandre Lecoultre<\/strong><br>Responsable de projet Romandie<\/p>\n\n\n\n<p><a href=\"mailto:alexandre.lecoultre@alice.ch\">alexandre.lecoultre@alice.ch<\/a><br><a href=\"https:\/\/thinktank-transit.ch\/en\/author\/alexandrelecoultre\/\">Posts sur le site TRANSIT par Alexandre Lecoultre<\/a><\/p>\n<\/div>\n<\/div>\n\n\n\n<div class=\"wp-block-columns alignwide is-layout-flex wp-container-core-columns-is-layout-28f84493 wp-block-columns-is-layout-flex\">\n<div class=\"wp-block-column is-layout-flow wp-block-column-is-layout-flow\" style=\"flex-basis:200px\">\n<figure class=\"wp-block-image size-large is-resized is-style-no-border\"><img decoding=\"async\" width=\"1024\" height=\"1024\" src=\"https:\/\/thinktank-transit.ch\/app\/uploads\/sites\/3\/2023\/11\/Rony_Schenkel_3-edited-1-1024x1024.jpg\" alt=\"\" class=\"wp-image-2534\" style=\"width:182px;height:auto\" srcset=\"https:\/\/thinktank-transit.ch\/app\/uploads\/sites\/3\/2023\/11\/Rony_Schenkel_3-edited-1-1024x1024.jpg 1024w, https:\/\/thinktank-transit.ch\/app\/uploads\/sites\/3\/2023\/11\/Rony_Schenkel_3-edited-1-300x300.jpg 300w, https:\/\/thinktank-transit.ch\/app\/uploads\/sites\/3\/2023\/11\/Rony_Schenkel_3-edited-1-150x150.jpg 150w, https:\/\/thinktank-transit.ch\/app\/uploads\/sites\/3\/2023\/11\/Rony_Schenkel_3-edited-1-768x769.jpg 768w, https:\/\/thinktank-transit.ch\/app\/uploads\/sites\/3\/2023\/11\/Rony_Schenkel_3-edited-1-1536x1536.jpg 1536w, https:\/\/thinktank-transit.ch\/app\/uploads\/sites\/3\/2023\/11\/Rony_Schenkel_3-edited-1-2048x2048.jpg 2048w\" sizes=\"(max-width: 1024px) 100vw, 1024px\" \/><\/figure>\n<\/div>\n\n\n\n<div class=\"wp-block-column is-layout-flow wp-block-column-is-layout-flow\">\n<p><strong>Ronald Schenkel<\/strong><br>Journaliste freelance<\/p>\n\n\n\n<p>ronald.schenkel@thinktank-transit.ch<br><a href=\"http:\/\/thinktank-transit.ch\/en\/author\/ronald.schenkel\/\">Posts sur le site TRANSIT par Ronald Schenkel<\/a><\/p>\n<\/div>\n<\/div>\n\n\n\n<div class=\"wp-block-columns alignwide is-layout-flex wp-container-core-columns-is-layout-28f84493 wp-block-columns-is-layout-flex\">\n<div class=\"wp-block-column is-layout-flow wp-block-column-is-layout-flow\" style=\"flex-basis:200px\"><\/div>\n<\/div>\n\n\n\n<div style=\"height:40px\" aria-hidden=\"true\" class=\"wp-block-spacer\"><\/div>\n\n\n\n<div class=\"wp-block-group is-style-reduced-width is-layout-constrained wp-block-group-is-layout-constrained\">\n<h2 class=\"wp-block-heading\">A propos de la <a href=\"https:\/\/alice.ch\/en\/\">FSEA F\u00e9d\u00e9ration suisse pour la formation continue<\/a><\/h2>\n\n\n\n<figure class=\"wp-block-image size-full is-style-no-border\"><img decoding=\"async\" width=\"188\" height=\"81\" src=\"https:\/\/thinktank-transit.ch\/app\/uploads\/sites\/3\/2023\/06\/sveb-small.png\" alt=\"\" class=\"wp-image-591\" \/><\/figure>\n\n\n\n<p><\/p>\n\n\n\n<p>En temps qu\u2019association nationale, la FSEA \u0153uvre depuis&nbsp;1951 pour les int\u00e9r\u00eats de la formation continue en Suisse. Elle repr\u00e9sente ses membres sur le plan politique, social et professionnel, dans les trois r\u00e9gions linguistiques de Suisse. Elle apporte un soutient au secteur de la formation continue dans le contexte de bouleversement actuel, et contribue par ses projets innovants \u00e0 l\u2019\u00e9volution du syst\u00e8me de formation continue.<\/p>\n\n\n\n<p><strong>Editorial office<\/strong><br>Think Tank TRANSIT<br>c\/o SVEB<br>Swiss Federation of Adult Learning<br>Hardstrasse 235<br>8005 Zurich<br>T: <a href=\"tel:+41443197159\">+41 (0)44 319 71 59<\/a><br>M: <a href=\"mailto:info@thinktank-transit.ch\" target=\"_blank\" rel=\"noreferrer noopener\">info@thinktank-transit.ch<\/a><\/p>\n<\/div>\n","protected":false},"excerpt":{"rendered":"<p>A propos du think tank TRANSIT Le think tank TRANSIT est une plateforme interdisciplinaire. Il \u00e9labore des analyses, des th\u00e9ories [&hellip;]<\/p>\n","protected":false},"author":1,"featured_media":0,"parent":0,"menu_order":49,"comment_status":"closed","ping_status":"closed","template":"","meta":{"_acf_changed":false,"inline_featured_image":false,"footnotes":""},"class_list":["post-1564","page","type-page","status-publish","hentry"],"acf":[],"yoast_head":"<!-- This site is optimized with the Yoast SEO plugin v27.3 - https:\/\/yoast.com\/product\/yoast-seo-wordpress\/ -->\n<title>Think Tank TRANSIT - TRANSIT<\/title>\n<meta name=\"description\" content=\"TRANSIT est une plateforme interdisciplinaire. Il d\u00e9veloppe des analyses li\u00e9s au r\u00f4le de la formation des adultes dans la soci\u00e9t\u00e9.\" \/>\n<meta name=\"robots\" content=\"index, follow, max-snippet:-1, max-image-preview:large, max-video-preview:-1\" \/>\n<link rel=\"canonical\" href=\"https:\/\/thinktank-transit.ch\/fr\/a-propos-du-transit\/\" \/>\n<meta property=\"og:locale\" content=\"fr_FR\" \/>\n<meta property=\"og:type\" content=\"article\" \/>\n<meta property=\"og:title\" content=\"Think Tank TRANSIT - TRANSIT\" \/>\n<meta property=\"og:description\" content=\"TRANSIT est une plateforme interdisciplinaire. Il d\u00e9veloppe des analyses li\u00e9s au r\u00f4le de la formation des adultes dans la soci\u00e9t\u00e9.\" \/>\n<meta property=\"og:url\" content=\"https:\/\/thinktank-transit.ch\/fr\/a-propos-du-transit\/\" \/>\n<meta property=\"og:site_name\" content=\"TRANSIT\" \/>\n<meta property=\"article:modified_time\" content=\"2025-09-22T09:27:11+00:00\" \/>\n<meta property=\"og:image\" content=\"https:\/\/thinktank-transit.ch\/app\/uploads\/sites\/3\/2023\/09\/Helen_Buchs_web-3.jpg\" \/>\n\t<meta property=\"og:image:width\" content=\"180\" \/>\n\t<meta property=\"og:image:height\" content=\"184\" \/>\n\t<meta property=\"og:image:type\" content=\"image\/jpeg\" \/>\n<meta name=\"twitter:card\" content=\"summary_large_image\" \/>\n<meta name=\"twitter:label1\" content=\"Dur\u00e9e de lecture estim\u00e9e\" \/>\n\t<meta name=\"twitter:data1\" content=\"3 minutes\" \/>\n<script type=\"application\/ld+json\" class=\"yoast-schema-graph\">{\"@context\":\"https:\\\/\\\/schema.org\",\"@graph\":[{\"@type\":\"WebPage\",\"@id\":\"https:\\\/\\\/thinktank-transit.ch\\\/fr\\\/a-propos-du-transit\\\/\",\"url\":\"https:\\\/\\\/thinktank-transit.ch\\\/fr\\\/a-propos-du-transit\\\/\",\"name\":\"Think Tank TRANSIT - TRANSIT\",\"isPartOf\":{\"@id\":\"https:\\\/\\\/thinktank-transit.ch\\\/fr\\\/#website\"},\"primaryImageOfPage\":{\"@id\":\"https:\\\/\\\/thinktank-transit.ch\\\/fr\\\/a-propos-du-transit\\\/#primaryimage\"},\"image\":{\"@id\":\"https:\\\/\\\/thinktank-transit.ch\\\/fr\\\/a-propos-du-transit\\\/#primaryimage\"},\"thumbnailUrl\":\"https:\\\/\\\/thinktank-transit.ch\\\/app\\\/uploads\\\/sites\\\/3\\\/2023\\\/09\\\/Helen_Buchs_web-3.jpg\",\"datePublished\":\"2023-06-05T15:08:56+00:00\",\"dateModified\":\"2025-09-22T09:27:11+00:00\",\"description\":\"TRANSIT est une plateforme interdisciplinaire. Il d\u00e9veloppe des analyses li\u00e9s au r\u00f4le de la formation des adultes dans la soci\u00e9t\u00e9.\",\"breadcrumb\":{\"@id\":\"https:\\\/\\\/thinktank-transit.ch\\\/fr\\\/a-propos-du-transit\\\/#breadcrumb\"},\"inLanguage\":\"fr-FR\",\"potentialAction\":[{\"@type\":\"ReadAction\",\"target\":[\"https:\\\/\\\/thinktank-transit.ch\\\/fr\\\/a-propos-du-transit\\\/\"]}]},{\"@type\":\"ImageObject\",\"inLanguage\":\"fr-FR\",\"@id\":\"https:\\\/\\\/thinktank-transit.ch\\\/fr\\\/a-propos-du-transit\\\/#primaryimage\",\"url\":\"https:\\\/\\\/thinktank-transit.ch\\\/app\\\/uploads\\\/sites\\\/3\\\/2023\\\/09\\\/Helen_Buchs_web-3.jpg\",\"contentUrl\":\"https:\\\/\\\/thinktank-transit.ch\\\/app\\\/uploads\\\/sites\\\/3\\\/2023\\\/09\\\/Helen_Buchs_web-3.jpg\"},{\"@type\":\"BreadcrumbList\",\"@id\":\"https:\\\/\\\/thinktank-transit.ch\\\/fr\\\/a-propos-du-transit\\\/#breadcrumb\",\"itemListElement\":[{\"@type\":\"ListItem\",\"position\":1,\"name\":\"Page d\u2019accueil\",\"item\":\"https:\\\/\\\/thinktank-transit.ch\\\/fr\\\/\"},{\"@type\":\"ListItem\",\"position\":2,\"name\":\"Think Tank TRANSIT\"}]},{\"@type\":\"WebSite\",\"@id\":\"https:\\\/\\\/thinktank-transit.ch\\\/fr\\\/#website\",\"url\":\"https:\\\/\\\/thinktank-transit.ch\\\/fr\\\/\",\"name\":\"TRANSIT\",\"description\":\"\",\"publisher\":{\"@id\":\"https:\\\/\\\/thinktank-transit.ch\\\/fr\\\/#organization\"},\"alternateName\":\"Thinktank TRANSIT\",\"potentialAction\":[{\"@type\":\"SearchAction\",\"target\":{\"@type\":\"EntryPoint\",\"urlTemplate\":\"https:\\\/\\\/thinktank-transit.ch\\\/fr\\\/?s={search_term_string}\"},\"query-input\":{\"@type\":\"PropertyValueSpecification\",\"valueRequired\":true,\"valueName\":\"search_term_string\"}}],\"inLanguage\":\"fr-FR\"},{\"@type\":\"Organization\",\"@id\":\"https:\\\/\\\/thinktank-transit.ch\\\/fr\\\/#organization\",\"name\":\"Think Tank TRANSIT\",\"alternateName\":\"TRANSIT\",\"url\":\"https:\\\/\\\/thinktank-transit.ch\\\/fr\\\/\",\"logo\":{\"@type\":\"ImageObject\",\"inLanguage\":\"fr-FR\",\"@id\":\"https:\\\/\\\/thinktank-transit.ch\\\/fr\\\/#\\\/schema\\\/logo\\\/image\\\/\",\"url\":\"https:\\\/\\\/thinktank-transit.ch\\\/app\\\/uploads\\\/sites\\\/3\\\/2023\\\/06\\\/transit.svg\",\"contentUrl\":\"https:\\\/\\\/thinktank-transit.ch\\\/app\\\/uploads\\\/sites\\\/3\\\/2023\\\/06\\\/transit.svg\",\"width\":284,\"height\":48,\"caption\":\"Think Tank TRANSIT\"},\"image\":{\"@id\":\"https:\\\/\\\/thinktank-transit.ch\\\/fr\\\/#\\\/schema\\\/logo\\\/image\\\/\"}}]}<\/script>\n<!-- \/ Yoast SEO plugin. -->","yoast_head_json":{"title":"Think Tank TRANSIT - TRANSIT","description":"TRANSIT est une plateforme interdisciplinaire. Il d\u00e9veloppe des analyses li\u00e9s au r\u00f4le de la formation des adultes dans la soci\u00e9t\u00e9.","robots":{"index":"index","follow":"follow","max-snippet":"max-snippet:-1","max-image-preview":"max-image-preview:large","max-video-preview":"max-video-preview:-1"},"canonical":"https:\/\/thinktank-transit.ch\/fr\/a-propos-du-transit\/","og_locale":"fr_FR","og_type":"article","og_title":"Think Tank TRANSIT - TRANSIT","og_description":"TRANSIT est une plateforme interdisciplinaire. Il d\u00e9veloppe des analyses li\u00e9s au r\u00f4le de la formation des adultes dans la soci\u00e9t\u00e9.","og_url":"https:\/\/thinktank-transit.ch\/fr\/a-propos-du-transit\/","og_site_name":"TRANSIT","article_modified_time":"2025-09-22T09:27:11+00:00","og_image":[{"width":180,"height":184,"url":"https:\/\/thinktank-transit.ch\/app\/uploads\/sites\/3\/2023\/09\/Helen_Buchs_web-3.jpg","type":"image\/jpeg"}],"twitter_card":"summary_large_image","twitter_misc":{"Dur\u00e9e de lecture estim\u00e9e":"3 minutes"},"schema":{"@context":"https:\/\/schema.org","@graph":[{"@type":"WebPage","@id":"https:\/\/thinktank-transit.ch\/fr\/a-propos-du-transit\/","url":"https:\/\/thinktank-transit.ch\/fr\/a-propos-du-transit\/","name":"Think Tank TRANSIT - TRANSIT","isPartOf":{"@id":"https:\/\/thinktank-transit.ch\/fr\/#website"},"primaryImageOfPage":{"@id":"https:\/\/thinktank-transit.ch\/fr\/a-propos-du-transit\/#primaryimage"},"image":{"@id":"https:\/\/thinktank-transit.ch\/fr\/a-propos-du-transit\/#primaryimage"},"thumbnailUrl":"https:\/\/thinktank-transit.ch\/app\/uploads\/sites\/3\/2023\/09\/Helen_Buchs_web-3.jpg","datePublished":"2023-06-05T15:08:56+00:00","dateModified":"2025-09-22T09:27:11+00:00","description":"TRANSIT est une plateforme interdisciplinaire. Il d\u00e9veloppe des analyses li\u00e9s au r\u00f4le de la formation des adultes dans la soci\u00e9t\u00e9.","breadcrumb":{"@id":"https:\/\/thinktank-transit.ch\/fr\/a-propos-du-transit\/#breadcrumb"},"inLanguage":"fr-FR","potentialAction":[{"@type":"ReadAction","target":["https:\/\/thinktank-transit.ch\/fr\/a-propos-du-transit\/"]}]},{"@type":"ImageObject","inLanguage":"fr-FR","@id":"https:\/\/thinktank-transit.ch\/fr\/a-propos-du-transit\/#primaryimage","url":"https:\/\/thinktank-transit.ch\/app\/uploads\/sites\/3\/2023\/09\/Helen_Buchs_web-3.jpg","contentUrl":"https:\/\/thinktank-transit.ch\/app\/uploads\/sites\/3\/2023\/09\/Helen_Buchs_web-3.jpg"},{"@type":"BreadcrumbList","@id":"https:\/\/thinktank-transit.ch\/fr\/a-propos-du-transit\/#breadcrumb","itemListElement":[{"@type":"ListItem","position":1,"name":"Page d\u2019accueil","item":"https:\/\/thinktank-transit.ch\/fr\/"},{"@type":"ListItem","position":2,"name":"Think Tank TRANSIT"}]},{"@type":"WebSite","@id":"https:\/\/thinktank-transit.ch\/fr\/#website","url":"https:\/\/thinktank-transit.ch\/fr\/","name":"TRANSIT","description":"","publisher":{"@id":"https:\/\/thinktank-transit.ch\/fr\/#organization"},"alternateName":"Thinktank TRANSIT","potentialAction":[{"@type":"SearchAction","target":{"@type":"EntryPoint","urlTemplate":"https:\/\/thinktank-transit.ch\/fr\/?s={search_term_string}"},"query-input":{"@type":"PropertyValueSpecification","valueRequired":true,"valueName":"search_term_string"}}],"inLanguage":"fr-FR"},{"@type":"Organization","@id":"https:\/\/thinktank-transit.ch\/fr\/#organization","name":"Think Tank TRANSIT","alternateName":"TRANSIT","url":"https:\/\/thinktank-transit.ch\/fr\/","logo":{"@type":"ImageObject","inLanguage":"fr-FR","@id":"https:\/\/thinktank-transit.ch\/fr\/#\/schema\/logo\/image\/","url":"https:\/\/thinktank-transit.ch\/app\/uploads\/sites\/3\/2023\/06\/transit.svg","contentUrl":"https:\/\/thinktank-transit.ch\/app\/uploads\/sites\/3\/2023\/06\/transit.svg","width":284,"height":48,"caption":"Think Tank TRANSIT"},"image":{"@id":"https:\/\/thinktank-transit.ch\/fr\/#\/schema\/logo\/image\/"}}]}},"_links":{"self":[{"href":"https:\/\/thinktank-transit.ch\/fr\/wp-json\/wp\/v2\/pages\/1564","targetHints":{"allow":["GET"]}}],"collection":[{"href":"https:\/\/thinktank-transit.ch\/fr\/wp-json\/wp\/v2\/pages"}],"about":[{"href":"https:\/\/thinktank-transit.ch\/fr\/wp-json\/wp\/v2\/types\/page"}],"author":[{"embeddable":true,"href":"https:\/\/thinktank-transit.ch\/fr\/wp-json\/wp\/v2\/users\/1"}],"replies":[{"embeddable":true,"href":"https:\/\/thinktank-transit.ch\/fr\/wp-json\/wp\/v2\/comments?post=1564"}],"version-history":[{"count":8,"href":"https:\/\/thinktank-transit.ch\/fr\/wp-json\/wp\/v2\/pages\/1564\/revisions"}],"predecessor-version":[{"id":3968,"href":"https:\/\/thinktank-transit.ch\/fr\/wp-json\/wp\/v2\/pages\/1564\/revisions\/3968"}],"wp:attachment":[{"href":"https:\/\/thinktank-transit.ch\/fr\/wp-json\/wp\/v2\/media?parent=1564"}],"curies":[{"name":"wp","href":"https:\/\/api.w.org\/{rel}","templated":true}]}}