{"id":1565,"date":"2023-06-05T17:17:35","date_gmt":"2023-06-05T15:17:35","guid":{"rendered":"https:\/\/transit.alice.ch\/contact-transit\/"},"modified":"2025-04-11T10:03:22","modified_gmt":"2025-04-11T08:03:22","slug":"contact-transit","status":"publish","type":"page","link":"https:\/\/thinktank-transit.ch\/fr\/contact-transit\/","title":{"rendered":"Contact"},"content":{"rendered":"\n<h1 class=\"wp-block-heading\">Contact<\/h1>\n\n\n\n<h2 class=\"wp-block-heading\">Informations sur le contact<\/h2>\n\n\n\n<h3 class=\"wp-block-heading\">Nationale Gesch\u00e4ftsstelle Z\u00fcrich<\/h3>\n\n\n\n<p>Think Tank TRANSIT<br>c\/o SVEB<br>Swiss Federation of Adult Learning<br>Hardstrasse 235<br>8005 Zurich<br>T: <a href=\"tel:+41443197159\">+41 (0)44 319 71 59<\/a><br>M: <a href=\"mailto:info@thinktank-transit.ch\" target=\"_blank\" rel=\"noreferrer noopener\">info@thinktank-transit.ch<\/a><\/p>\n\n\n\n<h3 class=\"wp-block-heading\">Secr\u00e9tariat romand<\/h3>\n\n\n\n<p>FSEA<br>F\u00e9d\u00e9ration suisse pour la formation continue<br>Rue de Gen\u00e8ve 88<br>1004 Lausanne<\/p>\n\n\n\n<p>+41 (0)22 994 20 10<br><a href=\"mailto:fsea@alice.ch\">fsea@alice.ch<\/a><\/p>\n\n\n\n<h2 class=\"wp-block-heading\">Personnes de contact<\/h2>\n\n\n\n<div class=\"wp-block-columns alignwide is-layout-flex wp-container-core-columns-is-layout-28f84493 wp-block-columns-is-layout-flex\">\n<div class=\"wp-block-column is-layout-flow wp-block-column-is-layout-flow\" style=\"flex-basis:200px\">\n<figure class=\"wp-block-image size-full is-resized is-style-no-border\"><img decoding=\"async\" width=\"180\" height=\"184\" src=\"https:\/\/thinktank-transit.ch\/app\/uploads\/sites\/3\/2023\/09\/Helen_Buchs_web-4.jpg\" alt=\"\" class=\"wp-image-2447\" style=\"width:180px\"\/><\/figure>\n<\/div>\n\n\n\n<div class=\"wp-block-column is-layout-flow wp-block-column-is-layout-flow\">\n<p><strong>Helen Buchs<\/strong><br>Directrice TRANSIT<\/p>\n\n\n\n<p><a href=\"mailto:helen.buchs@thinktank-transit.ch\" target=\"_blank\" rel=\"noreferrer noopener\">helen.buchs@thinktank-transit.ch<\/a><br><a href=\"https:\/\/ch.linkedin.com\/in\/helen-buchs-25349668\" target=\"_blank\" rel=\"noreferrer noopener\">Se connecter sur LinkedIn<\/a><\/p>\n<\/div>\n<\/div>\n\n\n\n<div class=\"wp-block-columns is-layout-flex wp-container-core-columns-is-layout-28f84493 wp-block-columns-is-layout-flex\">\n<div class=\"wp-block-column is-layout-flow wp-block-column-is-layout-flow\" style=\"flex-basis:200px\">\n<figure class=\"wp-block-image size-full is-resized is-style-no-border\"><img decoding=\"async\" width=\"824\" height=\"824\" src=\"https:\/\/thinktank-transit.ch\/app\/uploads\/sites\/3\/2023\/06\/Irena_Sgier_Quadrat.png\" alt=\"\" class=\"wp-image-1002\" style=\"width:180px;height:184px\" srcset=\"https:\/\/thinktank-transit.ch\/app\/uploads\/sites\/3\/2023\/06\/Irena_Sgier_Quadrat.png 824w, https:\/\/thinktank-transit.ch\/app\/uploads\/sites\/3\/2023\/06\/Irena_Sgier_Quadrat-300x300.png 300w, https:\/\/thinktank-transit.ch\/app\/uploads\/sites\/3\/2023\/06\/Irena_Sgier_Quadrat-150x150.png 150w, https:\/\/thinktank-transit.ch\/app\/uploads\/sites\/3\/2023\/06\/Irena_Sgier_Quadrat-768x768.png 768w\" sizes=\"(max-width: 824px) 100vw, 824px\" \/><\/figure>\n<\/div>\n\n\n\n<div class=\"wp-block-column is-layout-flow wp-block-column-is-layout-flow\">\n<p><strong>Irena Sgier<\/strong><br>Conseill\u00e8re et ancienne directrice TRANSIT<\/p>\n\n\n\n<p><a href=\"mailto:irena.sgier@thinktank-transit.ch\" target=\"_blank\" rel=\"noreferrer noopener\">irena.sgier@thinktank-transit.ch<\/a><br><a href=\"https:\/\/ch.linkedin.com\/in\/irena-sgier-a09942130\" target=\"_blank\" rel=\"noreferrer noopener\">Se connecter sur LinkedIn<\/a><\/p>\n<\/div>\n<\/div>\n\n\n\n<div class=\"wp-block-columns alignwide is-layout-flex wp-container-core-columns-is-layout-28f84493 wp-block-columns-is-layout-flex\">\n<div class=\"wp-block-column is-layout-flow wp-block-column-is-layout-flow\" style=\"flex-basis:200px\">\n<figure class=\"wp-block-image size-full is-style-no-border\"><img decoding=\"async\" width=\"180\" height=\"184\" src=\"https:\/\/thinktank-transit.ch\/app\/uploads\/sites\/3\/2023\/06\/alexandre-lecoultre.webp\" alt=\"\" class=\"wp-image-437\"\/><\/figure>\n<\/div>\n\n\n\n<div class=\"wp-block-column is-layout-flow wp-block-column-is-layout-flow\">\n<p><strong>Alexandre Lecoultre<\/strong><br>Responsable de projet Romandie<\/p>\n\n\n\n<p><a href=\"mailto:alexandre.lecoultre@alice.ch\">alexandre.lecoultre@alice.ch<\/a><\/p>\n<\/div>\n<\/div>\n","protected":false},"excerpt":{"rendered":"<p>Contact Informations sur le contact Nationale Gesch\u00e4ftsstelle Z\u00fcrich Think Tank TRANSITc\/o SVEBSwiss Federation of Adult LearningHardstrasse 2358005 ZurichT: +41 (0)44 [&hellip;]<\/p>\n","protected":false},"author":1,"featured_media":0,"parent":0,"menu_order":52,"comment_status":"closed","ping_status":"closed","template":"","meta":{"_acf_changed":false,"inline_featured_image":false,"footnotes":""},"class_list":["post-1565","page","type-page","status-publish","hentry"],"acf":[],"yoast_head":"<!-- This site is optimized with the Yoast SEO plugin v27.3 - https:\/\/yoast.com\/product\/yoast-seo-wordpress\/ -->\n<title>Contact - TRANSIT<\/title>\n<meta name=\"description\" content=\"Vous trouverez ici les coordonn\u00e9es des membres de l&#039;\u00e9quipe TRANSIT et l&#039;adresse postale de notre site \u00e0 Zurich.\" \/>\n<meta name=\"robots\" content=\"index, follow, max-snippet:-1, max-image-preview:large, max-video-preview:-1\" \/>\n<link rel=\"canonical\" href=\"https:\/\/thinktank-transit.ch\/fr\/contact-transit\/\" \/>\n<meta property=\"og:locale\" content=\"fr_FR\" \/>\n<meta property=\"og:type\" content=\"article\" \/>\n<meta property=\"og:title\" content=\"Contact - TRANSIT\" \/>\n<meta property=\"og:description\" content=\"Vous trouverez ici les coordonn\u00e9es des membres de l&#039;\u00e9quipe TRANSIT et l&#039;adresse postale de notre site \u00e0 Zurich.\" \/>\n<meta property=\"og:url\" content=\"https:\/\/thinktank-transit.ch\/fr\/contact-transit\/\" \/>\n<meta property=\"og:site_name\" content=\"TRANSIT\" \/>\n<meta property=\"article:modified_time\" content=\"2025-04-11T08:03:22+00:00\" \/>\n<meta property=\"og:image\" content=\"https:\/\/thinktank-transit.ch\/app\/uploads\/sites\/3\/2023\/09\/Helen_Buchs_web-4.jpg\" \/>\n\t<meta property=\"og:image:width\" content=\"180\" \/>\n\t<meta property=\"og:image:height\" content=\"184\" \/>\n\t<meta property=\"og:image:type\" content=\"image\/jpeg\" \/>\n<meta name=\"twitter:card\" content=\"summary_large_image\" \/>\n<script type=\"application\/ld+json\" class=\"yoast-schema-graph\">{\"@context\":\"https:\\\/\\\/schema.org\",\"@graph\":[{\"@type\":\"WebPage\",\"@id\":\"https:\\\/\\\/thinktank-transit.ch\\\/fr\\\/contact-transit\\\/\",\"url\":\"https:\\\/\\\/thinktank-transit.ch\\\/fr\\\/contact-transit\\\/\",\"name\":\"Contact - TRANSIT\",\"isPartOf\":{\"@id\":\"https:\\\/\\\/thinktank-transit.ch\\\/fr\\\/#website\"},\"primaryImageOfPage\":{\"@id\":\"https:\\\/\\\/thinktank-transit.ch\\\/fr\\\/contact-transit\\\/#primaryimage\"},\"image\":{\"@id\":\"https:\\\/\\\/thinktank-transit.ch\\\/fr\\\/contact-transit\\\/#primaryimage\"},\"thumbnailUrl\":\"https:\\\/\\\/thinktank-transit.ch\\\/app\\\/uploads\\\/sites\\\/3\\\/2023\\\/09\\\/Helen_Buchs_web-4.jpg\",\"datePublished\":\"2023-06-05T15:17:35+00:00\",\"dateModified\":\"2025-04-11T08:03:22+00:00\",\"description\":\"Vous trouverez ici les coordonn\u00e9es des membres de l'\u00e9quipe TRANSIT et l'adresse postale de notre site \u00e0 Zurich.\",\"breadcrumb\":{\"@id\":\"https:\\\/\\\/thinktank-transit.ch\\\/fr\\\/contact-transit\\\/#breadcrumb\"},\"inLanguage\":\"fr-FR\",\"potentialAction\":[{\"@type\":\"ReadAction\",\"target\":[\"https:\\\/\\\/thinktank-transit.ch\\\/fr\\\/contact-transit\\\/\"]}]},{\"@type\":\"ImageObject\",\"inLanguage\":\"fr-FR\",\"@id\":\"https:\\\/\\\/thinktank-transit.ch\\\/fr\\\/contact-transit\\\/#primaryimage\",\"url\":\"https:\\\/\\\/thinktank-transit.ch\\\/app\\\/uploads\\\/sites\\\/3\\\/2023\\\/09\\\/Helen_Buchs_web-4.jpg\",\"contentUrl\":\"https:\\\/\\\/thinktank-transit.ch\\\/app\\\/uploads\\\/sites\\\/3\\\/2023\\\/09\\\/Helen_Buchs_web-4.jpg\"},{\"@type\":\"BreadcrumbList\",\"@id\":\"https:\\\/\\\/thinktank-transit.ch\\\/fr\\\/contact-transit\\\/#breadcrumb\",\"itemListElement\":[{\"@type\":\"ListItem\",\"position\":1,\"name\":\"Page d\u2019accueil\",\"item\":\"https:\\\/\\\/thinktank-transit.ch\\\/fr\\\/\"},{\"@type\":\"ListItem\",\"position\":2,\"name\":\"Contact\"}]},{\"@type\":\"WebSite\",\"@id\":\"https:\\\/\\\/thinktank-transit.ch\\\/fr\\\/#website\",\"url\":\"https:\\\/\\\/thinktank-transit.ch\\\/fr\\\/\",\"name\":\"TRANSIT\",\"description\":\"\",\"publisher\":{\"@id\":\"https:\\\/\\\/thinktank-transit.ch\\\/fr\\\/#organization\"},\"alternateName\":\"Thinktank TRANSIT\",\"potentialAction\":[{\"@type\":\"SearchAction\",\"target\":{\"@type\":\"EntryPoint\",\"urlTemplate\":\"https:\\\/\\\/thinktank-transit.ch\\\/fr\\\/?s={search_term_string}\"},\"query-input\":{\"@type\":\"PropertyValueSpecification\",\"valueRequired\":true,\"valueName\":\"search_term_string\"}}],\"inLanguage\":\"fr-FR\"},{\"@type\":\"Organization\",\"@id\":\"https:\\\/\\\/thinktank-transit.ch\\\/fr\\\/#organization\",\"name\":\"Think Tank TRANSIT\",\"alternateName\":\"TRANSIT\",\"url\":\"https:\\\/\\\/thinktank-transit.ch\\\/fr\\\/\",\"logo\":{\"@type\":\"ImageObject\",\"inLanguage\":\"fr-FR\",\"@id\":\"https:\\\/\\\/thinktank-transit.ch\\\/fr\\\/#\\\/schema\\\/logo\\\/image\\\/\",\"url\":\"https:\\\/\\\/thinktank-transit.ch\\\/app\\\/uploads\\\/sites\\\/3\\\/2023\\\/06\\\/transit.svg\",\"contentUrl\":\"https:\\\/\\\/thinktank-transit.ch\\\/app\\\/uploads\\\/sites\\\/3\\\/2023\\\/06\\\/transit.svg\",\"width\":284,\"height\":48,\"caption\":\"Think Tank TRANSIT\"},\"image\":{\"@id\":\"https:\\\/\\\/thinktank-transit.ch\\\/fr\\\/#\\\/schema\\\/logo\\\/image\\\/\"}}]}<\/script>\n<!-- \/ Yoast SEO plugin. -->","yoast_head_json":{"title":"Contact - TRANSIT","description":"Vous trouverez ici les coordonn\u00e9es des membres de l'\u00e9quipe TRANSIT et l'adresse postale de notre site \u00e0 Zurich.","robots":{"index":"index","follow":"follow","max-snippet":"max-snippet:-1","max-image-preview":"max-image-preview:large","max-video-preview":"max-video-preview:-1"},"canonical":"https:\/\/thinktank-transit.ch\/fr\/contact-transit\/","og_locale":"fr_FR","og_type":"article","og_title":"Contact - TRANSIT","og_description":"Vous trouverez ici les coordonn\u00e9es des membres de l'\u00e9quipe TRANSIT et l'adresse postale de notre site \u00e0 Zurich.","og_url":"https:\/\/thinktank-transit.ch\/fr\/contact-transit\/","og_site_name":"TRANSIT","article_modified_time":"2025-04-11T08:03:22+00:00","og_image":[{"width":180,"height":184,"url":"https:\/\/thinktank-transit.ch\/app\/uploads\/sites\/3\/2023\/09\/Helen_Buchs_web-4.jpg","type":"image\/jpeg"}],"twitter_card":"summary_large_image","schema":{"@context":"https:\/\/schema.org","@graph":[{"@type":"WebPage","@id":"https:\/\/thinktank-transit.ch\/fr\/contact-transit\/","url":"https:\/\/thinktank-transit.ch\/fr\/contact-transit\/","name":"Contact - TRANSIT","isPartOf":{"@id":"https:\/\/thinktank-transit.ch\/fr\/#website"},"primaryImageOfPage":{"@id":"https:\/\/thinktank-transit.ch\/fr\/contact-transit\/#primaryimage"},"image":{"@id":"https:\/\/thinktank-transit.ch\/fr\/contact-transit\/#primaryimage"},"thumbnailUrl":"https:\/\/thinktank-transit.ch\/app\/uploads\/sites\/3\/2023\/09\/Helen_Buchs_web-4.jpg","datePublished":"2023-06-05T15:17:35+00:00","dateModified":"2025-04-11T08:03:22+00:00","description":"Vous trouverez ici les coordonn\u00e9es des membres de l'\u00e9quipe TRANSIT et l'adresse postale de notre site \u00e0 Zurich.","breadcrumb":{"@id":"https:\/\/thinktank-transit.ch\/fr\/contact-transit\/#breadcrumb"},"inLanguage":"fr-FR","potentialAction":[{"@type":"ReadAction","target":["https:\/\/thinktank-transit.ch\/fr\/contact-transit\/"]}]},{"@type":"ImageObject","inLanguage":"fr-FR","@id":"https:\/\/thinktank-transit.ch\/fr\/contact-transit\/#primaryimage","url":"https:\/\/thinktank-transit.ch\/app\/uploads\/sites\/3\/2023\/09\/Helen_Buchs_web-4.jpg","contentUrl":"https:\/\/thinktank-transit.ch\/app\/uploads\/sites\/3\/2023\/09\/Helen_Buchs_web-4.jpg"},{"@type":"BreadcrumbList","@id":"https:\/\/thinktank-transit.ch\/fr\/contact-transit\/#breadcrumb","itemListElement":[{"@type":"ListItem","position":1,"name":"Page d\u2019accueil","item":"https:\/\/thinktank-transit.ch\/fr\/"},{"@type":"ListItem","position":2,"name":"Contact"}]},{"@type":"WebSite","@id":"https:\/\/thinktank-transit.ch\/fr\/#website","url":"https:\/\/thinktank-transit.ch\/fr\/","name":"TRANSIT","description":"","publisher":{"@id":"https:\/\/thinktank-transit.ch\/fr\/#organization"},"alternateName":"Thinktank TRANSIT","potentialAction":[{"@type":"SearchAction","target":{"@type":"EntryPoint","urlTemplate":"https:\/\/thinktank-transit.ch\/fr\/?s={search_term_string}"},"query-input":{"@type":"PropertyValueSpecification","valueRequired":true,"valueName":"search_term_string"}}],"inLanguage":"fr-FR"},{"@type":"Organization","@id":"https:\/\/thinktank-transit.ch\/fr\/#organization","name":"Think Tank TRANSIT","alternateName":"TRANSIT","url":"https:\/\/thinktank-transit.ch\/fr\/","logo":{"@type":"ImageObject","inLanguage":"fr-FR","@id":"https:\/\/thinktank-transit.ch\/fr\/#\/schema\/logo\/image\/","url":"https:\/\/thinktank-transit.ch\/app\/uploads\/sites\/3\/2023\/06\/transit.svg","contentUrl":"https:\/\/thinktank-transit.ch\/app\/uploads\/sites\/3\/2023\/06\/transit.svg","width":284,"height":48,"caption":"Think Tank TRANSIT"},"image":{"@id":"https:\/\/thinktank-transit.ch\/fr\/#\/schema\/logo\/image\/"}}]}},"_links":{"self":[{"href":"https:\/\/thinktank-transit.ch\/fr\/wp-json\/wp\/v2\/pages\/1565","targetHints":{"allow":["GET"]}}],"collection":[{"href":"https:\/\/thinktank-transit.ch\/fr\/wp-json\/wp\/v2\/pages"}],"about":[{"href":"https:\/\/thinktank-transit.ch\/fr\/wp-json\/wp\/v2\/types\/page"}],"author":[{"embeddable":true,"href":"https:\/\/thinktank-transit.ch\/fr\/wp-json\/wp\/v2\/users\/1"}],"replies":[{"embeddable":true,"href":"https:\/\/thinktank-transit.ch\/fr\/wp-json\/wp\/v2\/comments?post=1565"}],"version-history":[{"count":5,"href":"https:\/\/thinktank-transit.ch\/fr\/wp-json\/wp\/v2\/pages\/1565\/revisions"}],"predecessor-version":[{"id":3665,"href":"https:\/\/thinktank-transit.ch\/fr\/wp-json\/wp\/v2\/pages\/1565\/revisions\/3665"}],"wp:attachment":[{"href":"https:\/\/thinktank-transit.ch\/fr\/wp-json\/wp\/v2\/media?parent=1565"}],"curies":[{"name":"wp","href":"https:\/\/api.w.org\/{rel}","templated":true}]}}